{"id":203,"date":"2018-10-16T13:14:51","date_gmt":"2018-10-16T10:14:51","guid":{"rendered":"http:\/\/www.hoolekandeteenused.ee\/kodu\/"},"modified":"2020-10-26T11:41:59","modified_gmt":"2020-10-26T09:41:59","slug":"home","status":"publish","type":"page","link":"https:\/\/www.hoolekandeteenused.ee\/en\/home\/","title":{"rendered":"Home"},"content":{"rendered":"\n<p>Our aim is to create opportunities for active lives in\nthe community for people with special psychological needs. We believe that\npeople with such needs are valuable members of society who must be given equal\nopportunities to lead rich, active lives.<\/p>\n\n\n\n<p>AS Hoolekandeteenused, a welfare services company, was\nfounded in 2007. Since 2010 it has been working towards closing large care\nhomes for people with special psychological needs and building smaller, cosier\nhomes with humane living conditions to replace them. Large care homes are being\nclosed all over Estonia for one simple reason \u2013 each and every person has the\nright to live in a home, rather than an institution. Although individuals with\nspecial needs often require help with everyday matters, everyone is the same in\nnature \u2013 we all need a home and the opportunity to spend our days productively.<\/p>\n\n\n\n<p>To date, nine large dormitory-type institutions have\nbeen closed down in Estonia, with three still awaiting closure. More than 1000\npeople have been granted modern living conditions.<\/p>\n\n\n\n<p>In order to help our clients lead active lives, we\nencourage them to take part in community activities. We include the client&#8217;s\nloved ones, friends and colleagues and work with them to create a supportive\nnetwork for the client. We value our clients&#8217; progress and encourage them to\nchallenge themselves. We believe that it is important to support those with\nspecial needs in organising their lives, rather than organising their lives for\nthem.<\/p>\n\n\n\n<p>In addition to special welfare services we offer\nsubstitute homes for children with special needs, secure care institutions, an\naccommodation centre for asylum seekers and a general care service for the\nelderly.<\/p>\n\n\n\n<p>We have units in four regions: Harju, Kesk-L\u00f5una,\nL\u00e4\u00e4ne and Viru. Our V\u00f5isiku and S\u00f5mera homes and Vao centre are located\nseparately.<\/p>\n\n\n\n<p>The foundation Hea Hoog also forms part of our\ncompany. It aims to help individuals with special psychological needs find job\nopportunities, to create jobs, to provide sheltered employment and to sell the\nproducts its clients create.<\/p>\n","protected":false},"excerpt":{"rendered":"<p>Our aim is to create opportunities for active lives in the community for people with special psychological needs. We believe that people with such needs are valuable members of society who must be given equal opportunities to lead rich, active lives. AS Hoolekandeteenused, a welfare services company, was founded in 2007. Since 2010 it has &hellip; <a href=\"https:\/\/www.hoolekandeteenused.ee\/en\/home\/\" class=\"more-link\">Continue reading<span class=\"screen-reader-text\"> &#8220;Home&#8221;<\/span><\/a><\/p>\n","protected":false},"author":1,"featured_media":0,"parent":0,"menu_order":0,"comment_status":"closed","ping_status":"closed","template":"page-home.php","meta":{"_acf_changed":false,"footnotes":""},"class_list":["post-203","page","type-page","status-publish","hentry"],"acf":[],"yoast_head":"<!-- This site is optimized with the Yoast SEO plugin v27.5 - https:\/\/yoast.com\/product\/yoast-seo-wordpress\/ -->\n<title>Home - Hoolekandeteenused<\/title>\n<meta name=\"description\" content=\"We create opportunities for active lives in the community for people with special psychological needs. More than 1800 people living in 58 homes in Estonia.\" \/>\n<meta name=\"robots\" content=\"index, follow, max-snippet:-1, max-image-preview:large, max-video-preview:-1\" \/>\n<link rel=\"canonical\" href=\"https:\/\/www.hoolekandeteenused.ee\/en\/home\/\" \/>\n<meta property=\"og:locale\" content=\"en_US\" \/>\n<meta property=\"og:type\" content=\"article\" \/>\n<meta property=\"og:title\" content=\"Home - Hoolekandeteenused\" \/>\n<meta property=\"og:description\" content=\"We create opportunities for active lives in the community for people with special psychological needs. More than 1800 people living in 58 homes in Estonia.\" \/>\n<meta property=\"og:url\" content=\"https:\/\/www.hoolekandeteenused.ee\/en\/home\/\" \/>\n<meta property=\"og:site_name\" content=\"Hoolekandeteenused\" \/>\n<meta property=\"article:modified_time\" content=\"2020-10-26T09:41:59+00:00\" \/>\n<meta name=\"twitter:card\" content=\"summary_large_image\" \/>\n<meta name=\"twitter:label1\" content=\"Est. reading time\" \/>\n\t<meta name=\"twitter:data1\" content=\"2 minutes\" \/>\n<script type=\"application\/ld+json\" class=\"yoast-schema-graph\">{\"@context\":\"https:\\\/\\\/schema.org\",\"@graph\":[{\"@type\":\"WebPage\",\"@id\":\"https:\\\/\\\/www.hoolekandeteenused.ee\\\/en\\\/home\\\/\",\"url\":\"https:\\\/\\\/www.hoolekandeteenused.ee\\\/en\\\/home\\\/\",\"name\":\"Home - Hoolekandeteenused\",\"isPartOf\":{\"@id\":\"https:\\\/\\\/www.hoolekandeteenused.ee\\\/#website\"},\"datePublished\":\"2018-10-16T10:14:51+00:00\",\"dateModified\":\"2020-10-26T09:41:59+00:00\",\"description\":\"We create opportunities for active lives in the community for people with special psychological needs. More than 1800 people living in 58 homes in Estonia.\",\"breadcrumb\":{\"@id\":\"https:\\\/\\\/www.hoolekandeteenused.ee\\\/en\\\/home\\\/#breadcrumb\"},\"inLanguage\":\"en-US\",\"potentialAction\":[{\"@type\":\"ReadAction\",\"target\":[\"https:\\\/\\\/www.hoolekandeteenused.ee\\\/en\\\/home\\\/\"]}]},{\"@type\":\"BreadcrumbList\",\"@id\":\"https:\\\/\\\/www.hoolekandeteenused.ee\\\/en\\\/home\\\/#breadcrumb\",\"itemListElement\":[{\"@type\":\"ListItem\",\"position\":1,\"name\":\"Home\",\"item\":\"https:\\\/\\\/www.hoolekandeteenused.ee\\\/en\\\/\"},{\"@type\":\"ListItem\",\"position\":2,\"name\":\"Home\"}]},{\"@type\":\"WebSite\",\"@id\":\"https:\\\/\\\/www.hoolekandeteenused.ee\\\/#website\",\"url\":\"https:\\\/\\\/www.hoolekandeteenused.ee\\\/\",\"name\":\"Hoolekandeteenused\",\"description\":\"Hoolekandeteenused veebileht\",\"potentialAction\":[{\"@type\":\"SearchAction\",\"target\":{\"@type\":\"EntryPoint\",\"urlTemplate\":\"https:\\\/\\\/www.hoolekandeteenused.ee\\\/?s={search_term_string}\"},\"query-input\":{\"@type\":\"PropertyValueSpecification\",\"valueRequired\":true,\"valueName\":\"search_term_string\"}}],\"inLanguage\":\"en-US\"}]}<\/script>\n<!-- \/ Yoast SEO plugin. -->","yoast_head_json":{"title":"Home - Hoolekandeteenused","description":"We create opportunities for active lives in the community for people with special psychological needs. More than 1800 people living in 58 homes in Estonia.","robots":{"index":"index","follow":"follow","max-snippet":"max-snippet:-1","max-image-preview":"max-image-preview:large","max-video-preview":"max-video-preview:-1"},"canonical":"https:\/\/www.hoolekandeteenused.ee\/en\/home\/","og_locale":"en_US","og_type":"article","og_title":"Home - Hoolekandeteenused","og_description":"We create opportunities for active lives in the community for people with special psychological needs. More than 1800 people living in 58 homes in Estonia.","og_url":"https:\/\/www.hoolekandeteenused.ee\/en\/home\/","og_site_name":"Hoolekandeteenused","article_modified_time":"2020-10-26T09:41:59+00:00","twitter_card":"summary_large_image","twitter_misc":{"Est. reading time":"2 minutes"},"schema":{"@context":"https:\/\/schema.org","@graph":[{"@type":"WebPage","@id":"https:\/\/www.hoolekandeteenused.ee\/en\/home\/","url":"https:\/\/www.hoolekandeteenused.ee\/en\/home\/","name":"Home - Hoolekandeteenused","isPartOf":{"@id":"https:\/\/www.hoolekandeteenused.ee\/#website"},"datePublished":"2018-10-16T10:14:51+00:00","dateModified":"2020-10-26T09:41:59+00:00","description":"We create opportunities for active lives in the community for people with special psychological needs. More than 1800 people living in 58 homes in Estonia.","breadcrumb":{"@id":"https:\/\/www.hoolekandeteenused.ee\/en\/home\/#breadcrumb"},"inLanguage":"en-US","potentialAction":[{"@type":"ReadAction","target":["https:\/\/www.hoolekandeteenused.ee\/en\/home\/"]}]},{"@type":"BreadcrumbList","@id":"https:\/\/www.hoolekandeteenused.ee\/en\/home\/#breadcrumb","itemListElement":[{"@type":"ListItem","position":1,"name":"Home","item":"https:\/\/www.hoolekandeteenused.ee\/en\/"},{"@type":"ListItem","position":2,"name":"Home"}]},{"@type":"WebSite","@id":"https:\/\/www.hoolekandeteenused.ee\/#website","url":"https:\/\/www.hoolekandeteenused.ee\/","name":"Hoolekandeteenused","description":"Hoolekandeteenused veebileht","potentialAction":[{"@type":"SearchAction","target":{"@type":"EntryPoint","urlTemplate":"https:\/\/www.hoolekandeteenused.ee\/?s={search_term_string}"},"query-input":{"@type":"PropertyValueSpecification","valueRequired":true,"valueName":"search_term_string"}}],"inLanguage":"en-US"}]}},"_links":{"self":[{"href":"https:\/\/www.hoolekandeteenused.ee\/en\/wp-json\/wp\/v2\/pages\/203","targetHints":{"allow":["GET"]}}],"collection":[{"href":"https:\/\/www.hoolekandeteenused.ee\/en\/wp-json\/wp\/v2\/pages"}],"about":[{"href":"https:\/\/www.hoolekandeteenused.ee\/en\/wp-json\/wp\/v2\/types\/page"}],"author":[{"embeddable":true,"href":"https:\/\/www.hoolekandeteenused.ee\/en\/wp-json\/wp\/v2\/users\/1"}],"replies":[{"embeddable":true,"href":"https:\/\/www.hoolekandeteenused.ee\/en\/wp-json\/wp\/v2\/comments?post=203"}],"version-history":[{"count":9,"href":"https:\/\/www.hoolekandeteenused.ee\/en\/wp-json\/wp\/v2\/pages\/203\/revisions"}],"predecessor-version":[{"id":7823,"href":"https:\/\/www.hoolekandeteenused.ee\/en\/wp-json\/wp\/v2\/pages\/203\/revisions\/7823"}],"wp:attachment":[{"href":"https:\/\/www.hoolekandeteenused.ee\/en\/wp-json\/wp\/v2\/media?parent=203"}],"curies":[{"name":"wp","href":"https:\/\/api.w.org\/{rel}","templated":true}]}}