{"id":116,"date":"2018-11-08T13:42:09","date_gmt":"2018-11-08T13:42:09","guid":{"rendered":"http:\/\/www.hoolekandeteenused.ee\/heahoog\/pealeht\/"},"modified":"2023-01-17T10:58:22","modified_gmt":"2023-01-17T10:58:22","slug":"pealeht","status":"publish","type":"page","link":"https:\/\/www.hoolekandeteenused.ee\/heahoog\/pealeht\/?lang=ru","title":{"rendered":"\u0413\u043b\u0430\u0432\u043d\u0430\u044f \u0441\u0442\u0440\u0430\u043d\u0438\u0446\u0430"},"content":{"rendered":"\n<p>Tere tulemast Sihtasutuse Hea Hoog kodulehele!<br> <br>2010. aastal asutatud Sihtasutus Hea Hoog seisab \u00fchtsema \u00fchiskonna eest, luues ja vahendades t\u00f6\u00f6v\u00f5imalusi erivajadusega inimestele. Igal aastal pakub SA Hea Hoog t\u00f6\u00f6d ligi 600 erivajadusega inimesele. <\/p>\n\n\n\n<p><\/p>\n","protected":false},"excerpt":{"rendered":"<p>Tere tulemast Sihtasutuse Hea Hoog kodulehele! 2010. aastal asutatud Sihtasutus Hea Hoog seisab \u00fchtsema \u00fchiskonna eest, luues ja vahendades t\u00f6\u00f6v\u00f5imalusi erivajadusega inimestele. Igal aastal pakub SA Hea Hoog t\u00f6\u00f6d ligi 600 erivajadusega inimesele.<\/p>\n","protected":false},"author":1,"featured_media":0,"parent":0,"menu_order":0,"comment_status":"closed","ping_status":"closed","template":"page-index.php","meta":{"_acf_changed":false,"footnotes":""},"class_list":["post-116","page","type-page","status-publish","hentry"],"acf":[],"yoast_head":"<!-- This site is optimized with the Yoast SEO plugin v27.3 - https:\/\/yoast.com\/product\/yoast-seo-wordpress\/ -->\n<title>\u0413\u043b\u0430\u0432\u043d\u0430\u044f \u0441\u0442\u0440\u0430\u043d\u0438\u0446\u0430 - Hea Hoog<\/title>\n<meta name=\"robots\" content=\"index, follow, max-snippet:-1, max-image-preview:large, max-video-preview:-1\" \/>\n<link rel=\"canonical\" href=\"https:\/\/www.hoolekandeteenused.ee\/heahoog\/?lang=ru\" \/>\n<meta property=\"og:locale\" content=\"et_EE\" \/>\n<meta property=\"og:type\" content=\"article\" \/>\n<meta property=\"og:title\" content=\"\u0413\u043b\u0430\u0432\u043d\u0430\u044f \u0441\u0442\u0440\u0430\u043d\u0438\u0446\u0430 - Hea Hoog\" \/>\n<meta property=\"og:description\" content=\"Tere tulemast Sihtasutuse Hea Hoog kodulehele! 2010. aastal asutatud Sihtasutus Hea Hoog seisab \u00fchtsema \u00fchiskonna eest, luues ja vahendades t\u00f6\u00f6v\u00f5imalusi erivajadusega inimestele. Igal aastal pakub SA Hea Hoog t\u00f6\u00f6d ligi 600 erivajadusega inimesele.\" \/>\n<meta property=\"og:url\" content=\"https:\/\/www.hoolekandeteenused.ee\/heahoog\/?lang=ru\" \/>\n<meta property=\"og:site_name\" content=\"Hea Hoog\" \/>\n<meta property=\"article:modified_time\" content=\"2023-01-17T10:58:22+00:00\" \/>\n<meta name=\"twitter:card\" content=\"summary_large_image\" \/>\n<meta name=\"twitter:label1\" content=\"Est. reading time\" \/>\n\t<meta name=\"twitter:data1\" content=\"1 minut\" \/>\n<script type=\"application\/ld+json\" class=\"yoast-schema-graph\">{\"@context\":\"https:\\\/\\\/schema.org\",\"@graph\":[{\"@type\":\"WebPage\",\"@id\":\"https:\\\/\\\/www.hoolekandeteenused.ee\\\/heahoog\\\/?lang=ru\",\"url\":\"https:\\\/\\\/www.hoolekandeteenused.ee\\\/heahoog\\\/?lang=ru\",\"name\":\"\u0413\u043b\u0430\u0432\u043d\u0430\u044f \u0441\u0442\u0440\u0430\u043d\u0438\u0446\u0430 - Hea Hoog\",\"isPartOf\":{\"@id\":\"https:\\\/\\\/www.hoolekandeteenused.ee\\\/heahoog\\\/#website\"},\"datePublished\":\"2018-11-08T13:42:09+00:00\",\"dateModified\":\"2023-01-17T10:58:22+00:00\",\"breadcrumb\":{\"@id\":\"https:\\\/\\\/www.hoolekandeteenused.ee\\\/heahoog\\\/?lang=ru#breadcrumb\"},\"inLanguage\":\"et\",\"potentialAction\":[{\"@type\":\"ReadAction\",\"target\":[\"https:\\\/\\\/www.hoolekandeteenused.ee\\\/heahoog\\\/?lang=ru\"]}]},{\"@type\":\"BreadcrumbList\",\"@id\":\"https:\\\/\\\/www.hoolekandeteenused.ee\\\/heahoog\\\/?lang=ru#breadcrumb\",\"itemListElement\":[{\"@type\":\"ListItem\",\"position\":1,\"name\":\"Home\",\"item\":\"https:\\\/\\\/www.hoolekandeteenused.ee\\\/heahoog\\\/\"},{\"@type\":\"ListItem\",\"position\":2,\"name\":\"\u0413\u043b\u0430\u0432\u043d\u0430\u044f \u0441\u0442\u0440\u0430\u043d\u0438\u0446\u0430\"}]},{\"@type\":\"WebSite\",\"@id\":\"https:\\\/\\\/www.hoolekandeteenused.ee\\\/heahoog\\\/#website\",\"url\":\"https:\\\/\\\/www.hoolekandeteenused.ee\\\/heahoog\\\/\",\"name\":\"Hea Hoog\",\"description\":\"Just another Hoolekandeteenused site\",\"potentialAction\":[{\"@type\":\"SearchAction\",\"target\":{\"@type\":\"EntryPoint\",\"urlTemplate\":\"https:\\\/\\\/www.hoolekandeteenused.ee\\\/heahoog\\\/?s={search_term_string}\"},\"query-input\":{\"@type\":\"PropertyValueSpecification\",\"valueRequired\":true,\"valueName\":\"search_term_string\"}}],\"inLanguage\":\"et\"}]}<\/script>\n<!-- \/ Yoast SEO plugin. -->","yoast_head_json":{"title":"\u0413\u043b\u0430\u0432\u043d\u0430\u044f \u0441\u0442\u0440\u0430\u043d\u0438\u0446\u0430 - Hea Hoog","robots":{"index":"index","follow":"follow","max-snippet":"max-snippet:-1","max-image-preview":"max-image-preview:large","max-video-preview":"max-video-preview:-1"},"canonical":"https:\/\/www.hoolekandeteenused.ee\/heahoog\/?lang=ru","og_locale":"et_EE","og_type":"article","og_title":"\u0413\u043b\u0430\u0432\u043d\u0430\u044f \u0441\u0442\u0440\u0430\u043d\u0438\u0446\u0430 - Hea Hoog","og_description":"Tere tulemast Sihtasutuse Hea Hoog kodulehele! 2010. aastal asutatud Sihtasutus Hea Hoog seisab \u00fchtsema \u00fchiskonna eest, luues ja vahendades t\u00f6\u00f6v\u00f5imalusi erivajadusega inimestele. Igal aastal pakub SA Hea Hoog t\u00f6\u00f6d ligi 600 erivajadusega inimesele.","og_url":"https:\/\/www.hoolekandeteenused.ee\/heahoog\/?lang=ru","og_site_name":"Hea Hoog","article_modified_time":"2023-01-17T10:58:22+00:00","twitter_card":"summary_large_image","twitter_misc":{"Est. reading time":"1 minut"},"schema":{"@context":"https:\/\/schema.org","@graph":[{"@type":"WebPage","@id":"https:\/\/www.hoolekandeteenused.ee\/heahoog\/?lang=ru","url":"https:\/\/www.hoolekandeteenused.ee\/heahoog\/?lang=ru","name":"\u0413\u043b\u0430\u0432\u043d\u0430\u044f \u0441\u0442\u0440\u0430\u043d\u0438\u0446\u0430 - Hea Hoog","isPartOf":{"@id":"https:\/\/www.hoolekandeteenused.ee\/heahoog\/#website"},"datePublished":"2018-11-08T13:42:09+00:00","dateModified":"2023-01-17T10:58:22+00:00","breadcrumb":{"@id":"https:\/\/www.hoolekandeteenused.ee\/heahoog\/?lang=ru#breadcrumb"},"inLanguage":"et","potentialAction":[{"@type":"ReadAction","target":["https:\/\/www.hoolekandeteenused.ee\/heahoog\/?lang=ru"]}]},{"@type":"BreadcrumbList","@id":"https:\/\/www.hoolekandeteenused.ee\/heahoog\/?lang=ru#breadcrumb","itemListElement":[{"@type":"ListItem","position":1,"name":"Home","item":"https:\/\/www.hoolekandeteenused.ee\/heahoog\/"},{"@type":"ListItem","position":2,"name":"\u0413\u043b\u0430\u0432\u043d\u0430\u044f \u0441\u0442\u0440\u0430\u043d\u0438\u0446\u0430"}]},{"@type":"WebSite","@id":"https:\/\/www.hoolekandeteenused.ee\/heahoog\/#website","url":"https:\/\/www.hoolekandeteenused.ee\/heahoog\/","name":"Hea Hoog","description":"Just another Hoolekandeteenused site","potentialAction":[{"@type":"SearchAction","target":{"@type":"EntryPoint","urlTemplate":"https:\/\/www.hoolekandeteenused.ee\/heahoog\/?s={search_term_string}"},"query-input":{"@type":"PropertyValueSpecification","valueRequired":true,"valueName":"search_term_string"}}],"inLanguage":"et"}]}},"_links":{"self":[{"href":"https:\/\/www.hoolekandeteenused.ee\/heahoog\/wp-json\/wp\/v2\/pages\/116","targetHints":{"allow":["GET"]}}],"collection":[{"href":"https:\/\/www.hoolekandeteenused.ee\/heahoog\/wp-json\/wp\/v2\/pages"}],"about":[{"href":"https:\/\/www.hoolekandeteenused.ee\/heahoog\/wp-json\/wp\/v2\/types\/page"}],"author":[{"embeddable":true,"href":"https:\/\/www.hoolekandeteenused.ee\/heahoog\/wp-json\/wp\/v2\/users\/1"}],"replies":[{"embeddable":true,"href":"https:\/\/www.hoolekandeteenused.ee\/heahoog\/wp-json\/wp\/v2\/comments?post=116"}],"version-history":[{"count":18,"href":"https:\/\/www.hoolekandeteenused.ee\/heahoog\/wp-json\/wp\/v2\/pages\/116\/revisions"}],"predecessor-version":[{"id":1499,"href":"https:\/\/www.hoolekandeteenused.ee\/heahoog\/wp-json\/wp\/v2\/pages\/116\/revisions\/1499"}],"wp:attachment":[{"href":"https:\/\/www.hoolekandeteenused.ee\/heahoog\/wp-json\/wp\/v2\/media?parent=116"}],"curies":[{"name":"wp","href":"https:\/\/api.w.org\/{rel}","templated":true}]}}