{"id":118,"date":"2018-11-08T14:35:03","date_gmt":"2018-11-08T14:35:03","guid":{"rendered":"http:\/\/www.hoolekandeteenused.ee\/heahoog\/?page_id=118"},"modified":"2025-04-29T18:30:22","modified_gmt":"2025-04-29T18:30:22","slug":"ajalugu","status":"publish","type":"page","link":"https:\/\/www.hoolekandeteenused.ee\/heahoog\/meist\/ajalugu\/","title":{"rendered":"Ajalugu"},"content":{"rendered":"<p>AS Hoolekandeteenused on l\u00e4bi aastate n\u00e4inud aktiivsema elu positiivseid tagaj\u00e4rgi erivajadusega inimeste elukvaliteedile ja tervisele ning on tegutsenud t\u00f6iste v\u00e4ljundite otsimisega. Mitmete positiivsete kogemuste tulemusel veenduti t\u00f6\u00f6h\u00f5ive arendamise vajaduses ning otsustati asutada ettev\u00f5te, mis tegutsekski hooldekodudes elavatele erivajadusega inimestele t\u00f6\u00f6v\u00f5imaluste loomisega.<\/p>\n<p>Nii <strong>asutati 2010. aasta aprillis SA Hea Hoog<\/strong>. Meie \u00fclesandeks ongi luua ja leida v\u00f5imetekohased ja tasuvad t\u00f6\u00f6d erivajadustega inimestele. Olulisim uuendus, mida hakkasime ellu viima, oli t\u00f6ise tegevuse elamispinnalt \u00e4ra viimine. L\u00f5ime mitmeid t\u00f6\u00f6keskusi \u00fcle Eesti. Eesm\u00e4rgiks oli p\u00e4ris t\u00f6\u00f6 tunde tekitamine \u2013 kodust on vaja lahkuda, riidesse panna ja t\u00f6\u00f6le minna. M\u00f5ned t\u00f6\u00f6keskused asusid esialgu \u00fcle hoovi 50m kaugusel, teised kaugemal, kuid sellele vaatamata oli n\u00e4ha kuidas muutus suhtumine t\u00f6\u00f6sse. Alustasime 67 erivajadusega inimese t\u00f6ise juhendamisega. T\u00e4naseks on neid aasta jooksul ligi 700.<\/p>\n<p>Aastate jooksul oleme loonud mitmeid t\u00f6\u00f6keskusi \u00fcle Eesti ning leidnud mitmeid tunnustatud koost\u00f6\u00f6partnereid, kellega koos pakkuda sobivaid t\u00f6\u00f6v\u00f5imalusi v\u00e4ga erinevate v\u00f5imete ja huvidega inimestele. Osutame Sotsiaalkindlustusameti poolt pakutavat t\u00f6\u00f6tamise toetamise teenust.\u00a0<\/p>\n\n\n<p><\/p>\n","protected":false},"excerpt":{"rendered":"<p>AS Hoolekandeteenused on l\u00e4bi aastate n\u00e4inud aktiivsema elu positiivseid tagaj\u00e4rgi erivajadusega inimeste elukvaliteedile ja tervisele ning on tegutsenud t\u00f6iste v\u00e4ljundite otsimisega. Mitmete positiivsete kogemuste tulemusel veenduti t\u00f6\u00f6h\u00f5ive arendamise vajaduses ning otsustati asutada ettev\u00f5te, mis tegutsekski hooldekodudes elavatele erivajadusega inimestele t\u00f6\u00f6v\u00f5imaluste loomisega. Nii asutati 2010. aasta aprillis SA Hea Hoog. Meie \u00fclesandeks ongi luua ja leida &hellip; <a href=\"https:\/\/www.hoolekandeteenused.ee\/heahoog\/meist\/ajalugu\/\" class=\"more-link\">Loe edasi<span class=\"screen-reader-text\"> &#8220;Ajalugu&#8221;<\/span><\/a><\/p>\n","protected":false},"author":1,"featured_media":0,"parent":99,"menu_order":0,"comment_status":"closed","ping_status":"closed","template":"textpage.php","meta":{"_acf_changed":false,"footnotes":""},"class_list":["post-118","page","type-page","status-publish","hentry"],"acf":[],"yoast_head":"<!-- This site is optimized with the Yoast SEO plugin v27.3 - https:\/\/yoast.com\/product\/yoast-seo-wordpress\/ -->\n<title>Ajalugu - Hea Hoog<\/title>\n<meta name=\"robots\" content=\"index, follow, max-snippet:-1, max-image-preview:large, max-video-preview:-1\" \/>\n<link rel=\"canonical\" href=\"https:\/\/www.hoolekandeteenused.ee\/heahoog\/meist\/ajalugu\/\" \/>\n<meta property=\"og:locale\" content=\"et_EE\" \/>\n<meta property=\"og:type\" content=\"article\" \/>\n<meta property=\"og:title\" content=\"Ajalugu - Hea Hoog\" \/>\n<meta property=\"og:description\" content=\"AS Hoolekandeteenused on l\u00e4bi aastate n\u00e4inud aktiivsema elu positiivseid tagaj\u00e4rgi erivajadusega inimeste elukvaliteedile ja tervisele ning on tegutsenud t\u00f6iste v\u00e4ljundite otsimisega. Mitmete positiivsete kogemuste tulemusel veenduti t\u00f6\u00f6h\u00f5ive arendamise vajaduses ning otsustati asutada ettev\u00f5te, mis tegutsekski hooldekodudes elavatele erivajadusega inimestele t\u00f6\u00f6v\u00f5imaluste loomisega. Nii asutati 2010. aasta aprillis SA Hea Hoog. Meie \u00fclesandeks ongi luua ja leida &hellip; Loe edasi &quot;Ajalugu&quot;\" \/>\n<meta property=\"og:url\" content=\"https:\/\/www.hoolekandeteenused.ee\/heahoog\/meist\/ajalugu\/\" \/>\n<meta property=\"og:site_name\" content=\"Hea Hoog\" \/>\n<meta property=\"article:modified_time\" content=\"2025-04-29T18:30:22+00:00\" \/>\n<meta name=\"twitter:card\" content=\"summary_large_image\" \/>\n<meta name=\"twitter:label1\" content=\"Est. reading time\" \/>\n\t<meta name=\"twitter:data1\" content=\"1 minut\" \/>\n<script type=\"application\/ld+json\" class=\"yoast-schema-graph\">{\"@context\":\"https:\\\/\\\/schema.org\",\"@graph\":[{\"@type\":\"WebPage\",\"@id\":\"https:\\\/\\\/www.hoolekandeteenused.ee\\\/heahoog\\\/meist\\\/ajalugu\\\/\",\"url\":\"https:\\\/\\\/www.hoolekandeteenused.ee\\\/heahoog\\\/meist\\\/ajalugu\\\/\",\"name\":\"Ajalugu - Hea Hoog\",\"isPartOf\":{\"@id\":\"https:\\\/\\\/www.hoolekandeteenused.ee\\\/heahoog\\\/#website\"},\"datePublished\":\"2018-11-08T14:35:03+00:00\",\"dateModified\":\"2025-04-29T18:30:22+00:00\",\"breadcrumb\":{\"@id\":\"https:\\\/\\\/www.hoolekandeteenused.ee\\\/heahoog\\\/meist\\\/ajalugu\\\/#breadcrumb\"},\"inLanguage\":\"et\",\"potentialAction\":[{\"@type\":\"ReadAction\",\"target\":[\"https:\\\/\\\/www.hoolekandeteenused.ee\\\/heahoog\\\/meist\\\/ajalugu\\\/\"]}]},{\"@type\":\"BreadcrumbList\",\"@id\":\"https:\\\/\\\/www.hoolekandeteenused.ee\\\/heahoog\\\/meist\\\/ajalugu\\\/#breadcrumb\",\"itemListElement\":[{\"@type\":\"ListItem\",\"position\":1,\"name\":\"Home\",\"item\":\"https:\\\/\\\/www.hoolekandeteenused.ee\\\/heahoog\\\/\"},{\"@type\":\"ListItem\",\"position\":2,\"name\":\"Meist\",\"item\":\"https:\\\/\\\/www.hoolekandeteenused.ee\\\/heahoog\\\/meist\\\/\"},{\"@type\":\"ListItem\",\"position\":3,\"name\":\"Ajalugu\"}]},{\"@type\":\"WebSite\",\"@id\":\"https:\\\/\\\/www.hoolekandeteenused.ee\\\/heahoog\\\/#website\",\"url\":\"https:\\\/\\\/www.hoolekandeteenused.ee\\\/heahoog\\\/\",\"name\":\"Hea Hoog\",\"description\":\"Just another Hoolekandeteenused site\",\"potentialAction\":[{\"@type\":\"SearchAction\",\"target\":{\"@type\":\"EntryPoint\",\"urlTemplate\":\"https:\\\/\\\/www.hoolekandeteenused.ee\\\/heahoog\\\/?s={search_term_string}\"},\"query-input\":{\"@type\":\"PropertyValueSpecification\",\"valueRequired\":true,\"valueName\":\"search_term_string\"}}],\"inLanguage\":\"et\"}]}<\/script>\n<!-- \/ Yoast SEO plugin. -->","yoast_head_json":{"title":"Ajalugu - Hea Hoog","robots":{"index":"index","follow":"follow","max-snippet":"max-snippet:-1","max-image-preview":"max-image-preview:large","max-video-preview":"max-video-preview:-1"},"canonical":"https:\/\/www.hoolekandeteenused.ee\/heahoog\/meist\/ajalugu\/","og_locale":"et_EE","og_type":"article","og_title":"Ajalugu - Hea Hoog","og_description":"AS Hoolekandeteenused on l\u00e4bi aastate n\u00e4inud aktiivsema elu positiivseid tagaj\u00e4rgi erivajadusega inimeste elukvaliteedile ja tervisele ning on tegutsenud t\u00f6iste v\u00e4ljundite otsimisega. Mitmete positiivsete kogemuste tulemusel veenduti t\u00f6\u00f6h\u00f5ive arendamise vajaduses ning otsustati asutada ettev\u00f5te, mis tegutsekski hooldekodudes elavatele erivajadusega inimestele t\u00f6\u00f6v\u00f5imaluste loomisega. Nii asutati 2010. aasta aprillis SA Hea Hoog. Meie \u00fclesandeks ongi luua ja leida &hellip; Loe edasi \"Ajalugu\"","og_url":"https:\/\/www.hoolekandeteenused.ee\/heahoog\/meist\/ajalugu\/","og_site_name":"Hea Hoog","article_modified_time":"2025-04-29T18:30:22+00:00","twitter_card":"summary_large_image","twitter_misc":{"Est. reading time":"1 minut"},"schema":{"@context":"https:\/\/schema.org","@graph":[{"@type":"WebPage","@id":"https:\/\/www.hoolekandeteenused.ee\/heahoog\/meist\/ajalugu\/","url":"https:\/\/www.hoolekandeteenused.ee\/heahoog\/meist\/ajalugu\/","name":"Ajalugu - Hea Hoog","isPartOf":{"@id":"https:\/\/www.hoolekandeteenused.ee\/heahoog\/#website"},"datePublished":"2018-11-08T14:35:03+00:00","dateModified":"2025-04-29T18:30:22+00:00","breadcrumb":{"@id":"https:\/\/www.hoolekandeteenused.ee\/heahoog\/meist\/ajalugu\/#breadcrumb"},"inLanguage":"et","potentialAction":[{"@type":"ReadAction","target":["https:\/\/www.hoolekandeteenused.ee\/heahoog\/meist\/ajalugu\/"]}]},{"@type":"BreadcrumbList","@id":"https:\/\/www.hoolekandeteenused.ee\/heahoog\/meist\/ajalugu\/#breadcrumb","itemListElement":[{"@type":"ListItem","position":1,"name":"Home","item":"https:\/\/www.hoolekandeteenused.ee\/heahoog\/"},{"@type":"ListItem","position":2,"name":"Meist","item":"https:\/\/www.hoolekandeteenused.ee\/heahoog\/meist\/"},{"@type":"ListItem","position":3,"name":"Ajalugu"}]},{"@type":"WebSite","@id":"https:\/\/www.hoolekandeteenused.ee\/heahoog\/#website","url":"https:\/\/www.hoolekandeteenused.ee\/heahoog\/","name":"Hea Hoog","description":"Just another Hoolekandeteenused site","potentialAction":[{"@type":"SearchAction","target":{"@type":"EntryPoint","urlTemplate":"https:\/\/www.hoolekandeteenused.ee\/heahoog\/?s={search_term_string}"},"query-input":{"@type":"PropertyValueSpecification","valueRequired":true,"valueName":"search_term_string"}}],"inLanguage":"et"}]}},"_links":{"self":[{"href":"https:\/\/www.hoolekandeteenused.ee\/heahoog\/wp-json\/wp\/v2\/pages\/118","targetHints":{"allow":["GET"]}}],"collection":[{"href":"https:\/\/www.hoolekandeteenused.ee\/heahoog\/wp-json\/wp\/v2\/pages"}],"about":[{"href":"https:\/\/www.hoolekandeteenused.ee\/heahoog\/wp-json\/wp\/v2\/types\/page"}],"author":[{"embeddable":true,"href":"https:\/\/www.hoolekandeteenused.ee\/heahoog\/wp-json\/wp\/v2\/users\/1"}],"replies":[{"embeddable":true,"href":"https:\/\/www.hoolekandeteenused.ee\/heahoog\/wp-json\/wp\/v2\/comments?post=118"}],"version-history":[{"count":4,"href":"https:\/\/www.hoolekandeteenused.ee\/heahoog\/wp-json\/wp\/v2\/pages\/118\/revisions"}],"predecessor-version":[{"id":1874,"href":"https:\/\/www.hoolekandeteenused.ee\/heahoog\/wp-json\/wp\/v2\/pages\/118\/revisions\/1874"}],"up":[{"embeddable":true,"href":"https:\/\/www.hoolekandeteenused.ee\/heahoog\/wp-json\/wp\/v2\/pages\/99"}],"wp:attachment":[{"href":"https:\/\/www.hoolekandeteenused.ee\/heahoog\/wp-json\/wp\/v2\/media?parent=118"}],"curies":[{"name":"wp","href":"https:\/\/api.w.org\/{rel}","templated":true}]}}