{"id":121,"date":"2018-11-08T14:36:20","date_gmt":"2018-11-08T14:36:20","guid":{"rendered":"http:\/\/www.hoolekandeteenused.ee\/heahoog\/?page_id=121"},"modified":"2019-05-07T06:08:33","modified_gmt":"2019-05-07T06:08:33","slug":"missioon","status":"publish","type":"page","link":"https:\/\/www.hoolekandeteenused.ee\/heahoog\/meist\/missioon\/","title":{"rendered":"Missioon ja visioon"},"content":{"rendered":"\n<h2 class=\"wp-block-heading\">Missioon<\/h2>\n\n\n<p>Seisame tugeva \u00fchiskonna eest, luues t\u00f6\u00f6v\u00f5imalusi erivajadusega inimestele.<\/p>\n<p>V\u00f5rdsete v\u00f5imalustega \u00fchiskonna \u00fcks tunnuseid on v\u00f5rdsed t\u00f6\u00f6v\u00f5imalused east, soost, rahvusest, erivajadusest ja ka teistest tunnustest s\u00f5ltumata. Erivajadusega kolleegid v\u00f5i t\u00f6\u00f6tajad on aktsepteeritud ja isegi tervitatavad.<\/p>\n<p>\u00a0<\/p>\n\n\n<h2 class=\"wp-block-heading\">Visioon<\/h2>\n\n\n\n<p>\n\nErivajadusega inimesed ei ole t\u00f6\u00f6turul enam \u00fcllatus vaid tervitatav normaalsus. Erivajadusega inimestel on v\u00f5imalik leida v\u00f5imetekohaseid tasuvaid t\u00f6\u00f6kohti. Selle tulemusena paraneb ka nende tervis ja elukorraldus.\n\n<\/p>\n","protected":false},"excerpt":{"rendered":"<p>Missioon Seisame tugeva \u00fchiskonna eest, luues t\u00f6\u00f6v\u00f5imalusi erivajadusega inimestele. V\u00f5rdsete v\u00f5imalustega \u00fchiskonna \u00fcks tunnuseid on v\u00f5rdsed t\u00f6\u00f6v\u00f5imalused east, soost, rahvusest, erivajadusest ja ka teistest tunnustest s\u00f5ltumata. Erivajadusega kolleegid v\u00f5i t\u00f6\u00f6tajad on aktsepteeritud ja isegi tervitatavad. \u00a0 Visioon Erivajadusega inimesed ei ole t\u00f6\u00f6turul enam \u00fcllatus vaid tervitatav normaalsus. Erivajadusega inimestel on v\u00f5imalik leida v\u00f5imetekohaseid tasuvaid t\u00f6\u00f6kohti. &hellip; <a href=\"https:\/\/www.hoolekandeteenused.ee\/heahoog\/meist\/missioon\/\" class=\"more-link\">Loe edasi<span class=\"screen-reader-text\"> &#8220;Missioon ja visioon&#8221;<\/span><\/a><\/p>\n","protected":false},"author":8,"featured_media":0,"parent":99,"menu_order":0,"comment_status":"closed","ping_status":"closed","template":"textpage.php","meta":{"_acf_changed":false,"footnotes":""},"class_list":["post-121","page","type-page","status-publish","hentry"],"acf":[],"yoast_head":"<!-- This site is optimized with the Yoast SEO plugin v27.3 - https:\/\/yoast.com\/product\/yoast-seo-wordpress\/ -->\n<title>Missioon ja visioon - Hea Hoog<\/title>\n<meta name=\"robots\" content=\"index, follow, max-snippet:-1, max-image-preview:large, max-video-preview:-1\" \/>\n<link rel=\"canonical\" href=\"https:\/\/www.hoolekandeteenused.ee\/heahoog\/meist\/missioon\/\" \/>\n<meta property=\"og:locale\" content=\"et_EE\" \/>\n<meta property=\"og:type\" content=\"article\" \/>\n<meta property=\"og:title\" content=\"Missioon ja visioon - Hea Hoog\" \/>\n<meta property=\"og:description\" content=\"Missioon Seisame tugeva \u00fchiskonna eest, luues t\u00f6\u00f6v\u00f5imalusi erivajadusega inimestele. V\u00f5rdsete v\u00f5imalustega \u00fchiskonna \u00fcks tunnuseid on v\u00f5rdsed t\u00f6\u00f6v\u00f5imalused east, soost, rahvusest, erivajadusest ja ka teistest tunnustest s\u00f5ltumata. Erivajadusega kolleegid v\u00f5i t\u00f6\u00f6tajad on aktsepteeritud ja isegi tervitatavad. \u00a0 Visioon Erivajadusega inimesed ei ole t\u00f6\u00f6turul enam \u00fcllatus vaid tervitatav normaalsus. Erivajadusega inimestel on v\u00f5imalik leida v\u00f5imetekohaseid tasuvaid t\u00f6\u00f6kohti. &hellip; Loe edasi &quot;Missioon ja visioon&quot;\" \/>\n<meta property=\"og:url\" content=\"https:\/\/www.hoolekandeteenused.ee\/heahoog\/meist\/missioon\/\" \/>\n<meta property=\"og:site_name\" content=\"Hea Hoog\" \/>\n<meta property=\"article:modified_time\" content=\"2019-05-07T06:08:33+00:00\" \/>\n<meta name=\"twitter:card\" content=\"summary_large_image\" \/>\n<script type=\"application\/ld+json\" class=\"yoast-schema-graph\">{\"@context\":\"https:\\\/\\\/schema.org\",\"@graph\":[{\"@type\":\"WebPage\",\"@id\":\"https:\\\/\\\/www.hoolekandeteenused.ee\\\/heahoog\\\/meist\\\/missioon\\\/\",\"url\":\"https:\\\/\\\/www.hoolekandeteenused.ee\\\/heahoog\\\/meist\\\/missioon\\\/\",\"name\":\"Missioon ja visioon - Hea Hoog\",\"isPartOf\":{\"@id\":\"https:\\\/\\\/www.hoolekandeteenused.ee\\\/heahoog\\\/#website\"},\"datePublished\":\"2018-11-08T14:36:20+00:00\",\"dateModified\":\"2019-05-07T06:08:33+00:00\",\"breadcrumb\":{\"@id\":\"https:\\\/\\\/www.hoolekandeteenused.ee\\\/heahoog\\\/meist\\\/missioon\\\/#breadcrumb\"},\"inLanguage\":\"et\",\"potentialAction\":[{\"@type\":\"ReadAction\",\"target\":[\"https:\\\/\\\/www.hoolekandeteenused.ee\\\/heahoog\\\/meist\\\/missioon\\\/\"]}]},{\"@type\":\"BreadcrumbList\",\"@id\":\"https:\\\/\\\/www.hoolekandeteenused.ee\\\/heahoog\\\/meist\\\/missioon\\\/#breadcrumb\",\"itemListElement\":[{\"@type\":\"ListItem\",\"position\":1,\"name\":\"Home\",\"item\":\"https:\\\/\\\/www.hoolekandeteenused.ee\\\/heahoog\\\/\"},{\"@type\":\"ListItem\",\"position\":2,\"name\":\"Meist\",\"item\":\"https:\\\/\\\/www.hoolekandeteenused.ee\\\/heahoog\\\/meist\\\/\"},{\"@type\":\"ListItem\",\"position\":3,\"name\":\"Missioon ja visioon\"}]},{\"@type\":\"WebSite\",\"@id\":\"https:\\\/\\\/www.hoolekandeteenused.ee\\\/heahoog\\\/#website\",\"url\":\"https:\\\/\\\/www.hoolekandeteenused.ee\\\/heahoog\\\/\",\"name\":\"Hea Hoog\",\"description\":\"Just another Hoolekandeteenused site\",\"potentialAction\":[{\"@type\":\"SearchAction\",\"target\":{\"@type\":\"EntryPoint\",\"urlTemplate\":\"https:\\\/\\\/www.hoolekandeteenused.ee\\\/heahoog\\\/?s={search_term_string}\"},\"query-input\":{\"@type\":\"PropertyValueSpecification\",\"valueRequired\":true,\"valueName\":\"search_term_string\"}}],\"inLanguage\":\"et\"}]}<\/script>\n<!-- \/ Yoast SEO plugin. -->","yoast_head_json":{"title":"Missioon ja visioon - Hea Hoog","robots":{"index":"index","follow":"follow","max-snippet":"max-snippet:-1","max-image-preview":"max-image-preview:large","max-video-preview":"max-video-preview:-1"},"canonical":"https:\/\/www.hoolekandeteenused.ee\/heahoog\/meist\/missioon\/","og_locale":"et_EE","og_type":"article","og_title":"Missioon ja visioon - Hea Hoog","og_description":"Missioon Seisame tugeva \u00fchiskonna eest, luues t\u00f6\u00f6v\u00f5imalusi erivajadusega inimestele. V\u00f5rdsete v\u00f5imalustega \u00fchiskonna \u00fcks tunnuseid on v\u00f5rdsed t\u00f6\u00f6v\u00f5imalused east, soost, rahvusest, erivajadusest ja ka teistest tunnustest s\u00f5ltumata. Erivajadusega kolleegid v\u00f5i t\u00f6\u00f6tajad on aktsepteeritud ja isegi tervitatavad. \u00a0 Visioon Erivajadusega inimesed ei ole t\u00f6\u00f6turul enam \u00fcllatus vaid tervitatav normaalsus. Erivajadusega inimestel on v\u00f5imalik leida v\u00f5imetekohaseid tasuvaid t\u00f6\u00f6kohti. &hellip; Loe edasi \"Missioon ja visioon\"","og_url":"https:\/\/www.hoolekandeteenused.ee\/heahoog\/meist\/missioon\/","og_site_name":"Hea Hoog","article_modified_time":"2019-05-07T06:08:33+00:00","twitter_card":"summary_large_image","schema":{"@context":"https:\/\/schema.org","@graph":[{"@type":"WebPage","@id":"https:\/\/www.hoolekandeteenused.ee\/heahoog\/meist\/missioon\/","url":"https:\/\/www.hoolekandeteenused.ee\/heahoog\/meist\/missioon\/","name":"Missioon ja visioon - Hea Hoog","isPartOf":{"@id":"https:\/\/www.hoolekandeteenused.ee\/heahoog\/#website"},"datePublished":"2018-11-08T14:36:20+00:00","dateModified":"2019-05-07T06:08:33+00:00","breadcrumb":{"@id":"https:\/\/www.hoolekandeteenused.ee\/heahoog\/meist\/missioon\/#breadcrumb"},"inLanguage":"et","potentialAction":[{"@type":"ReadAction","target":["https:\/\/www.hoolekandeteenused.ee\/heahoog\/meist\/missioon\/"]}]},{"@type":"BreadcrumbList","@id":"https:\/\/www.hoolekandeteenused.ee\/heahoog\/meist\/missioon\/#breadcrumb","itemListElement":[{"@type":"ListItem","position":1,"name":"Home","item":"https:\/\/www.hoolekandeteenused.ee\/heahoog\/"},{"@type":"ListItem","position":2,"name":"Meist","item":"https:\/\/www.hoolekandeteenused.ee\/heahoog\/meist\/"},{"@type":"ListItem","position":3,"name":"Missioon ja visioon"}]},{"@type":"WebSite","@id":"https:\/\/www.hoolekandeteenused.ee\/heahoog\/#website","url":"https:\/\/www.hoolekandeteenused.ee\/heahoog\/","name":"Hea Hoog","description":"Just another Hoolekandeteenused site","potentialAction":[{"@type":"SearchAction","target":{"@type":"EntryPoint","urlTemplate":"https:\/\/www.hoolekandeteenused.ee\/heahoog\/?s={search_term_string}"},"query-input":{"@type":"PropertyValueSpecification","valueRequired":true,"valueName":"search_term_string"}}],"inLanguage":"et"}]}},"_links":{"self":[{"href":"https:\/\/www.hoolekandeteenused.ee\/heahoog\/wp-json\/wp\/v2\/pages\/121","targetHints":{"allow":["GET"]}}],"collection":[{"href":"https:\/\/www.hoolekandeteenused.ee\/heahoog\/wp-json\/wp\/v2\/pages"}],"about":[{"href":"https:\/\/www.hoolekandeteenused.ee\/heahoog\/wp-json\/wp\/v2\/types\/page"}],"author":[{"embeddable":true,"href":"https:\/\/www.hoolekandeteenused.ee\/heahoog\/wp-json\/wp\/v2\/users\/8"}],"replies":[{"embeddable":true,"href":"https:\/\/www.hoolekandeteenused.ee\/heahoog\/wp-json\/wp\/v2\/comments?post=121"}],"version-history":[{"count":14,"href":"https:\/\/www.hoolekandeteenused.ee\/heahoog\/wp-json\/wp\/v2\/pages\/121\/revisions"}],"predecessor-version":[{"id":476,"href":"https:\/\/www.hoolekandeteenused.ee\/heahoog\/wp-json\/wp\/v2\/pages\/121\/revisions\/476"}],"up":[{"embeddable":true,"href":"https:\/\/www.hoolekandeteenused.ee\/heahoog\/wp-json\/wp\/v2\/pages\/99"}],"wp:attachment":[{"href":"https:\/\/www.hoolekandeteenused.ee\/heahoog\/wp-json\/wp\/v2\/media?parent=121"}],"curies":[{"name":"wp","href":"https:\/\/api.w.org\/{rel}","templated":true}]}}