{"id":1386,"date":"2022-01-24T09:43:17","date_gmt":"2022-01-24T09:43:17","guid":{"rendered":"https:\/\/www.hoolekandeteenused.ee\/heahoog\/?page_id=1386"},"modified":"2025-08-15T08:14:00","modified_gmt":"2025-08-15T08:14:00","slug":"isikukeskse-erihoolekande-teenusmudeli-rakendamine","status":"publish","type":"page","link":"https:\/\/www.hoolekandeteenused.ee\/heahoog\/isikukeskse-erihoolekande-teenusmudeli-rakendamine\/","title":{"rendered":"Isikukeskse erihoolekande teenusmudeli rakendamine"},"content":{"rendered":"\n<figure class=\"wp-block-image size-full is-resized\"><img loading=\"lazy\" decoding=\"async\" width=\"1022\" height=\"594\" src=\"https:\/\/www.hoolekandeteenused.ee\/heahoog\/wp-content\/uploads\/sites\/2\/2023\/02\/Kaasrahastanud_EL_kaksiklogod_EST_hor_color_RGB.jpg\" alt=\"Kaasrahastanud Euroopa Liit, Eesti tuleviku heaks\" class=\"wp-image-1587\" style=\"width:485px;height:282px\" srcset=\"https:\/\/www.hoolekandeteenused.ee\/heahoog\/wp-content\/uploads\/sites\/2\/2023\/02\/Kaasrahastanud_EL_kaksiklogod_EST_hor_color_RGB.jpg 1022w, https:\/\/www.hoolekandeteenused.ee\/heahoog\/wp-content\/uploads\/sites\/2\/2023\/02\/Kaasrahastanud_EL_kaksiklogod_EST_hor_color_RGB-300x174.jpg 300w, https:\/\/www.hoolekandeteenused.ee\/heahoog\/wp-content\/uploads\/sites\/2\/2023\/02\/Kaasrahastanud_EL_kaksiklogod_EST_hor_color_RGB-768x446.jpg 768w\" sizes=\"auto, (max-width: 1022px) 100vw, 1022px\"><\/figure>\n\n\n\n<p><mark style=\"background-color:rgba(0, 0, 0, 0)\" class=\"has-inline-color has-white-color\">.<\/mark><\/p>\n\n\n\n<h2 class=\"wp-block-heading\"><strong>Tallinn<\/strong><\/h2>\n\n\n\n<p>SA Hea Hoog on projekti <strong>\u201eIsikukeskse erihoolekande teenusmudeli j\u00e4tkurakendamine kohalikus omavalitsuses 2025-2026\u201c<\/strong> koost\u00f6\u00f6partner Tallinna linnas tugiteenuse osutajana. Projekti eesm\u00e4rk on katsetada ps\u00fc\u00fchilise erivajadusega inimeste abistamisel teenuskomponentidel p\u00f5hinevat l\u00e4henemist ja testida korraldusskeemi, kus ps\u00fc\u00fchilise erivajadusega inimeste teenuste korraldaja rollis on kohalik omavalitsus.<\/p>\n\n\n\n<p>Teenusmudelis on erihoolekande- ja rehabilitatsiooniteenuste tegevused jagatud teenuskomponentideks ning neist on v\u00f5imalik kombineerida abivajavale inimesele ja tema perele sobiv terviklik teenuspakett.<\/p>\n\n\n\n<p>Sihtr\u00fchmaks on raske, s\u00fcgava v\u00f5i p\u00fcsiva kuluga ps\u00fc\u00fchilise erivajadusega t\u00e4isealised isikud, kes samal ajal ei ole erihoolekande- ega sotsiaalse rehabilitatsiooniteenuste kasutajad. \u00a0SA Hea Hoog pakub h\u00f5ivatuse komponenti projektis osalejatele nii individuaalselt kui tegevusena grupis.<\/p>\n\n\n\n<p><strong><a href=\"https:\/\/www.tallinn.ee\/et\/media\/554144\" target=\"_blank\" rel=\"noreferrer noopener\">Tallinna teenuskomponentide hinnakiri<\/a><\/strong><\/p>\n\n\n\n<p>T\u00e4psemat infot n\u00e4eb\u00a0<a href=\"https:\/\/www.tallinn.ee\/est\/Isikukeskse-erihoolekande-teenusmudeli-rakendamine-kohalikus-omavalitsuses\" target=\"_blank\" rel=\"noreferrer noopener\">Tallinna <\/a><a href=\"https:\/\/www.tallinn.ee\/et\/media\/554144\" target=\"_blank\" rel=\"noreferrer noopener\">Linnavalitsuse <\/a><a href=\"https:\/\/www.tallinn.ee\/est\/Isikukeskse-erihoolekande-teenusmudeli-rakendamine-kohalikus-omavalitsuses\" target=\"_blank\" rel=\"noreferrer noopener\">kodulehel<\/a>.<\/p>\n\n\n\n<p><mark style=\"background-color:rgba(0, 0, 0, 0)\" class=\"has-inline-color has-white-color\">.<\/mark><\/p>\n\n\n\n<h2 class=\"wp-block-heading\"><strong>T\u00fcri<\/strong><\/h2>\n\n\n\n<p>T\u00fcri vallavalitsus j\u00e4tkab osalemist koost\u00f6\u00f6s Sotsiaalkindlustusametiga pilootprojektis \u201eIsikukeskse erihoolekande teenusmudeli j\u00e4tkurakendamine kohalikus omavalitsuses 2025-2026\u2033.<\/p>\n\n\n\n<p>Projekti eesm\u00e4rk on katsetada ps\u00fc\u00fchilise erivajadusega inimeste abistamisel teenuskomponentidel p\u00f5hinevat l\u00e4henemist ja testida korraldusskeemi, kus ps\u00fc\u00fchilise erivajadusega inimeste teenuste korraldaja rollis on kohalik omavalitsus. Teenusmudelis on erihoolekande- ja rehabilitatsiooniteenuste tegevused jagatud teenuskomponentideks ning neist on v\u00f5imalik kombineerida abivajavale inimesele ja tema perele sobiv terviklik teenuspakett.<\/p>\n\n\n\n<p>Sihtr\u00fchmaks on raske, s\u00fcgava v\u00f5i p\u00fcsiva kuluga ps\u00fc\u00fchilise erivajadusega t\u00e4isealised isikud, kes samal ajal ei ole erihoolekande- ega sotsiaalse rehabilitatsiooniteenuste kasutajad.<\/p>\n\n\n\n<p><strong>Meie pakutavad teenuskomponendid ja tunni hinnad<\/strong><a><strong>:<\/strong><\/a><\/p>\n\n\n\n<p>H\u00f5ivatuse komponent individuaalne 40\u20ac\/1 tund<\/p>\n\n\n\n<p>H\u00f5ivatuse komponent grupp 25\u20ac\/1 tund<\/p>\n\n\n\n<p>H\u00f5ivatuse grupp pere 40\u20ac\/ 1 tund<\/p>\n\n\n\n<p>T\u00e4psemat infot n\u00e4eb <a href=\"https:\/\/www.tyri.ee\/pilootprojekt-iste\" target=\"_blank\" rel=\"noreferrer noopener\">T\u00fcri Vallavalitsuse koduleht<\/a><\/p>\n\n\n\n<p><mark style=\"background-color:rgba(0, 0, 0, 0)\" class=\"has-inline-color has-white-color\">.<\/mark><\/p>\n\n\n\n<p><\/p>\n\n\n\n<h2 class=\"wp-block-heading\"><strong>Viljandi Linnavalitsus<\/strong><\/h2>\n\n\n\n<p>Viljandi Linnavalitsus osaleb projektis \u201eIsikukeskse erihoolekande teenusmudeli j\u00e4tkurakendamine kohalikus omavalitsuses 2025\u20132026\u2033.<\/p>\n\n\n\n<p>Projekti k\u00e4igus osutatavad teenused:<\/p>\n\n\n\n<ul class=\"wp-block-list\">\n<li>vaimse tervise toetamiseks erinevad teraapiad, ps\u00fchholoogi, ps\u00fchhiaatri v\u00f5i kogemusn\u00f5ustaja teenus;<\/li>\n\n\n\n<li>igap\u00e4evaeluga toimetulekuks tugi rahaga arveldamiseks, majapidamistoimingutega hakkama saamiseks;<\/li>\n\n\n\n<li>toetus elukoha probleemide lahendamisel;<\/li>\n\n\n\n<li>t\u00f6\u00f6tamise ja \u00f5ppimise toetamine st aidatakse t\u00f6\u00f6d leida ja t\u00f6\u00f6kohta hoida;<\/li>\n\n\n\n<li>f\u00fc\u00fcsiline tervis nt abivahendi kasutamisel abistamine, f\u00fcsioteraapia, transpordi kasutamise juhendamine.<\/li>\n<\/ul>\n\n\n\n<p>Teenusmudeli sihtr\u00fchmaks on raske, s\u00fcgava v\u00f5i p\u00fcsiva kuluga ps\u00fc\u00fchilise erivajadusega inimesed, kelle puhul on t\u00e4idetud k\u00f5ik allj\u00e4rgnevad tingimused:<\/p>\n\n\n\n<ul class=\"wp-block-list\">\n<li>ta on v\u00e4hemalt 18-aastane. Erandina saavad alates 2025. aastast j\u00e4tkata projekti tegevustes 2023-2024 perioodil kaasatud alla 18 aastased noored, kui KOV hinnangul vajab isik teenuse j\u00e4tkamist;<\/li>\n\n\n\n<li>tal ei ole diagnoositud p\u00f5hihaigusena dementsust ega s\u00f5ltuvust alkoholist v\u00f5i narkootilistest ainetest;<\/li>\n\n\n\n<li>tal on hindamise k\u00e4igus tuvastatud abi- ja toetusvajadus igap\u00e4evaeluga toimetuleku eluvaldkonnas;<\/li>\n\n\n\n<li>2023-2024 perioodil ISTE projekti kaasatud isikul peab olema 2024. aasta jooksul l\u00e4bi viidud abi- ja toetusvajaduse hindamine (esmane v\u00f5i korduv) ja KOV hinnangul vajab isik teenuse j\u00e4tkamist;<\/li>\n\n\n\n<li>perioodil 01.01.2025-30.04.2025 projekti sisenejad peavad olema sisenemise hetkel SKA toetavate erihoolekandeteenuse (toetatud elamine, t\u00f6\u00f6tamise toetamine v\u00f5i igap\u00e4evaelu toetamine, v\u00e4lja arvatud igap\u00e4evaelu toetamise teenus autismispektrih\u00e4irega inimesele ja igap\u00e4evaelu toetamise teenus p\u00e4eva ja n\u00e4dalahoiuteenusena) j\u00e4rjekorras.<\/li>\n<\/ul>\n\n\n\n<p>Erihoolekande teenusmudeli piloteerimises osalev abivajaja ei tohi samaaegselt saada erihoolekande- v\u00f5i sotsiaalse rehabilitatsiooni teenuseid praeguses riiklikus s\u00fcsteemis. Samuti ei tohi teenusmudelis osalev abivajaja saada samaaegselt samalaadseid teenuseid mitme v\u00e4lisrahastusel (sh Euroopa Sotsiaalfondist) rahastatava tegevuse raames.<\/p>\n\n\n\n<p><strong>Meie pakutavad teenuskomponendid ja tunni hinnad:<\/strong><\/p>\n\n\n\n<p>H\u00f5ivatuse komponent individuaalne 40\u20ac\/1 tund<\/p>\n\n\n\n<p>H\u00f5ivatuse komponent grupp 25\u20ac\/1 tund<\/p>\n\n\n\n<p>H\u00f5ivatuse grupp pere 40\u20ac\/ 1 tund<\/p>\n\n\n\n<p>T\u00e4psemat infot n\u00e4eb <a href=\"https:\/\/viljandi.ee\/pere-sotsiaal-ja-tervishoid\/projektid\/projekt-iste\/\" target=\"_blank\" rel=\"noreferrer noopener\">Viljandi Linnavalitsus<\/a><\/p>\n\n\n\n<p><\/p>\n\n\n\n<p><\/p>\n","protected":false},"excerpt":{"rendered":"<p>. Tallinn SA Hea Hoog on projekti \u201eIsikukeskse erihoolekande teenusmudeli j\u00e4tkurakendamine kohalikus omavalitsuses 2025-2026\u201c koost\u00f6\u00f6partner Tallinna linnas tugiteenuse osutajana. Projekti eesm\u00e4rk on katsetada ps\u00fc\u00fchilise erivajadusega inimeste abistamisel teenuskomponentidel p\u00f5hinevat l\u00e4henemist ja testida korraldusskeemi, kus ps\u00fc\u00fchilise erivajadusega inimeste teenuste korraldaja rollis on kohalik omavalitsus. Teenusmudelis on erihoolekande- ja rehabilitatsiooniteenuste tegevused jagatud teenuskomponentideks ning neist on v\u00f5imalik &hellip; <a href=\"https:\/\/www.hoolekandeteenused.ee\/heahoog\/isikukeskse-erihoolekande-teenusmudeli-rakendamine\/\" class=\"more-link\">Loe edasi<span class=\"screen-reader-text\"> &#8220;Isikukeskse erihoolekande teenusmudeli rakendamine&#8221;<\/span><\/a><\/p>\n","protected":false},"author":18,"featured_media":1313,"parent":0,"menu_order":0,"comment_status":"closed","ping_status":"closed","template":"textpage.php","meta":{"_acf_changed":false,"footnotes":""},"class_list":["post-1386","page","type-page","status-publish","has-post-thumbnail","hentry"],"acf":[],"yoast_head":"<!-- This site is optimized with the Yoast SEO plugin v27.3 - https:\/\/yoast.com\/product\/yoast-seo-wordpress\/ -->\n<title>Isikukeskse erihoolekande teenusmudeli rakendamine - Hea Hoog<\/title>\n<meta name=\"robots\" content=\"index, follow, max-snippet:-1, max-image-preview:large, max-video-preview:-1\" \/>\n<link rel=\"canonical\" href=\"https:\/\/www.hoolekandeteenused.ee\/heahoog\/isikukeskse-erihoolekande-teenusmudeli-rakendamine\/\" \/>\n<meta property=\"og:locale\" content=\"et_EE\" \/>\n<meta property=\"og:type\" content=\"article\" \/>\n<meta property=\"og:title\" content=\"Isikukeskse erihoolekande teenusmudeli rakendamine - Hea Hoog\" \/>\n<meta property=\"og:description\" content=\". Tallinn SA Hea Hoog on projekti \u201eIsikukeskse erihoolekande teenusmudeli j\u00e4tkurakendamine kohalikus omavalitsuses 2025-2026\u201c koost\u00f6\u00f6partner Tallinna linnas tugiteenuse osutajana. Projekti eesm\u00e4rk on katsetada ps\u00fc\u00fchilise erivajadusega inimeste abistamisel teenuskomponentidel p\u00f5hinevat l\u00e4henemist ja testida korraldusskeemi, kus ps\u00fc\u00fchilise erivajadusega inimeste teenuste korraldaja rollis on kohalik omavalitsus. Teenusmudelis on erihoolekande- ja rehabilitatsiooniteenuste tegevused jagatud teenuskomponentideks ning neist on v\u00f5imalik &hellip; Loe edasi &quot;Isikukeskse erihoolekande teenusmudeli rakendamine&quot;\" \/>\n<meta property=\"og:url\" content=\"https:\/\/www.hoolekandeteenused.ee\/heahoog\/isikukeskse-erihoolekande-teenusmudeli-rakendamine\/\" \/>\n<meta property=\"og:site_name\" content=\"Hea Hoog\" \/>\n<meta property=\"article:modified_time\" content=\"2025-08-15T08:14:00+00:00\" \/>\n<meta property=\"og:image\" content=\"https:\/\/www.hoolekandeteenused.ee\/heahoog\/wp-content\/uploads\/sites\/2\/2021\/07\/logo-scaled.jpg\" \/>\n\t<meta property=\"og:image:width\" content=\"2560\" \/>\n\t<meta property=\"og:image:height\" content=\"1352\" \/>\n\t<meta property=\"og:image:type\" content=\"image\/jpeg\" \/>\n<meta name=\"twitter:card\" content=\"summary_large_image\" \/>\n<meta name=\"twitter:label1\" content=\"Est. reading time\" \/>\n\t<meta name=\"twitter:data1\" content=\"3 minutit\" \/>\n<script type=\"application\/ld+json\" class=\"yoast-schema-graph\">{\"@context\":\"https:\\\/\\\/schema.org\",\"@graph\":[{\"@type\":\"WebPage\",\"@id\":\"https:\\\/\\\/www.hoolekandeteenused.ee\\\/heahoog\\\/isikukeskse-erihoolekande-teenusmudeli-rakendamine\\\/\",\"url\":\"https:\\\/\\\/www.hoolekandeteenused.ee\\\/heahoog\\\/isikukeskse-erihoolekande-teenusmudeli-rakendamine\\\/\",\"name\":\"Isikukeskse erihoolekande teenusmudeli rakendamine - Hea Hoog\",\"isPartOf\":{\"@id\":\"https:\\\/\\\/www.hoolekandeteenused.ee\\\/heahoog\\\/#website\"},\"primaryImageOfPage\":{\"@id\":\"https:\\\/\\\/www.hoolekandeteenused.ee\\\/heahoog\\\/isikukeskse-erihoolekande-teenusmudeli-rakendamine\\\/#primaryimage\"},\"image\":{\"@id\":\"https:\\\/\\\/www.hoolekandeteenused.ee\\\/heahoog\\\/isikukeskse-erihoolekande-teenusmudeli-rakendamine\\\/#primaryimage\"},\"thumbnailUrl\":\"https:\\\/\\\/www.hoolekandeteenused.ee\\\/heahoog\\\/wp-content\\\/uploads\\\/sites\\\/2\\\/2021\\\/07\\\/logo-scaled.jpg\",\"datePublished\":\"2022-01-24T09:43:17+00:00\",\"dateModified\":\"2025-08-15T08:14:00+00:00\",\"breadcrumb\":{\"@id\":\"https:\\\/\\\/www.hoolekandeteenused.ee\\\/heahoog\\\/isikukeskse-erihoolekande-teenusmudeli-rakendamine\\\/#breadcrumb\"},\"inLanguage\":\"et\",\"potentialAction\":[{\"@type\":\"ReadAction\",\"target\":[\"https:\\\/\\\/www.hoolekandeteenused.ee\\\/heahoog\\\/isikukeskse-erihoolekande-teenusmudeli-rakendamine\\\/\"]}]},{\"@type\":\"ImageObject\",\"inLanguage\":\"et\",\"@id\":\"https:\\\/\\\/www.hoolekandeteenused.ee\\\/heahoog\\\/isikukeskse-erihoolekande-teenusmudeli-rakendamine\\\/#primaryimage\",\"url\":\"https:\\\/\\\/www.hoolekandeteenused.ee\\\/heahoog\\\/wp-content\\\/uploads\\\/sites\\\/2\\\/2021\\\/07\\\/logo-scaled.jpg\",\"contentUrl\":\"https:\\\/\\\/www.hoolekandeteenused.ee\\\/heahoog\\\/wp-content\\\/uploads\\\/sites\\\/2\\\/2021\\\/07\\\/logo-scaled.jpg\",\"width\":2560,\"height\":1352},{\"@type\":\"BreadcrumbList\",\"@id\":\"https:\\\/\\\/www.hoolekandeteenused.ee\\\/heahoog\\\/isikukeskse-erihoolekande-teenusmudeli-rakendamine\\\/#breadcrumb\",\"itemListElement\":[{\"@type\":\"ListItem\",\"position\":1,\"name\":\"Home\",\"item\":\"https:\\\/\\\/www.hoolekandeteenused.ee\\\/heahoog\\\/\"},{\"@type\":\"ListItem\",\"position\":2,\"name\":\"Isikukeskse erihoolekande teenusmudeli rakendamine\"}]},{\"@type\":\"WebSite\",\"@id\":\"https:\\\/\\\/www.hoolekandeteenused.ee\\\/heahoog\\\/#website\",\"url\":\"https:\\\/\\\/www.hoolekandeteenused.ee\\\/heahoog\\\/\",\"name\":\"Hea Hoog\",\"description\":\"Just another Hoolekandeteenused site\",\"potentialAction\":[{\"@type\":\"SearchAction\",\"target\":{\"@type\":\"EntryPoint\",\"urlTemplate\":\"https:\\\/\\\/www.hoolekandeteenused.ee\\\/heahoog\\\/?s={search_term_string}\"},\"query-input\":{\"@type\":\"PropertyValueSpecification\",\"valueRequired\":true,\"valueName\":\"search_term_string\"}}],\"inLanguage\":\"et\"}]}<\/script>\n<!-- \/ Yoast SEO plugin. -->","yoast_head_json":{"title":"Isikukeskse erihoolekande teenusmudeli rakendamine - Hea Hoog","robots":{"index":"index","follow":"follow","max-snippet":"max-snippet:-1","max-image-preview":"max-image-preview:large","max-video-preview":"max-video-preview:-1"},"canonical":"https:\/\/www.hoolekandeteenused.ee\/heahoog\/isikukeskse-erihoolekande-teenusmudeli-rakendamine\/","og_locale":"et_EE","og_type":"article","og_title":"Isikukeskse erihoolekande teenusmudeli rakendamine - Hea Hoog","og_description":". Tallinn SA Hea Hoog on projekti \u201eIsikukeskse erihoolekande teenusmudeli j\u00e4tkurakendamine kohalikus omavalitsuses 2025-2026\u201c koost\u00f6\u00f6partner Tallinna linnas tugiteenuse osutajana. Projekti eesm\u00e4rk on katsetada ps\u00fc\u00fchilise erivajadusega inimeste abistamisel teenuskomponentidel p\u00f5hinevat l\u00e4henemist ja testida korraldusskeemi, kus ps\u00fc\u00fchilise erivajadusega inimeste teenuste korraldaja rollis on kohalik omavalitsus. Teenusmudelis on erihoolekande- ja rehabilitatsiooniteenuste tegevused jagatud teenuskomponentideks ning neist on v\u00f5imalik &hellip; Loe edasi \"Isikukeskse erihoolekande teenusmudeli rakendamine\"","og_url":"https:\/\/www.hoolekandeteenused.ee\/heahoog\/isikukeskse-erihoolekande-teenusmudeli-rakendamine\/","og_site_name":"Hea Hoog","article_modified_time":"2025-08-15T08:14:00+00:00","og_image":[{"width":2560,"height":1352,"url":"https:\/\/www.hoolekandeteenused.ee\/heahoog\/wp-content\/uploads\/sites\/2\/2021\/07\/logo-scaled.jpg","type":"image\/jpeg"}],"twitter_card":"summary_large_image","twitter_misc":{"Est. reading time":"3 minutit"},"schema":{"@context":"https:\/\/schema.org","@graph":[{"@type":"WebPage","@id":"https:\/\/www.hoolekandeteenused.ee\/heahoog\/isikukeskse-erihoolekande-teenusmudeli-rakendamine\/","url":"https:\/\/www.hoolekandeteenused.ee\/heahoog\/isikukeskse-erihoolekande-teenusmudeli-rakendamine\/","name":"Isikukeskse erihoolekande teenusmudeli rakendamine - Hea Hoog","isPartOf":{"@id":"https:\/\/www.hoolekandeteenused.ee\/heahoog\/#website"},"primaryImageOfPage":{"@id":"https:\/\/www.hoolekandeteenused.ee\/heahoog\/isikukeskse-erihoolekande-teenusmudeli-rakendamine\/#primaryimage"},"image":{"@id":"https:\/\/www.hoolekandeteenused.ee\/heahoog\/isikukeskse-erihoolekande-teenusmudeli-rakendamine\/#primaryimage"},"thumbnailUrl":"https:\/\/www.hoolekandeteenused.ee\/heahoog\/wp-content\/uploads\/sites\/2\/2021\/07\/logo-scaled.jpg","datePublished":"2022-01-24T09:43:17+00:00","dateModified":"2025-08-15T08:14:00+00:00","breadcrumb":{"@id":"https:\/\/www.hoolekandeteenused.ee\/heahoog\/isikukeskse-erihoolekande-teenusmudeli-rakendamine\/#breadcrumb"},"inLanguage":"et","potentialAction":[{"@type":"ReadAction","target":["https:\/\/www.hoolekandeteenused.ee\/heahoog\/isikukeskse-erihoolekande-teenusmudeli-rakendamine\/"]}]},{"@type":"ImageObject","inLanguage":"et","@id":"https:\/\/www.hoolekandeteenused.ee\/heahoog\/isikukeskse-erihoolekande-teenusmudeli-rakendamine\/#primaryimage","url":"https:\/\/www.hoolekandeteenused.ee\/heahoog\/wp-content\/uploads\/sites\/2\/2021\/07\/logo-scaled.jpg","contentUrl":"https:\/\/www.hoolekandeteenused.ee\/heahoog\/wp-content\/uploads\/sites\/2\/2021\/07\/logo-scaled.jpg","width":2560,"height":1352},{"@type":"BreadcrumbList","@id":"https:\/\/www.hoolekandeteenused.ee\/heahoog\/isikukeskse-erihoolekande-teenusmudeli-rakendamine\/#breadcrumb","itemListElement":[{"@type":"ListItem","position":1,"name":"Home","item":"https:\/\/www.hoolekandeteenused.ee\/heahoog\/"},{"@type":"ListItem","position":2,"name":"Isikukeskse erihoolekande teenusmudeli rakendamine"}]},{"@type":"WebSite","@id":"https:\/\/www.hoolekandeteenused.ee\/heahoog\/#website","url":"https:\/\/www.hoolekandeteenused.ee\/heahoog\/","name":"Hea Hoog","description":"Just another Hoolekandeteenused site","potentialAction":[{"@type":"SearchAction","target":{"@type":"EntryPoint","urlTemplate":"https:\/\/www.hoolekandeteenused.ee\/heahoog\/?s={search_term_string}"},"query-input":{"@type":"PropertyValueSpecification","valueRequired":true,"valueName":"search_term_string"}}],"inLanguage":"et"}]}},"_links":{"self":[{"href":"https:\/\/www.hoolekandeteenused.ee\/heahoog\/wp-json\/wp\/v2\/pages\/1386","targetHints":{"allow":["GET"]}}],"collection":[{"href":"https:\/\/www.hoolekandeteenused.ee\/heahoog\/wp-json\/wp\/v2\/pages"}],"about":[{"href":"https:\/\/www.hoolekandeteenused.ee\/heahoog\/wp-json\/wp\/v2\/types\/page"}],"author":[{"embeddable":true,"href":"https:\/\/www.hoolekandeteenused.ee\/heahoog\/wp-json\/wp\/v2\/users\/18"}],"replies":[{"embeddable":true,"href":"https:\/\/www.hoolekandeteenused.ee\/heahoog\/wp-json\/wp\/v2\/comments?post=1386"}],"version-history":[{"count":26,"href":"https:\/\/www.hoolekandeteenused.ee\/heahoog\/wp-json\/wp\/v2\/pages\/1386\/revisions"}],"predecessor-version":[{"id":1891,"href":"https:\/\/www.hoolekandeteenused.ee\/heahoog\/wp-json\/wp\/v2\/pages\/1386\/revisions\/1891"}],"wp:featuredmedia":[{"embeddable":true,"href":"https:\/\/www.hoolekandeteenused.ee\/heahoog\/wp-json\/wp\/v2\/media\/1313"}],"wp:attachment":[{"href":"https:\/\/www.hoolekandeteenused.ee\/heahoog\/wp-json\/wp\/v2\/media?parent=1386"}],"curies":[{"name":"wp","href":"https:\/\/api.w.org\/{rel}","templated":true}]}}