{"id":160,"date":"2018-11-09T08:13:42","date_gmt":"2018-11-09T08:13:42","guid":{"rendered":"http:\/\/www.hoolekandeteenused.ee\/heahoog\/?page_id=160"},"modified":"2021-10-22T16:07:18","modified_gmt":"2021-10-22T16:07:18","slug":"arikingitused","status":"publish","type":"page","link":"https:\/\/www.hoolekandeteenused.ee\/heahoog\/tooandjale\/arikingitused\/","title":{"rendered":"\u00c4rikingitused"},"content":{"rendered":"<p>Kui juba kingitusi teha, siis v\u00f5iksid need olla praktilised ja s\u00fcdamega valmistatud \u2013 <a href=\"https:\/\/heahoog.ee\/\" target=\"_blank\" rel=\"noopener\">Hea Hoog<\/a> aitab!<\/p>\n<p>Oleme koost\u00f6\u00f6s mitmete ettev\u00f5tjatega loonud just neile sobilikud kingitused (n\u00e4iteks \u00c4rip\u00e4eva konverentsidele paberkotid, mis on tehtud \u00c4rip\u00e4eva ajalehtedest v\u00f5i Hispaania saatkonnale just nende rahvusv\u00e4rvides rahvuslilled t\u00e4htp\u00e4evadel rinnas kandmiseks, tulemuseks ilusad punased ja kollased nelgid). Veel oleme ka riigikantselei tellimusel valmistanud k\u00e4pikutepaarid, millest \u00fcks kinnas on Eesti ja teine L\u00e4ti lipu v\u00e4rvides (<a href=\"https:\/\/www.hoolekandeteenused.ee\/heahoog\/lati-100\/\">L\u00e4ti100<\/a> t\u00e4histamiseks):\u00a0<\/p>\n<p><img loading=\"lazy\" decoding=\"async\" class=\"aligncenter wp-image-236 size-large\" src=\"https:\/\/www.hoolekandeteenused.ee\/heahoog\/wp-content\/uploads\/sites\/2\/2018\/12\/45885771822_5da9391826_o-1024x683.jpg\" alt=\"45885771822 5da9391826 o\" width=\"1024\" height=\"683\" srcset=\"https:\/\/www.hoolekandeteenused.ee\/heahoog\/wp-content\/uploads\/sites\/2\/2018\/12\/45885771822_5da9391826_o-1024x683.jpg 1024w, https:\/\/www.hoolekandeteenused.ee\/heahoog\/wp-content\/uploads\/sites\/2\/2018\/12\/45885771822_5da9391826_o-300x200.jpg 300w, https:\/\/www.hoolekandeteenused.ee\/heahoog\/wp-content\/uploads\/sites\/2\/2018\/12\/45885771822_5da9391826_o-768x512.jpg 768w, https:\/\/www.hoolekandeteenused.ee\/heahoog\/wp-content\/uploads\/sites\/2\/2018\/12\/45885771822_5da9391826_o.jpg 1872w\" sizes=\"auto, (max-width: 1024px) 100vw, 1024px\"><\/p>\n<p>K\u00fcll aga on meil ka juba v\u00e4ljat\u00f6\u00f6tatud tooteid, mida saate tellida ka \u00e4rikingitusena sobivates toonides v\u00f5i teksti\/disainiga.\u00a0<br>Keraamilistest vaagnatest ja kohvitassidest vilditud susside v\u00f5i s\u00fclearvutikottideni. Valmistame k\u00fc\u00fcnlaid, seepe, kindaid, sokke, kotte, patju, korve, kaisuloomi ja <a href=\"http:\/\/www.heahoog.ee\">palju muud<\/a>!<\/p>\n<div class=\"wpmf-gallerys wpmf-gallerys-life \"><div id=\"gallery-1\" class=\"gallery gallery_life wpmf_gallery_default gallery_default  gallery-columns-3 gallery-size-medium gallery-link-file wpmf-has-border-radius-0 wpmf-gutterwidth-5 no_ratio\"><figure class=\"wpmf-gallery-item\" data-index=\"0\"><div class=\"wpmf-gallery-icon\"><div class=\"square_thumbnail\"><div class=\"img_centered\"><a class=\" not_video noLightbox\" data-lightbox=\"1\" data-href=\"https:\/\/www.hoolekandeteenused.ee\/heahoog\/wp-content\/uploads\/sites\/2\/2019\/10\/IMG_0020-1024x768.jpg\" title=\"IMG 0020\" target=\"_self\" data-index=\"0\"><img decoding=\"async\" class=\"wpmf_img\" alt=\"IMG 0020\" src=\"https:\/\/www.hoolekandeteenused.ee\/heahoog\/wp-content\/uploads\/sites\/2\/2019\/10\/IMG_0020-300x225.jpg\" data-type=\"wpmfgalleryimg\" data-lazy-src=\"https:\/\/www.hoolekandeteenused.ee\/heahoog\/wp-content\/uploads\/sites\/2\/2019\/10\/IMG_0020-300x225.jpg\"><\/a><\/div><\/div><\/div><\/figure><figure class=\"wpmf-gallery-item\" data-index=\"1\"><div class=\"wpmf-gallery-icon\"><div class=\"square_thumbnail\"><div class=\"img_centered\"><a class=\" not_video noLightbox\" data-lightbox=\"1\" data-href=\"https:\/\/www.hoolekandeteenused.ee\/heahoog\/wp-content\/uploads\/sites\/2\/2019\/10\/IMG_20171022_141356-e1571824538322-1024x768.jpg\" title=\"\" target=\"_self\" data-index=\"1\"><img decoding=\"async\" class=\"wpmf_img\" alt=\"IMG 20171022 141356 e1571824538322\" src=\"https:\/\/www.hoolekandeteenused.ee\/heahoog\/wp-content\/uploads\/sites\/2\/2019\/10\/IMG_20171022_141356-e1571824538322-300x225.jpg\" data-type=\"wpmfgalleryimg\" data-lazy-src=\"https:\/\/www.hoolekandeteenused.ee\/heahoog\/wp-content\/uploads\/sites\/2\/2019\/10\/IMG_20171022_141356-e1571824538322-300x225.jpg\"><\/a><\/div><\/div><\/div><\/figure><figure class=\"wpmf-gallery-item\" data-index=\"2\"><div class=\"wpmf-gallery-icon\"><div class=\"square_thumbnail\"><div class=\"img_centered\"><a class=\" not_video noLightbox\" data-lightbox=\"1\" data-href=\"https:\/\/www.hoolekandeteenused.ee\/heahoog\/wp-content\/uploads\/sites\/2\/2019\/10\/taldrikud-1024x724.jpg\" title=\"Taldrikud\" target=\"_self\" data-index=\"2\"><img decoding=\"async\" class=\"wpmf_img\" alt=\"Taldrikud\" src=\"https:\/\/www.hoolekandeteenused.ee\/heahoog\/wp-content\/uploads\/sites\/2\/2019\/10\/taldrikud-300x212.jpg\" data-type=\"wpmfgalleryimg\" data-lazy-src=\"https:\/\/www.hoolekandeteenused.ee\/heahoog\/wp-content\/uploads\/sites\/2\/2019\/10\/taldrikud-300x212.jpg\"><\/a><\/div><\/div><\/div><\/figure><\/div><\/div>\n<p>Kirjuta oma ideedest ja ettepanekutest: pood@heahoog.ee ja leiame teie ettev\u00f5ttele sobivaima variandi.\u00a0<\/p>\n\n\n<p><\/p>\n","protected":false},"excerpt":{"rendered":"<p>Kui juba kingitusi teha, siis v\u00f5iksid need olla praktilised ja s\u00fcdamega valmistatud \u2013 Hea Hoog aitab! Oleme koost\u00f6\u00f6s mitmete ettev\u00f5tjatega loonud just neile sobilikud kingitused (n\u00e4iteks \u00c4rip\u00e4eva konverentsidele paberkotid, mis on tehtud \u00c4rip\u00e4eva ajalehtedest v\u00f5i Hispaania saatkonnale just nende rahvusv\u00e4rvides rahvuslilled t\u00e4htp\u00e4evadel rinnas kandmiseks, tulemuseks ilusad punased ja kollased nelgid). Veel oleme ka riigikantselei tellimusel &hellip; <a href=\"https:\/\/www.hoolekandeteenused.ee\/heahoog\/tooandjale\/arikingitused\/\" class=\"more-link\">Loe edasi<span class=\"screen-reader-text\"> &#8220;\u00c4rikingitused&#8221;<\/span><\/a><\/p>\n","protected":false},"author":1,"featured_media":0,"parent":109,"menu_order":0,"comment_status":"closed","ping_status":"closed","template":"textpage.php","meta":{"_acf_changed":false,"footnotes":""},"class_list":["post-160","page","type-page","status-publish","hentry"],"acf":[],"yoast_head":"<!-- This site is optimized with the Yoast SEO plugin v27.3 - https:\/\/yoast.com\/product\/yoast-seo-wordpress\/ -->\n<title>\u00c4rikingitused - Hea Hoog<\/title>\n<meta name=\"robots\" content=\"index, follow, max-snippet:-1, max-image-preview:large, max-video-preview:-1\" \/>\n<link rel=\"canonical\" href=\"https:\/\/www.hoolekandeteenused.ee\/heahoog\/tooandjale\/arikingitused\/\" \/>\n<meta property=\"og:locale\" content=\"et_EE\" \/>\n<meta property=\"og:type\" content=\"article\" \/>\n<meta property=\"og:title\" content=\"\u00c4rikingitused - Hea Hoog\" \/>\n<meta property=\"og:description\" content=\"Kui juba kingitusi teha, siis v\u00f5iksid need olla praktilised ja s\u00fcdamega valmistatud \u2013 Hea Hoog aitab! Oleme koost\u00f6\u00f6s mitmete ettev\u00f5tjatega loonud just neile sobilikud kingitused (n\u00e4iteks \u00c4rip\u00e4eva konverentsidele paberkotid, mis on tehtud \u00c4rip\u00e4eva ajalehtedest v\u00f5i Hispaania saatkonnale just nende rahvusv\u00e4rvides rahvuslilled t\u00e4htp\u00e4evadel rinnas kandmiseks, tulemuseks ilusad punased ja kollased nelgid). Veel oleme ka riigikantselei tellimusel &hellip; Loe edasi &quot;\u00c4rikingitused&quot;\" \/>\n<meta property=\"og:url\" content=\"https:\/\/www.hoolekandeteenused.ee\/heahoog\/tooandjale\/arikingitused\/\" \/>\n<meta property=\"og:site_name\" content=\"Hea Hoog\" \/>\n<meta property=\"article:modified_time\" content=\"2021-10-22T16:07:18+00:00\" \/>\n<meta property=\"og:image\" content=\"https:\/\/www.hoolekandeteenused.ee\/heahoog\/wp-content\/uploads\/sites\/2\/2019\/10\/IMG_0020-300x225.jpg\" \/>\n<meta name=\"twitter:card\" content=\"summary_large_image\" \/>\n<meta name=\"twitter:label1\" content=\"Est. reading time\" \/>\n\t<meta name=\"twitter:data1\" content=\"1 minut\" \/>\n<script type=\"application\/ld+json\" class=\"yoast-schema-graph\">{\"@context\":\"https:\\\/\\\/schema.org\",\"@graph\":[{\"@type\":\"WebPage\",\"@id\":\"https:\\\/\\\/www.hoolekandeteenused.ee\\\/heahoog\\\/tooandjale\\\/arikingitused\\\/\",\"url\":\"https:\\\/\\\/www.hoolekandeteenused.ee\\\/heahoog\\\/tooandjale\\\/arikingitused\\\/\",\"name\":\"\u00c4rikingitused - Hea Hoog\",\"isPartOf\":{\"@id\":\"https:\\\/\\\/www.hoolekandeteenused.ee\\\/heahoog\\\/#website\"},\"primaryImageOfPage\":{\"@id\":\"https:\\\/\\\/www.hoolekandeteenused.ee\\\/heahoog\\\/tooandjale\\\/arikingitused\\\/#primaryimage\"},\"image\":{\"@id\":\"https:\\\/\\\/www.hoolekandeteenused.ee\\\/heahoog\\\/tooandjale\\\/arikingitused\\\/#primaryimage\"},\"thumbnailUrl\":\"https:\\\/\\\/www.hoolekandeteenused.ee\\\/heahoog\\\/wp-content\\\/uploads\\\/sites\\\/2\\\/2018\\\/12\\\/45885771822_5da9391826_o-1024x683.jpg\",\"datePublished\":\"2018-11-09T08:13:42+00:00\",\"dateModified\":\"2021-10-22T16:07:18+00:00\",\"breadcrumb\":{\"@id\":\"https:\\\/\\\/www.hoolekandeteenused.ee\\\/heahoog\\\/tooandjale\\\/arikingitused\\\/#breadcrumb\"},\"inLanguage\":\"et\",\"potentialAction\":[{\"@type\":\"ReadAction\",\"target\":[\"https:\\\/\\\/www.hoolekandeteenused.ee\\\/heahoog\\\/tooandjale\\\/arikingitused\\\/\"]}]},{\"@type\":\"ImageObject\",\"inLanguage\":\"et\",\"@id\":\"https:\\\/\\\/www.hoolekandeteenused.ee\\\/heahoog\\\/tooandjale\\\/arikingitused\\\/#primaryimage\",\"url\":\"https:\\\/\\\/www.hoolekandeteenused.ee\\\/heahoog\\\/wp-content\\\/uploads\\\/sites\\\/2\\\/2018\\\/12\\\/45885771822_5da9391826_o.jpg\",\"contentUrl\":\"https:\\\/\\\/www.hoolekandeteenused.ee\\\/heahoog\\\/wp-content\\\/uploads\\\/sites\\\/2\\\/2018\\\/12\\\/45885771822_5da9391826_o.jpg\",\"width\":1872,\"height\":1248},{\"@type\":\"BreadcrumbList\",\"@id\":\"https:\\\/\\\/www.hoolekandeteenused.ee\\\/heahoog\\\/tooandjale\\\/arikingitused\\\/#breadcrumb\",\"itemListElement\":[{\"@type\":\"ListItem\",\"position\":1,\"name\":\"Home\",\"item\":\"https:\\\/\\\/www.hoolekandeteenused.ee\\\/heahoog\\\/\"},{\"@type\":\"ListItem\",\"position\":2,\"name\":\"T\u00f6\u00f6andjale\",\"item\":\"https:\\\/\\\/www.hoolekandeteenused.ee\\\/heahoog\\\/tooandjale\\\/\"},{\"@type\":\"ListItem\",\"position\":3,\"name\":\"\u00c4rikingitused\"}]},{\"@type\":\"WebSite\",\"@id\":\"https:\\\/\\\/www.hoolekandeteenused.ee\\\/heahoog\\\/#website\",\"url\":\"https:\\\/\\\/www.hoolekandeteenused.ee\\\/heahoog\\\/\",\"name\":\"Hea Hoog\",\"description\":\"Just another Hoolekandeteenused site\",\"potentialAction\":[{\"@type\":\"SearchAction\",\"target\":{\"@type\":\"EntryPoint\",\"urlTemplate\":\"https:\\\/\\\/www.hoolekandeteenused.ee\\\/heahoog\\\/?s={search_term_string}\"},\"query-input\":{\"@type\":\"PropertyValueSpecification\",\"valueRequired\":true,\"valueName\":\"search_term_string\"}}],\"inLanguage\":\"et\"}]}<\/script>\n<!-- \/ Yoast SEO plugin. -->","yoast_head_json":{"title":"\u00c4rikingitused - Hea Hoog","robots":{"index":"index","follow":"follow","max-snippet":"max-snippet:-1","max-image-preview":"max-image-preview:large","max-video-preview":"max-video-preview:-1"},"canonical":"https:\/\/www.hoolekandeteenused.ee\/heahoog\/tooandjale\/arikingitused\/","og_locale":"et_EE","og_type":"article","og_title":"\u00c4rikingitused - Hea Hoog","og_description":"Kui juba kingitusi teha, siis v\u00f5iksid need olla praktilised ja s\u00fcdamega valmistatud \u2013 Hea Hoog aitab! Oleme koost\u00f6\u00f6s mitmete ettev\u00f5tjatega loonud just neile sobilikud kingitused (n\u00e4iteks \u00c4rip\u00e4eva konverentsidele paberkotid, mis on tehtud \u00c4rip\u00e4eva ajalehtedest v\u00f5i Hispaania saatkonnale just nende rahvusv\u00e4rvides rahvuslilled t\u00e4htp\u00e4evadel rinnas kandmiseks, tulemuseks ilusad punased ja kollased nelgid). Veel oleme ka riigikantselei tellimusel &hellip; Loe edasi \"\u00c4rikingitused\"","og_url":"https:\/\/www.hoolekandeteenused.ee\/heahoog\/tooandjale\/arikingitused\/","og_site_name":"Hea Hoog","article_modified_time":"2021-10-22T16:07:18+00:00","og_image":[{"url":"https:\/\/www.hoolekandeteenused.ee\/heahoog\/wp-content\/uploads\/sites\/2\/2019\/10\/IMG_0020-300x225.jpg","type":"","width":"","height":""}],"twitter_card":"summary_large_image","twitter_misc":{"Est. reading time":"1 minut"},"schema":{"@context":"https:\/\/schema.org","@graph":[{"@type":"WebPage","@id":"https:\/\/www.hoolekandeteenused.ee\/heahoog\/tooandjale\/arikingitused\/","url":"https:\/\/www.hoolekandeteenused.ee\/heahoog\/tooandjale\/arikingitused\/","name":"\u00c4rikingitused - Hea Hoog","isPartOf":{"@id":"https:\/\/www.hoolekandeteenused.ee\/heahoog\/#website"},"primaryImageOfPage":{"@id":"https:\/\/www.hoolekandeteenused.ee\/heahoog\/tooandjale\/arikingitused\/#primaryimage"},"image":{"@id":"https:\/\/www.hoolekandeteenused.ee\/heahoog\/tooandjale\/arikingitused\/#primaryimage"},"thumbnailUrl":"https:\/\/www.hoolekandeteenused.ee\/heahoog\/wp-content\/uploads\/sites\/2\/2018\/12\/45885771822_5da9391826_o-1024x683.jpg","datePublished":"2018-11-09T08:13:42+00:00","dateModified":"2021-10-22T16:07:18+00:00","breadcrumb":{"@id":"https:\/\/www.hoolekandeteenused.ee\/heahoog\/tooandjale\/arikingitused\/#breadcrumb"},"inLanguage":"et","potentialAction":[{"@type":"ReadAction","target":["https:\/\/www.hoolekandeteenused.ee\/heahoog\/tooandjale\/arikingitused\/"]}]},{"@type":"ImageObject","inLanguage":"et","@id":"https:\/\/www.hoolekandeteenused.ee\/heahoog\/tooandjale\/arikingitused\/#primaryimage","url":"https:\/\/www.hoolekandeteenused.ee\/heahoog\/wp-content\/uploads\/sites\/2\/2018\/12\/45885771822_5da9391826_o.jpg","contentUrl":"https:\/\/www.hoolekandeteenused.ee\/heahoog\/wp-content\/uploads\/sites\/2\/2018\/12\/45885771822_5da9391826_o.jpg","width":1872,"height":1248},{"@type":"BreadcrumbList","@id":"https:\/\/www.hoolekandeteenused.ee\/heahoog\/tooandjale\/arikingitused\/#breadcrumb","itemListElement":[{"@type":"ListItem","position":1,"name":"Home","item":"https:\/\/www.hoolekandeteenused.ee\/heahoog\/"},{"@type":"ListItem","position":2,"name":"T\u00f6\u00f6andjale","item":"https:\/\/www.hoolekandeteenused.ee\/heahoog\/tooandjale\/"},{"@type":"ListItem","position":3,"name":"\u00c4rikingitused"}]},{"@type":"WebSite","@id":"https:\/\/www.hoolekandeteenused.ee\/heahoog\/#website","url":"https:\/\/www.hoolekandeteenused.ee\/heahoog\/","name":"Hea Hoog","description":"Just another Hoolekandeteenused site","potentialAction":[{"@type":"SearchAction","target":{"@type":"EntryPoint","urlTemplate":"https:\/\/www.hoolekandeteenused.ee\/heahoog\/?s={search_term_string}"},"query-input":{"@type":"PropertyValueSpecification","valueRequired":true,"valueName":"search_term_string"}}],"inLanguage":"et"}]}},"_links":{"self":[{"href":"https:\/\/www.hoolekandeteenused.ee\/heahoog\/wp-json\/wp\/v2\/pages\/160","targetHints":{"allow":["GET"]}}],"collection":[{"href":"https:\/\/www.hoolekandeteenused.ee\/heahoog\/wp-json\/wp\/v2\/pages"}],"about":[{"href":"https:\/\/www.hoolekandeteenused.ee\/heahoog\/wp-json\/wp\/v2\/types\/page"}],"author":[{"embeddable":true,"href":"https:\/\/www.hoolekandeteenused.ee\/heahoog\/wp-json\/wp\/v2\/users\/1"}],"replies":[{"embeddable":true,"href":"https:\/\/www.hoolekandeteenused.ee\/heahoog\/wp-json\/wp\/v2\/comments?post=160"}],"version-history":[{"count":5,"href":"https:\/\/www.hoolekandeteenused.ee\/heahoog\/wp-json\/wp\/v2\/pages\/160\/revisions"}],"predecessor-version":[{"id":1341,"href":"https:\/\/www.hoolekandeteenused.ee\/heahoog\/wp-json\/wp\/v2\/pages\/160\/revisions\/1341"}],"up":[{"embeddable":true,"href":"https:\/\/www.hoolekandeteenused.ee\/heahoog\/wp-json\/wp\/v2\/pages\/109"}],"wp:attachment":[{"href":"https:\/\/www.hoolekandeteenused.ee\/heahoog\/wp-json\/wp\/v2\/media?parent=160"}],"curies":[{"name":"wp","href":"https:\/\/api.w.org\/{rel}","templated":true}]}}