{"id":169,"date":"2018-11-09T08:17:11","date_gmt":"2018-11-09T08:17:11","guid":{"rendered":"http:\/\/www.hoolekandeteenused.ee\/heahoog\/?page_id=169"},"modified":"2024-08-13T09:23:58","modified_gmt":"2024-08-13T09:23:58","slug":"koostoo","status":"publish","type":"page","link":"https:\/\/www.hoolekandeteenused.ee\/heahoog\/tooandjale\/koostoo\/","title":{"rendered":"Koost\u00f6\u00f6"},"content":{"rendered":"<p><a href=\"https:\/\/heahoog.ee\/\" target=\"_blank\" rel=\"noopener\">Sihtasutuses Hea Hoog<\/a> vahendame ettev\u00f5tete tellimusi ning tagame tellimuste kvaliteetse ja t\u00e4htaegse t\u00e4itmise erivajadusega inimeste poolt. N\u00f5ustame ja abistame nii ettev\u00f5tjat kui ka erivajadusega inimest lepingute s\u00f5lmimisel ja t\u00f6\u00f6tamisega seotud asjaajamistel. Tagame tarviliku t\u00f6\u00f6alase v\u00e4lja\u00f5ppe ja erivajadusega inimese n\u00f5ustamise ning juhendamise t\u00f6\u00f6kohal.<\/p>\n<p><strong>Valik meie poolt teostatavaid t\u00f6id:\u00a0<\/strong>\u00a0<\/p>\n<ul>\n<li>tootmistegevus nii ettev\u00f5ttes kui tootmiseks kohandatud ruumides meie kodudes (n\u00e4iteks ventilatsioonis\u00fcsteemide filtrite ja filtrielementide valmistamine);<\/li>\n<li>toodete komplekteerimine ja pakendamine (n\u00e4iteks helkurid, kinnitusdetailid);<\/li>\n<li>puhastusteenused \u2013 ruumide korrashoid; territooriumi korrashoid: muru niitmine, riisumine, lumekoristus;<\/li>\n<li>abit\u00f6\u00f6d\u00a0 ettev\u00f5tetes (n\u00e4iteks puude saagimine, l\u00f5hkumine ja pakendamine v\u00f5rkkottidesse);<\/li>\n<li>abit\u00f6\u00f6d k\u00f6\u00f6gis: toiduainete t\u00f6\u00f6tlus ja ettevalmistus, n\u00f5udepesu, laudade katmine, koristamine;<\/li>\n<li>aia- ja p\u00f5llut\u00f6\u00f6d: taimede istutamine, hooldamine, saagi koristamine, t\u00f6\u00f6tlus, ladustamine ja ettevalmistus m\u00fc\u00fcgiks; abit\u00f6\u00f6d loomapidamises;<\/li>\n<li>k\u00e4sit\u00f6\u00f6toodete valmistamine: keraamika (tassid, vaagnad, lillevaasid&#8230;), vaibad, sussid, saunam\u00fctsid ja palju muud.<\/li>\n<\/ul>\n<p>Ettepanekud koost\u00f6\u00f6ks saada meile: <a href=\"mailto:heahoog@heahoog.ee\">heahoog@heahoog.ee<\/a><\/p>\n\n\n<p><\/p>\n","protected":false},"excerpt":{"rendered":"<p>Sihtasutuses Hea Hoog vahendame ettev\u00f5tete tellimusi ning tagame tellimuste kvaliteetse ja t\u00e4htaegse t\u00e4itmise erivajadusega inimeste poolt. N\u00f5ustame ja abistame nii ettev\u00f5tjat kui ka erivajadusega inimest lepingute s\u00f5lmimisel ja t\u00f6\u00f6tamisega seotud asjaajamistel. Tagame tarviliku t\u00f6\u00f6alase v\u00e4lja\u00f5ppe ja erivajadusega inimese n\u00f5ustamise ning juhendamise t\u00f6\u00f6kohal. Valik meie poolt teostatavaid t\u00f6id:\u00a0\u00a0 tootmistegevus nii ettev\u00f5ttes kui tootmiseks kohandatud ruumides meie &hellip; <a href=\"https:\/\/www.hoolekandeteenused.ee\/heahoog\/tooandjale\/koostoo\/\" class=\"more-link\">Loe edasi<span class=\"screen-reader-text\"> &#8220;Koost\u00f6\u00f6&#8221;<\/span><\/a><\/p>\n","protected":false},"author":1,"featured_media":0,"parent":109,"menu_order":0,"comment_status":"closed","ping_status":"closed","template":"textpage.php","meta":{"_acf_changed":false,"footnotes":""},"class_list":["post-169","page","type-page","status-publish","hentry"],"acf":[],"yoast_head":"<!-- This site is optimized with the Yoast SEO plugin v27.3 - https:\/\/yoast.com\/product\/yoast-seo-wordpress\/ -->\n<title>Koost\u00f6\u00f6 - Hea Hoog<\/title>\n<meta name=\"robots\" content=\"index, follow, max-snippet:-1, max-image-preview:large, max-video-preview:-1\" \/>\n<link rel=\"canonical\" href=\"https:\/\/www.hoolekandeteenused.ee\/heahoog\/tooandjale\/koostoo\/\" \/>\n<meta property=\"og:locale\" content=\"et_EE\" \/>\n<meta property=\"og:type\" content=\"article\" \/>\n<meta property=\"og:title\" content=\"Koost\u00f6\u00f6 - Hea Hoog\" \/>\n<meta property=\"og:description\" content=\"Sihtasutuses Hea Hoog vahendame ettev\u00f5tete tellimusi ning tagame tellimuste kvaliteetse ja t\u00e4htaegse t\u00e4itmise erivajadusega inimeste poolt. N\u00f5ustame ja abistame nii ettev\u00f5tjat kui ka erivajadusega inimest lepingute s\u00f5lmimisel ja t\u00f6\u00f6tamisega seotud asjaajamistel. Tagame tarviliku t\u00f6\u00f6alase v\u00e4lja\u00f5ppe ja erivajadusega inimese n\u00f5ustamise ning juhendamise t\u00f6\u00f6kohal. Valik meie poolt teostatavaid t\u00f6id:\u00a0\u00a0 tootmistegevus nii ettev\u00f5ttes kui tootmiseks kohandatud ruumides meie &hellip; Loe edasi &quot;Koost\u00f6\u00f6&quot;\" \/>\n<meta property=\"og:url\" content=\"https:\/\/www.hoolekandeteenused.ee\/heahoog\/tooandjale\/koostoo\/\" \/>\n<meta property=\"og:site_name\" content=\"Hea Hoog\" \/>\n<meta property=\"article:modified_time\" content=\"2024-08-13T09:23:58+00:00\" \/>\n<meta name=\"twitter:card\" content=\"summary_large_image\" \/>\n<meta name=\"twitter:label1\" content=\"Est. reading time\" \/>\n\t<meta name=\"twitter:data1\" content=\"1 minut\" \/>\n<script type=\"application\/ld+json\" class=\"yoast-schema-graph\">{\"@context\":\"https:\\\/\\\/schema.org\",\"@graph\":[{\"@type\":\"WebPage\",\"@id\":\"https:\\\/\\\/www.hoolekandeteenused.ee\\\/heahoog\\\/tooandjale\\\/koostoo\\\/\",\"url\":\"https:\\\/\\\/www.hoolekandeteenused.ee\\\/heahoog\\\/tooandjale\\\/koostoo\\\/\",\"name\":\"Koost\u00f6\u00f6 - Hea Hoog\",\"isPartOf\":{\"@id\":\"https:\\\/\\\/www.hoolekandeteenused.ee\\\/heahoog\\\/#website\"},\"datePublished\":\"2018-11-09T08:17:11+00:00\",\"dateModified\":\"2024-08-13T09:23:58+00:00\",\"breadcrumb\":{\"@id\":\"https:\\\/\\\/www.hoolekandeteenused.ee\\\/heahoog\\\/tooandjale\\\/koostoo\\\/#breadcrumb\"},\"inLanguage\":\"et\",\"potentialAction\":[{\"@type\":\"ReadAction\",\"target\":[\"https:\\\/\\\/www.hoolekandeteenused.ee\\\/heahoog\\\/tooandjale\\\/koostoo\\\/\"]}]},{\"@type\":\"BreadcrumbList\",\"@id\":\"https:\\\/\\\/www.hoolekandeteenused.ee\\\/heahoog\\\/tooandjale\\\/koostoo\\\/#breadcrumb\",\"itemListElement\":[{\"@type\":\"ListItem\",\"position\":1,\"name\":\"Home\",\"item\":\"https:\\\/\\\/www.hoolekandeteenused.ee\\\/heahoog\\\/\"},{\"@type\":\"ListItem\",\"position\":2,\"name\":\"T\u00f6\u00f6andjale\",\"item\":\"https:\\\/\\\/www.hoolekandeteenused.ee\\\/heahoog\\\/tooandjale\\\/\"},{\"@type\":\"ListItem\",\"position\":3,\"name\":\"Koost\u00f6\u00f6\"}]},{\"@type\":\"WebSite\",\"@id\":\"https:\\\/\\\/www.hoolekandeteenused.ee\\\/heahoog\\\/#website\",\"url\":\"https:\\\/\\\/www.hoolekandeteenused.ee\\\/heahoog\\\/\",\"name\":\"Hea Hoog\",\"description\":\"Just another Hoolekandeteenused site\",\"potentialAction\":[{\"@type\":\"SearchAction\",\"target\":{\"@type\":\"EntryPoint\",\"urlTemplate\":\"https:\\\/\\\/www.hoolekandeteenused.ee\\\/heahoog\\\/?s={search_term_string}\"},\"query-input\":{\"@type\":\"PropertyValueSpecification\",\"valueRequired\":true,\"valueName\":\"search_term_string\"}}],\"inLanguage\":\"et\"}]}<\/script>\n<!-- \/ Yoast SEO plugin. -->","yoast_head_json":{"title":"Koost\u00f6\u00f6 - Hea Hoog","robots":{"index":"index","follow":"follow","max-snippet":"max-snippet:-1","max-image-preview":"max-image-preview:large","max-video-preview":"max-video-preview:-1"},"canonical":"https:\/\/www.hoolekandeteenused.ee\/heahoog\/tooandjale\/koostoo\/","og_locale":"et_EE","og_type":"article","og_title":"Koost\u00f6\u00f6 - Hea Hoog","og_description":"Sihtasutuses Hea Hoog vahendame ettev\u00f5tete tellimusi ning tagame tellimuste kvaliteetse ja t\u00e4htaegse t\u00e4itmise erivajadusega inimeste poolt. N\u00f5ustame ja abistame nii ettev\u00f5tjat kui ka erivajadusega inimest lepingute s\u00f5lmimisel ja t\u00f6\u00f6tamisega seotud asjaajamistel. Tagame tarviliku t\u00f6\u00f6alase v\u00e4lja\u00f5ppe ja erivajadusega inimese n\u00f5ustamise ning juhendamise t\u00f6\u00f6kohal. Valik meie poolt teostatavaid t\u00f6id:\u00a0\u00a0 tootmistegevus nii ettev\u00f5ttes kui tootmiseks kohandatud ruumides meie &hellip; Loe edasi \"Koost\u00f6\u00f6\"","og_url":"https:\/\/www.hoolekandeteenused.ee\/heahoog\/tooandjale\/koostoo\/","og_site_name":"Hea Hoog","article_modified_time":"2024-08-13T09:23:58+00:00","twitter_card":"summary_large_image","twitter_misc":{"Est. reading time":"1 minut"},"schema":{"@context":"https:\/\/schema.org","@graph":[{"@type":"WebPage","@id":"https:\/\/www.hoolekandeteenused.ee\/heahoog\/tooandjale\/koostoo\/","url":"https:\/\/www.hoolekandeteenused.ee\/heahoog\/tooandjale\/koostoo\/","name":"Koost\u00f6\u00f6 - Hea Hoog","isPartOf":{"@id":"https:\/\/www.hoolekandeteenused.ee\/heahoog\/#website"},"datePublished":"2018-11-09T08:17:11+00:00","dateModified":"2024-08-13T09:23:58+00:00","breadcrumb":{"@id":"https:\/\/www.hoolekandeteenused.ee\/heahoog\/tooandjale\/koostoo\/#breadcrumb"},"inLanguage":"et","potentialAction":[{"@type":"ReadAction","target":["https:\/\/www.hoolekandeteenused.ee\/heahoog\/tooandjale\/koostoo\/"]}]},{"@type":"BreadcrumbList","@id":"https:\/\/www.hoolekandeteenused.ee\/heahoog\/tooandjale\/koostoo\/#breadcrumb","itemListElement":[{"@type":"ListItem","position":1,"name":"Home","item":"https:\/\/www.hoolekandeteenused.ee\/heahoog\/"},{"@type":"ListItem","position":2,"name":"T\u00f6\u00f6andjale","item":"https:\/\/www.hoolekandeteenused.ee\/heahoog\/tooandjale\/"},{"@type":"ListItem","position":3,"name":"Koost\u00f6\u00f6"}]},{"@type":"WebSite","@id":"https:\/\/www.hoolekandeteenused.ee\/heahoog\/#website","url":"https:\/\/www.hoolekandeteenused.ee\/heahoog\/","name":"Hea Hoog","description":"Just another Hoolekandeteenused site","potentialAction":[{"@type":"SearchAction","target":{"@type":"EntryPoint","urlTemplate":"https:\/\/www.hoolekandeteenused.ee\/heahoog\/?s={search_term_string}"},"query-input":{"@type":"PropertyValueSpecification","valueRequired":true,"valueName":"search_term_string"}}],"inLanguage":"et"}]}},"_links":{"self":[{"href":"https:\/\/www.hoolekandeteenused.ee\/heahoog\/wp-json\/wp\/v2\/pages\/169","targetHints":{"allow":["GET"]}}],"collection":[{"href":"https:\/\/www.hoolekandeteenused.ee\/heahoog\/wp-json\/wp\/v2\/pages"}],"about":[{"href":"https:\/\/www.hoolekandeteenused.ee\/heahoog\/wp-json\/wp\/v2\/types\/page"}],"author":[{"embeddable":true,"href":"https:\/\/www.hoolekandeteenused.ee\/heahoog\/wp-json\/wp\/v2\/users\/1"}],"replies":[{"embeddable":true,"href":"https:\/\/www.hoolekandeteenused.ee\/heahoog\/wp-json\/wp\/v2\/comments?post=169"}],"version-history":[{"count":8,"href":"https:\/\/www.hoolekandeteenused.ee\/heahoog\/wp-json\/wp\/v2\/pages\/169\/revisions"}],"predecessor-version":[{"id":1760,"href":"https:\/\/www.hoolekandeteenused.ee\/heahoog\/wp-json\/wp\/v2\/pages\/169\/revisions\/1760"}],"up":[{"embeddable":true,"href":"https:\/\/www.hoolekandeteenused.ee\/heahoog\/wp-json\/wp\/v2\/pages\/109"}],"wp:attachment":[{"href":"https:\/\/www.hoolekandeteenused.ee\/heahoog\/wp-json\/wp\/v2\/media?parent=169"}],"curies":[{"name":"wp","href":"https:\/\/api.w.org\/{rel}","templated":true}]}}