{"id":99,"date":"2018-11-08T13:51:51","date_gmt":"2018-11-08T13:51:51","guid":{"rendered":"http:\/\/www.hoolekandeteenused.ee\/heahoog\/?page_id=99"},"modified":"2026-02-17T12:24:30","modified_gmt":"2026-02-17T12:24:30","slug":"meist","status":"publish","type":"page","link":"https:\/\/www.hoolekandeteenused.ee\/heahoog\/meist\/","title":{"rendered":"Meist"},"content":{"rendered":"<p>2010. aastal asutatud Sihtasutus <a href=\"https:\/\/heahoog.ee\/\" target=\"_blank\" rel=\"noopener\">Hea Hoog<\/a> seisab \u00fchtsema \u00fchiskonna eest, luues ja vahendades t\u00f6\u00f6v\u00f5imalusi erivajadusega inimestele. 2025. aastal pakkus SA Hea Hoog t\u00f6\u00f6d enam kui 900 erivajadusega inimesele.<\/p>\n<p>Esialgu alustati t\u00f6\u00f6 tegemisega AS Hoolekandeteenused hooldekodude ruumides. Aja jooksul oleme kodudest eraldi asutatud t\u00f6\u00f6keskuste p\u00f5hjal n\u00e4inud, et v\u00f5imalus kodust lahkuda ja minna t\u00f6\u00f6le, annab normaalsele elukorraldusele v\u00e4ga palju kaasa. Nii on t\u00f5usnud ka t\u00f6\u00f6motivatsioon ja on parem kord t\u00f6\u00f6kohas. Inimesed on uhked, et nad l\u00e4hevad t\u00f6\u00f6le! Nende t\u00f6\u00f6keskuste eeskujul soovime ka edaspidi asutada t\u00f6\u00f6keskusi kodudest eemale, et t\u00f6\u00f6l k\u00e4imine oleks oluliselt eristatav osa p\u00e4evast.<\/p>\n<p>T\u00e4naseks asub \u00fcle Eesti 12 t\u00f6\u00f6keskust. T\u00f6\u00f6keskustes alustatakse t\u00f6\u00f6harjumuse loomisega ning erinevate t\u00f6\u00f6v\u00f5tete \u00f5ppimisega. Meie tegevusjuhendajad \u00f5pivad igat inimest, tema v\u00f5imekust ja soove tundma ning erinevate t\u00f6\u00f6de harjutamise tulemusena leiame talle sobivaima t\u00f6\u00f6.\u00a0<\/p>\n<p><a href=\"https:\/\/heahoog.ee\/\" target=\"_blank\" rel=\"noopener\">SA Hea Hoog<\/a> osutab Sotsiaalkindlustusameti poolt pakutavat t\u00f6\u00f6tamise toetamise teenust.\u00a0<\/p>\n<p><strong>Tegusam elu koost\u00f6\u00f6s ettev\u00f5tjatega<\/strong><\/p>\n<p>Vahendame ettev\u00f5tete tellimusi ning tagame tellimuste kvaliteetse ja t\u00e4htaegse t\u00e4itmise erivajadusega inimeste poolt. N\u00f5ustame ja abistame nii ettev\u00f5tjat kui ka erivajadusega inimest lepingute s\u00f5lmimisel ja t\u00f6\u00f6tamisega seotud asjaajamistel. Tagame tarviliku t\u00f6\u00f6alase v\u00e4lja\u00f5ppe ja erivajadusega inimese n\u00f5ustamise ning juhendamise t\u00f6\u00f6kohal.<\/p>\n<p><strong>Valik meie poolt teostatavaid t\u00f6id:\u00a0<\/strong>\u00a0<\/p>\n<ul>\n<li>tootmistegevus nii ettev\u00f5ttes kui tootmiseks kohandatud ruumides meie kodudes (n\u00e4iteks ventilatsioonis\u00fcsteemide filtrite ja filtrielementide valmistamine);<\/li>\n<li>toodete komplekteerimine ja pakendamine (n\u00e4iteks helkurid, kinnitusdetailid);<\/li>\n<li>puhastusteenused \u2013 ruumide korrashoid; territooriumi korrashoid: muru niitmine, riisumine, lumekoristus;<\/li>\n<li>abit\u00f6\u00f6d\u00a0 ettev\u00f5tetes (n\u00e4iteks puude saagimine, l\u00f5hkumine ja pakendamine v\u00f5rkkottidesse);<\/li>\n<li>abit\u00f6\u00f6d k\u00f6\u00f6gis: toiduainete t\u00f6\u00f6tlus ja ettevalmistus, n\u00f5udepesu, laudade katmine, koristamine;<\/li>\n<li>aia- ja p\u00f5llut\u00f6\u00f6d: taimede istutamine, hooldamine, saagi koristamine, t\u00f6\u00f6tlus, ladustamine ja ettevalmistus m\u00fc\u00fcgiks; abit\u00f6\u00f6d loomapidamises;<\/li>\n<li>k\u00e4sit\u00f6\u00f6toodete valmistamine: keraamika (tassid, vaagnad, lillevaasid\u2026), vaibad, sussid, saunam\u00fctsid ja palju muud.<\/li>\n<\/ul>\n\n\n<h2 class=\"wp-block-heading\"><strong>Kellele on m\u00f5eldud toetatud t\u00f6\u00f6tamise teenus?<\/strong><\/h2>\n\n\n\n<p>Toetatud t\u00f6\u00f6tamise teenus on m\u00f5eldud ps\u00fc\u00fchikah\u00e4irega puuduva t\u00f6\u00f6v\u00f5imega t\u00e4isealisele inimesele, kes vajab enne t\u00f6\u00f6le asumist v\u00f5i t\u00f6\u00f6tamise ajal pidevalt toetust ja juhendamist<\/p>\n\n\n\n<p><strong>Milline on toetatud t\u00f6\u00f6tamise teenuse eesm\u00e4rk?<\/strong><\/p>\n\n\n\n<p>Toetatud t\u00f6\u00f6tamise teenuse eesm\u00e4rk on juhendada ja n\u00f5ustada isikut, toetada tema iseseisvat toimetulekut, parandada elukvaliteeti tema v\u00f5imetele sobiva t\u00f6\u00f6 otsimise ja t\u00f6\u00f6tamise ajal ning valmistada isikut ette v\u00f5imaluse korral iseseisvalt ilma toetuseta t\u00f6\u00f6le asuma.<\/p>\n\n\n\n<p><strong>Millal ja kus\u00a0teenust osutatakse?<\/strong><\/p>\n\n\n\n<p>Teenuse osutamine toimub vastavalt inimese vajadustele sobivas kohas, mis on kokku lepitud teenuseosutajaga. See v\u00f5ib olla inimese kodus, t\u00f6\u00f6keskuses, t\u00f6\u00f6andja juures v\u00f5i mujal, olenevalt teenuse tegevustest. Teenuseosutaja v\u00f5ib lisaks avatud t\u00f6\u00f6turule t\u00f6\u00f6le aitamisele pakkuda v\u00f5imalust t\u00f6\u00f6tada t\u00f6\u00f6keskuses v\u00f5i muul ettev\u00f5ttega seotud ametikohal. Kui inimene ei ole v\u00f5imeline v\u00f5i ei ole veel valmis iseseisvalt t\u00f6\u00f6tama, siis teenuse osutamine j\u00e4tkub ja inimest toetatakse temale vajalikus ulatuses.<\/p>\n\n\n\n<p><strong>Mille eest tuleb tasuda?<\/strong><\/p>\n\n\n\n<p>T\u00f6\u00f6tamise toetamise teenust rahastab Sotsiaalkindlustusamet. Sotsiaalkindlustusameti suunamisotsuse olemasolul on teenus inimesele tasuta.<\/p>\n\n\n\n<p><strong>Kuidas saada teenusele?<\/strong><\/p>\n\n\n\n<p>Esita sotsiaalkindlustusametile\u00a0<a href=\"https:\/\/www.sotsiaalkindlustusamet.ee\/node\/190#erihoolekanne\">erihoolekande teenuste taotlus<\/a>.<\/p>\n\n\n\n<p>Taotluse esitamiseks on viis v\u00f5imalust \u2013 vali, milline neist on sulle mugavam:<\/p>\n\n\n\n<ul class=\"wp-block-list\">\n<li>t\u00e4ida taotlus\u00a0<a href=\"https:\/\/www.sotsiaalkindlustusamet.ee\/asutus-uudised-ja-kontakt\/kontaktid\/klienditeenindused\">sotsiaalkindlustusameti klienditeeninduses<\/a><\/li>\n\n\n\n<li>lepi\u00a0aeg kokku ja koosta\u00a0taotlus koos erihoolekande konsultandiga<\/li>\n\n\n\n<li>saada taotlus postiaadressil\u00a0Paldiski mnt 80, 15092 Tallinn<\/li>\n\n\n\n<li>saada digiallkirjastatud\u00a0taotlus e-posti aadressil\u00a0<a href=\"mailto:info@sotsiaalkindlustusamet.ee\">info@sotsiaalkindlustusamet.ee<\/a><\/li>\n\n\n\n<li>esita taotlus\u00a0<a href=\"https:\/\/iseteenindus.sotsiaalkindlustusamet.ee\/dashboard\/portal\/login?url=%2Fdashboard%2Fportal\">iseteeninduses<\/a>\u00a0suhtluse ja teavituse kaudu<\/li>\n<\/ul>\n\n\n\n<p>T\u00e4psemat infot ja n\u00f5ustamist erihoolekande teenuste kohta saad\u00a0teenuste konsultandilt.\u00a0<\/p>\n\n\n\n<p><a href=\"https:\/\/www.sotsiaalkindlustusamet.ee\/sites\/default\/files\/documents\/2024-07\/Konsultantide%20piirkonnad_ja%20kontaktid_alates_10.07.2024.xlsx\"><strong>Erihoolekandeteenuste konsultandid\u00a0<\/strong>| 28.78 KB | xlsx<\/a><\/p>\n\n\n\n<p>Taotluse ja muude dokumentide esitamisest alates 40 t\u00f6\u00f6p\u00e4eva jooksul v\u00f5tab erihoolekande konsultant sinuga \u00fchendust ja annab teada, kas ja millise teenusega saab sinu elu ja toimetulekut paremaks muuta.\u00a0<\/p>\n","protected":false},"excerpt":{"rendered":"<p>2010. aastal asutatud Sihtasutus Hea Hoog seisab \u00fchtsema \u00fchiskonna eest, luues ja vahendades t\u00f6\u00f6v\u00f5imalusi erivajadusega inimestele. 2025. aastal pakkus SA Hea Hoog t\u00f6\u00f6d enam kui 900 erivajadusega inimesele. Esialgu alustati t\u00f6\u00f6 tegemisega AS Hoolekandeteenused hooldekodude ruumides. Aja jooksul oleme kodudest eraldi asutatud t\u00f6\u00f6keskuste p\u00f5hjal n\u00e4inud, et v\u00f5imalus kodust lahkuda ja minna t\u00f6\u00f6le, annab normaalsele elukorraldusele &hellip; <a href=\"https:\/\/www.hoolekandeteenused.ee\/heahoog\/meist\/\" class=\"more-link\">Loe edasi<span class=\"screen-reader-text\"> &#8220;Meist&#8221;<\/span><\/a><\/p>\n","protected":false},"author":1,"featured_media":0,"parent":0,"menu_order":0,"comment_status":"closed","ping_status":"closed","template":"textpage.php","meta":{"_acf_changed":false,"footnotes":""},"class_list":["post-99","page","type-page","status-publish","hentry"],"acf":[],"yoast_head":"<!-- This site is optimized with the Yoast SEO plugin v27.3 - https:\/\/yoast.com\/product\/yoast-seo-wordpress\/ -->\n<title>Meist - Hea Hoog<\/title>\n<meta name=\"robots\" content=\"index, follow, max-snippet:-1, max-image-preview:large, max-video-preview:-1\" \/>\n<link rel=\"canonical\" href=\"https:\/\/www.hoolekandeteenused.ee\/heahoog\/meist\/\" \/>\n<meta property=\"og:locale\" content=\"et_EE\" \/>\n<meta property=\"og:type\" content=\"article\" \/>\n<meta property=\"og:title\" content=\"Meist - Hea Hoog\" \/>\n<meta property=\"og:description\" content=\"2010. aastal asutatud Sihtasutus Hea Hoog seisab \u00fchtsema \u00fchiskonna eest, luues ja vahendades t\u00f6\u00f6v\u00f5imalusi erivajadusega inimestele. 2025. aastal pakkus SA Hea Hoog t\u00f6\u00f6d enam kui 900 erivajadusega inimesele. Esialgu alustati t\u00f6\u00f6 tegemisega AS Hoolekandeteenused hooldekodude ruumides. Aja jooksul oleme kodudest eraldi asutatud t\u00f6\u00f6keskuste p\u00f5hjal n\u00e4inud, et v\u00f5imalus kodust lahkuda ja minna t\u00f6\u00f6le, annab normaalsele elukorraldusele &hellip; Loe edasi &quot;Meist&quot;\" \/>\n<meta property=\"og:url\" content=\"https:\/\/www.hoolekandeteenused.ee\/heahoog\/meist\/\" \/>\n<meta property=\"og:site_name\" content=\"Hea Hoog\" \/>\n<meta property=\"article:modified_time\" content=\"2026-02-17T12:24:30+00:00\" \/>\n<meta name=\"twitter:card\" content=\"summary_large_image\" \/>\n<meta name=\"twitter:label1\" content=\"Est. reading time\" \/>\n\t<meta name=\"twitter:data1\" content=\"3 minutit\" \/>\n<script type=\"application\/ld+json\" class=\"yoast-schema-graph\">{\"@context\":\"https:\\\/\\\/schema.org\",\"@graph\":[{\"@type\":\"WebPage\",\"@id\":\"https:\\\/\\\/www.hoolekandeteenused.ee\\\/heahoog\\\/meist\\\/\",\"url\":\"https:\\\/\\\/www.hoolekandeteenused.ee\\\/heahoog\\\/meist\\\/\",\"name\":\"Meist - Hea Hoog\",\"isPartOf\":{\"@id\":\"https:\\\/\\\/www.hoolekandeteenused.ee\\\/heahoog\\\/#website\"},\"datePublished\":\"2018-11-08T13:51:51+00:00\",\"dateModified\":\"2026-02-17T12:24:30+00:00\",\"breadcrumb\":{\"@id\":\"https:\\\/\\\/www.hoolekandeteenused.ee\\\/heahoog\\\/meist\\\/#breadcrumb\"},\"inLanguage\":\"et\",\"potentialAction\":[{\"@type\":\"ReadAction\",\"target\":[\"https:\\\/\\\/www.hoolekandeteenused.ee\\\/heahoog\\\/meist\\\/\"]}]},{\"@type\":\"BreadcrumbList\",\"@id\":\"https:\\\/\\\/www.hoolekandeteenused.ee\\\/heahoog\\\/meist\\\/#breadcrumb\",\"itemListElement\":[{\"@type\":\"ListItem\",\"position\":1,\"name\":\"Home\",\"item\":\"https:\\\/\\\/www.hoolekandeteenused.ee\\\/heahoog\\\/\"},{\"@type\":\"ListItem\",\"position\":2,\"name\":\"Meist\"}]},{\"@type\":\"WebSite\",\"@id\":\"https:\\\/\\\/www.hoolekandeteenused.ee\\\/heahoog\\\/#website\",\"url\":\"https:\\\/\\\/www.hoolekandeteenused.ee\\\/heahoog\\\/\",\"name\":\"Hea Hoog\",\"description\":\"Just another Hoolekandeteenused site\",\"potentialAction\":[{\"@type\":\"SearchAction\",\"target\":{\"@type\":\"EntryPoint\",\"urlTemplate\":\"https:\\\/\\\/www.hoolekandeteenused.ee\\\/heahoog\\\/?s={search_term_string}\"},\"query-input\":{\"@type\":\"PropertyValueSpecification\",\"valueRequired\":true,\"valueName\":\"search_term_string\"}}],\"inLanguage\":\"et\"}]}<\/script>\n<!-- \/ Yoast SEO plugin. -->","yoast_head_json":{"title":"Meist - Hea Hoog","robots":{"index":"index","follow":"follow","max-snippet":"max-snippet:-1","max-image-preview":"max-image-preview:large","max-video-preview":"max-video-preview:-1"},"canonical":"https:\/\/www.hoolekandeteenused.ee\/heahoog\/meist\/","og_locale":"et_EE","og_type":"article","og_title":"Meist - Hea Hoog","og_description":"2010. aastal asutatud Sihtasutus Hea Hoog seisab \u00fchtsema \u00fchiskonna eest, luues ja vahendades t\u00f6\u00f6v\u00f5imalusi erivajadusega inimestele. 2025. aastal pakkus SA Hea Hoog t\u00f6\u00f6d enam kui 900 erivajadusega inimesele. Esialgu alustati t\u00f6\u00f6 tegemisega AS Hoolekandeteenused hooldekodude ruumides. Aja jooksul oleme kodudest eraldi asutatud t\u00f6\u00f6keskuste p\u00f5hjal n\u00e4inud, et v\u00f5imalus kodust lahkuda ja minna t\u00f6\u00f6le, annab normaalsele elukorraldusele &hellip; Loe edasi \"Meist\"","og_url":"https:\/\/www.hoolekandeteenused.ee\/heahoog\/meist\/","og_site_name":"Hea Hoog","article_modified_time":"2026-02-17T12:24:30+00:00","twitter_card":"summary_large_image","twitter_misc":{"Est. reading time":"3 minutit"},"schema":{"@context":"https:\/\/schema.org","@graph":[{"@type":"WebPage","@id":"https:\/\/www.hoolekandeteenused.ee\/heahoog\/meist\/","url":"https:\/\/www.hoolekandeteenused.ee\/heahoog\/meist\/","name":"Meist - Hea Hoog","isPartOf":{"@id":"https:\/\/www.hoolekandeteenused.ee\/heahoog\/#website"},"datePublished":"2018-11-08T13:51:51+00:00","dateModified":"2026-02-17T12:24:30+00:00","breadcrumb":{"@id":"https:\/\/www.hoolekandeteenused.ee\/heahoog\/meist\/#breadcrumb"},"inLanguage":"et","potentialAction":[{"@type":"ReadAction","target":["https:\/\/www.hoolekandeteenused.ee\/heahoog\/meist\/"]}]},{"@type":"BreadcrumbList","@id":"https:\/\/www.hoolekandeteenused.ee\/heahoog\/meist\/#breadcrumb","itemListElement":[{"@type":"ListItem","position":1,"name":"Home","item":"https:\/\/www.hoolekandeteenused.ee\/heahoog\/"},{"@type":"ListItem","position":2,"name":"Meist"}]},{"@type":"WebSite","@id":"https:\/\/www.hoolekandeteenused.ee\/heahoog\/#website","url":"https:\/\/www.hoolekandeteenused.ee\/heahoog\/","name":"Hea Hoog","description":"Just another Hoolekandeteenused site","potentialAction":[{"@type":"SearchAction","target":{"@type":"EntryPoint","urlTemplate":"https:\/\/www.hoolekandeteenused.ee\/heahoog\/?s={search_term_string}"},"query-input":{"@type":"PropertyValueSpecification","valueRequired":true,"valueName":"search_term_string"}}],"inLanguage":"et"}]}},"_links":{"self":[{"href":"https:\/\/www.hoolekandeteenused.ee\/heahoog\/wp-json\/wp\/v2\/pages\/99","targetHints":{"allow":["GET"]}}],"collection":[{"href":"https:\/\/www.hoolekandeteenused.ee\/heahoog\/wp-json\/wp\/v2\/pages"}],"about":[{"href":"https:\/\/www.hoolekandeteenused.ee\/heahoog\/wp-json\/wp\/v2\/types\/page"}],"author":[{"embeddable":true,"href":"https:\/\/www.hoolekandeteenused.ee\/heahoog\/wp-json\/wp\/v2\/users\/1"}],"replies":[{"embeddable":true,"href":"https:\/\/www.hoolekandeteenused.ee\/heahoog\/wp-json\/wp\/v2\/comments?post=99"}],"version-history":[{"count":17,"href":"https:\/\/www.hoolekandeteenused.ee\/heahoog\/wp-json\/wp\/v2\/pages\/99\/revisions"}],"predecessor-version":[{"id":1979,"href":"https:\/\/www.hoolekandeteenused.ee\/heahoog\/wp-json\/wp\/v2\/pages\/99\/revisions\/1979"}],"wp:attachment":[{"href":"https:\/\/www.hoolekandeteenused.ee\/heahoog\/wp-json\/wp\/v2\/media?parent=99"}],"curies":[{"name":"wp","href":"https:\/\/api.w.org\/{rel}","templated":true}]}}