{"id":334,"date":"2020-03-10T13:26:18","date_gmt":"2020-03-10T13:26:18","guid":{"rendered":"https:\/\/www.hoolekandeteenused.ee\/majutuskeskus\/?page_id=334"},"modified":"2025-06-09T18:15:01","modified_gmt":"2025-06-09T18:15:01","slug":"accommodation-centre-for-asylum-seekers","status":"publish","type":"page","link":"https:\/\/www.hoolekandeteenused.ee\/majutuskeskus\/en\/","title":{"rendered":"Accommodation Centre for Asylum Seekers"},"content":{"rendered":"\n<p>The task of the Accommodation Centre for Asylum Seekers (Vao Centre and V\u00e4geva Centre) is to arrange for the accommodation in local authorities of those receiving their services and international protection.<\/p>\n\n\n\n<p>The centre arranges accommodation for asylum seekers\nas well as other services that help to support and maintain the individual\u2019s\nability to cope during international protection procedures. We help them adjust\nto life in Estonia through various activities, to learn the Estonian language\nand traditions, to find schools and jobs and to communicate with public\ninstitutions.<\/p>\n\n\n\n<p>At the centre, the option of learning Estonian three\ntimes a week is offered and experience shows that those who participate in the\nlessons are able to communicate in Estonian within just 3-4 months.<\/p>\n\n\n\n<p>Four times a month, an \u2018Adjustment Caf\u00e9\u2019 is held at\nthe centres. This is a programme which provides individuals who have arrived\nfrom abroad with knowledge about such areas as local traditions, culture,\nlearning and climate.<\/p>\n\n\n\n<p>An employment mentor provides the residents with\nknowledge of the job market in Estonia and information on how to find a\nsuitable job.<\/p>\n\n\n\n<p>In Vao, the service is available for up to 70 asylum seekers at a time. In V\u00e4geva, up to 30 asylum seekers can use the service at one time. Under exceptional circumstances, we are able to provide accommodation for a larger number of people with 24 hours\u2019 notice. We are also able to provide transportation for asylum seekers moving between homes.<\/p>\n\n\n\n<p>AS Hoolekandeteenused provides the accommodation centre service on the basis of a contract entered into with the Social Insurance Board.<\/p>\n\n\n\n<h4 class=\"wp-block-heading\"><a><strong>Our partners<\/strong><\/a><\/h4>\n\n\n\n<p>Police and Border Guard Board<\/p>\n\n\n\n<p>Ministry of the Interior, Ministry of Social Affairs,\nMinistry of Education and Research<\/p>\n\n\n\n<p>International Organisation for Migration (cultural\norientation training, assisting migrants who wish to return to their countries\nof origin)<\/p>\n\n\n\n<p>NGOs dealing with refugees (translating and interpreting, sponsorship, joint activities, etc.) \u2013 the Estonian Refugee Council, the Human Rights Centre and others.<\/p>\n\n\n\n<p><\/p>\n\n\n\n<p>Contact: <\/p>\n\n\n\n<p>Pargi 5, Vao k\u00fcla<br>V\u00e4ike-Maarja vald<br>46230 L\u00e4\u00e4ne-Virumaa<\/p>\n\n\n\n<p>Phone: +372 5301 9763<br>E-mail:\u00a0jana.selesneva@hoolekandeteenused.ee<\/p>\n","protected":false},"excerpt":{"rendered":"<p>The task of the Accommodation Centre for Asylum Seekers (Vao Centre and V\u00e4geva Centre) is to arrange for the accommodation in local authorities of those receiving their services and international protection. The centre arranges accommodation for asylum seekers as well as other services that help to support and maintain the individual\u2019s ability to cope during &hellip; <a href=\"https:\/\/www.hoolekandeteenused.ee\/majutuskeskus\/en\/\" class=\"more-link\">Continue reading<span class=\"screen-reader-text\"> &#8220;Accommodation Centre for Asylum Seekers&#8221;<\/span><\/a><\/p>\n","protected":false},"author":18,"featured_media":228,"parent":0,"menu_order":0,"comment_status":"closed","ping_status":"closed","template":"page-majutuskeskus_index.php","meta":{"_acf_changed":false,"footnotes":""},"class_list":["post-334","page","type-page","status-publish","has-post-thumbnail","hentry"],"acf":[],"yoast_head":"<!-- This site is optimized with the Yoast SEO plugin v27.5 - https:\/\/yoast.com\/product\/yoast-seo-wordpress\/ -->\n<title>Accommodation Centre for Asylum Seekers - Varjupaigataotlejate Majutuskeskus<\/title>\n<meta name=\"robots\" content=\"index, follow, max-snippet:-1, max-image-preview:large, max-video-preview:-1\" \/>\n<link rel=\"canonical\" href=\"https:\/\/www.hoolekandeteenused.ee\/majutuskeskus\/accommodation-centre-for-asylum-seekers\/\" \/>\n<meta property=\"og:locale\" content=\"en_US\" \/>\n<meta property=\"og:type\" content=\"article\" \/>\n<meta property=\"og:title\" content=\"Accommodation Centre for Asylum Seekers - Varjupaigataotlejate Majutuskeskus\" \/>\n<meta property=\"og:description\" content=\"The task of the Accommodation Centre for Asylum Seekers (Vao Centre and V\u00e4geva Centre) is to arrange for the accommodation in local authorities of those receiving their services and international protection. The centre arranges accommodation for asylum seekers as well as other services that help to support and maintain the individual\u2019s ability to cope during &hellip; Continue reading &quot;Accommodation Centre for Asylum Seekers&quot;\" \/>\n<meta property=\"og:url\" content=\"https:\/\/www.hoolekandeteenused.ee\/majutuskeskus\/accommodation-centre-for-asylum-seekers\/\" \/>\n<meta property=\"og:site_name\" content=\"Varjupaigataotlejate Majutuskeskus\" \/>\n<meta property=\"article:modified_time\" content=\"2025-06-09T18:15:01+00:00\" \/>\n<meta property=\"og:image\" content=\"https:\/\/www.hoolekandeteenused.ee\/majutuskeskus\/wp-content\/uploads\/sites\/3\/2019\/03\/P6164451-1024x576.jpg\" \/>\n\t<meta property=\"og:image:width\" content=\"1024\" \/>\n\t<meta property=\"og:image:height\" content=\"576\" \/>\n\t<meta property=\"og:image:type\" content=\"image\/jpeg\" \/>\n<meta name=\"twitter:card\" content=\"summary_large_image\" \/>\n<meta name=\"twitter:label1\" content=\"Est. reading time\" \/>\n\t<meta name=\"twitter:data1\" content=\"3 minutes\" \/>\n<script type=\"application\/ld+json\" class=\"yoast-schema-graph\">{\"@context\":\"https:\\\/\\\/schema.org\",\"@graph\":[{\"@type\":\"WebPage\",\"@id\":\"https:\\\/\\\/www.hoolekandeteenused.ee\\\/majutuskeskus\\\/accommodation-centre-for-asylum-seekers\\\/\",\"url\":\"https:\\\/\\\/www.hoolekandeteenused.ee\\\/majutuskeskus\\\/accommodation-centre-for-asylum-seekers\\\/\",\"name\":\"Accommodation Centre for Asylum Seekers - Varjupaigataotlejate Majutuskeskus\",\"isPartOf\":{\"@id\":\"https:\\\/\\\/www.hoolekandeteenused.ee\\\/majutuskeskus\\\/en\\\/#website\"},\"primaryImageOfPage\":{\"@id\":\"https:\\\/\\\/www.hoolekandeteenused.ee\\\/majutuskeskus\\\/accommodation-centre-for-asylum-seekers\\\/#primaryimage\"},\"image\":{\"@id\":\"https:\\\/\\\/www.hoolekandeteenused.ee\\\/majutuskeskus\\\/accommodation-centre-for-asylum-seekers\\\/#primaryimage\"},\"thumbnailUrl\":\"https:\\\/\\\/www.hoolekandeteenused.ee\\\/majutuskeskus\\\/wp-content\\\/uploads\\\/sites\\\/3\\\/2019\\\/03\\\/P6164451.jpg\",\"datePublished\":\"2020-03-10T13:26:18+00:00\",\"dateModified\":\"2025-06-09T18:15:01+00:00\",\"breadcrumb\":{\"@id\":\"https:\\\/\\\/www.hoolekandeteenused.ee\\\/majutuskeskus\\\/accommodation-centre-for-asylum-seekers\\\/#breadcrumb\"},\"inLanguage\":\"en-US\",\"potentialAction\":[{\"@type\":\"ReadAction\",\"target\":[\"https:\\\/\\\/www.hoolekandeteenused.ee\\\/majutuskeskus\\\/accommodation-centre-for-asylum-seekers\\\/\"]}]},{\"@type\":\"ImageObject\",\"inLanguage\":\"en-US\",\"@id\":\"https:\\\/\\\/www.hoolekandeteenused.ee\\\/majutuskeskus\\\/accommodation-centre-for-asylum-seekers\\\/#primaryimage\",\"url\":\"https:\\\/\\\/www.hoolekandeteenused.ee\\\/majutuskeskus\\\/wp-content\\\/uploads\\\/sites\\\/3\\\/2019\\\/03\\\/P6164451.jpg\",\"contentUrl\":\"https:\\\/\\\/www.hoolekandeteenused.ee\\\/majutuskeskus\\\/wp-content\\\/uploads\\\/sites\\\/3\\\/2019\\\/03\\\/P6164451.jpg\",\"width\":4608,\"height\":2592,\"caption\":\"OLYMPUS DIGITAL CAMERA\"},{\"@type\":\"BreadcrumbList\",\"@id\":\"https:\\\/\\\/www.hoolekandeteenused.ee\\\/majutuskeskus\\\/accommodation-centre-for-asylum-seekers\\\/#breadcrumb\",\"itemListElement\":[{\"@type\":\"ListItem\",\"position\":1,\"name\":\"Home\",\"item\":\"https:\\\/\\\/www.hoolekandeteenused.ee\\\/majutuskeskus\\\/accommodation-centre-for-asylum-seekers\\\/\"},{\"@type\":\"ListItem\",\"position\":2,\"name\":\"Accommodation Centre for Asylum Seekers\"}]},{\"@type\":\"WebSite\",\"@id\":\"https:\\\/\\\/www.hoolekandeteenused.ee\\\/majutuskeskus\\\/en\\\/#website\",\"url\":\"https:\\\/\\\/www.hoolekandeteenused.ee\\\/majutuskeskus\\\/en\\\/\",\"name\":\"Varjupaigataotlejate Majutuskeskus\",\"description\":\"Just another Hoolekandeteenused site\",\"potentialAction\":[{\"@type\":\"SearchAction\",\"target\":{\"@type\":\"EntryPoint\",\"urlTemplate\":\"https:\\\/\\\/www.hoolekandeteenused.ee\\\/majutuskeskus\\\/en\\\/?s={search_term_string}\"},\"query-input\":{\"@type\":\"PropertyValueSpecification\",\"valueRequired\":true,\"valueName\":\"search_term_string\"}}],\"inLanguage\":\"en-US\"}]}<\/script>\n<!-- \/ Yoast SEO plugin. -->","yoast_head_json":{"title":"Accommodation Centre for Asylum Seekers - Varjupaigataotlejate Majutuskeskus","robots":{"index":"index","follow":"follow","max-snippet":"max-snippet:-1","max-image-preview":"max-image-preview:large","max-video-preview":"max-video-preview:-1"},"canonical":"https:\/\/www.hoolekandeteenused.ee\/majutuskeskus\/accommodation-centre-for-asylum-seekers\/","og_locale":"en_US","og_type":"article","og_title":"Accommodation Centre for Asylum Seekers - Varjupaigataotlejate Majutuskeskus","og_description":"The task of the Accommodation Centre for Asylum Seekers (Vao Centre and V\u00e4geva Centre) is to arrange for the accommodation in local authorities of those receiving their services and international protection. The centre arranges accommodation for asylum seekers as well as other services that help to support and maintain the individual\u2019s ability to cope during &hellip; Continue reading \"Accommodation Centre for Asylum Seekers\"","og_url":"https:\/\/www.hoolekandeteenused.ee\/majutuskeskus\/accommodation-centre-for-asylum-seekers\/","og_site_name":"Varjupaigataotlejate Majutuskeskus","article_modified_time":"2025-06-09T18:15:01+00:00","og_image":[{"width":1024,"height":576,"url":"https:\/\/www.hoolekandeteenused.ee\/majutuskeskus\/wp-content\/uploads\/sites\/3\/2019\/03\/P6164451-1024x576.jpg","type":"image\/jpeg"}],"twitter_card":"summary_large_image","twitter_misc":{"Est. reading time":"3 minutes"},"schema":{"@context":"https:\/\/schema.org","@graph":[{"@type":"WebPage","@id":"https:\/\/www.hoolekandeteenused.ee\/majutuskeskus\/accommodation-centre-for-asylum-seekers\/","url":"https:\/\/www.hoolekandeteenused.ee\/majutuskeskus\/accommodation-centre-for-asylum-seekers\/","name":"Accommodation Centre for Asylum Seekers - Varjupaigataotlejate Majutuskeskus","isPartOf":{"@id":"https:\/\/www.hoolekandeteenused.ee\/majutuskeskus\/en\/#website"},"primaryImageOfPage":{"@id":"https:\/\/www.hoolekandeteenused.ee\/majutuskeskus\/accommodation-centre-for-asylum-seekers\/#primaryimage"},"image":{"@id":"https:\/\/www.hoolekandeteenused.ee\/majutuskeskus\/accommodation-centre-for-asylum-seekers\/#primaryimage"},"thumbnailUrl":"https:\/\/www.hoolekandeteenused.ee\/majutuskeskus\/wp-content\/uploads\/sites\/3\/2019\/03\/P6164451.jpg","datePublished":"2020-03-10T13:26:18+00:00","dateModified":"2025-06-09T18:15:01+00:00","breadcrumb":{"@id":"https:\/\/www.hoolekandeteenused.ee\/majutuskeskus\/accommodation-centre-for-asylum-seekers\/#breadcrumb"},"inLanguage":"en-US","potentialAction":[{"@type":"ReadAction","target":["https:\/\/www.hoolekandeteenused.ee\/majutuskeskus\/accommodation-centre-for-asylum-seekers\/"]}]},{"@type":"ImageObject","inLanguage":"en-US","@id":"https:\/\/www.hoolekandeteenused.ee\/majutuskeskus\/accommodation-centre-for-asylum-seekers\/#primaryimage","url":"https:\/\/www.hoolekandeteenused.ee\/majutuskeskus\/wp-content\/uploads\/sites\/3\/2019\/03\/P6164451.jpg","contentUrl":"https:\/\/www.hoolekandeteenused.ee\/majutuskeskus\/wp-content\/uploads\/sites\/3\/2019\/03\/P6164451.jpg","width":4608,"height":2592,"caption":"OLYMPUS DIGITAL CAMERA"},{"@type":"BreadcrumbList","@id":"https:\/\/www.hoolekandeteenused.ee\/majutuskeskus\/accommodation-centre-for-asylum-seekers\/#breadcrumb","itemListElement":[{"@type":"ListItem","position":1,"name":"Home","item":"https:\/\/www.hoolekandeteenused.ee\/majutuskeskus\/accommodation-centre-for-asylum-seekers\/"},{"@type":"ListItem","position":2,"name":"Accommodation Centre for Asylum Seekers"}]},{"@type":"WebSite","@id":"https:\/\/www.hoolekandeteenused.ee\/majutuskeskus\/en\/#website","url":"https:\/\/www.hoolekandeteenused.ee\/majutuskeskus\/en\/","name":"Varjupaigataotlejate Majutuskeskus","description":"Just another Hoolekandeteenused site","potentialAction":[{"@type":"SearchAction","target":{"@type":"EntryPoint","urlTemplate":"https:\/\/www.hoolekandeteenused.ee\/majutuskeskus\/en\/?s={search_term_string}"},"query-input":{"@type":"PropertyValueSpecification","valueRequired":true,"valueName":"search_term_string"}}],"inLanguage":"en-US"}]}},"_links":{"self":[{"href":"https:\/\/www.hoolekandeteenused.ee\/majutuskeskus\/en\/wp-json\/wp\/v2\/pages\/334","targetHints":{"allow":["GET"]}}],"collection":[{"href":"https:\/\/www.hoolekandeteenused.ee\/majutuskeskus\/en\/wp-json\/wp\/v2\/pages"}],"about":[{"href":"https:\/\/www.hoolekandeteenused.ee\/majutuskeskus\/en\/wp-json\/wp\/v2\/types\/page"}],"author":[{"embeddable":true,"href":"https:\/\/www.hoolekandeteenused.ee\/majutuskeskus\/en\/wp-json\/wp\/v2\/users\/18"}],"replies":[{"embeddable":true,"href":"https:\/\/www.hoolekandeteenused.ee\/majutuskeskus\/en\/wp-json\/wp\/v2\/comments?post=334"}],"version-history":[{"count":15,"href":"https:\/\/www.hoolekandeteenused.ee\/majutuskeskus\/en\/wp-json\/wp\/v2\/pages\/334\/revisions"}],"predecessor-version":[{"id":602,"href":"https:\/\/www.hoolekandeteenused.ee\/majutuskeskus\/en\/wp-json\/wp\/v2\/pages\/334\/revisions\/602"}],"wp:featuredmedia":[{"embeddable":true,"href":"https:\/\/www.hoolekandeteenused.ee\/majutuskeskus\/en\/wp-json\/wp\/v2\/media\/228"}],"wp:attachment":[{"href":"https:\/\/www.hoolekandeteenused.ee\/majutuskeskus\/en\/wp-json\/wp\/v2\/media?parent=334"}],"curies":[{"name":"wp","href":"https:\/\/api.w.org\/{rel}","templated":true}]}}