{"id":107,"date":"2018-11-09T08:48:33","date_gmt":"2018-11-09T08:48:33","guid":{"rendered":"http:\/\/www.hoolekandeteenused.ee\/majutuskeskus\/?page_id=107"},"modified":"2019-03-04T13:03:59","modified_gmt":"2019-03-04T13:03:59","slug":"ajaloost","status":"publish","type":"page","link":"https:\/\/www.hoolekandeteenused.ee\/majutuskeskus\/varjupaigast\/ajaloost\/","title":{"rendered":"Ajaloost"},"content":{"rendered":"<p><b>Varjupaigateenuse ajaloost Eestis<\/b><\/p>\n<div>Rahvusvahelises plaanis on Eesti riik, millel on k\u00fcllaltki l\u00fchiajaline kogemus varjupaigataotlejate ja pagulaste vastuv\u00f5tmisel. Eestis on pagulasi vastu v\u00f5etud ja varjupaigapoliitikat rakendatud alates 1997. aastast, mil hakkas kehtima esimene pagulaste seadus ning seega loodi alus varjupaigataotlejate \u00f5iguslikku seisundit ja viibimise aluseid reguleerivatele \u00f5igusaktidele.<\/div>\n<div><\/div>\n<div>1997. aastal vastu v\u00f5etud pagulaste seaduses defineeriti varjupaigataotleja kui v\u00e4lismaalane, kes Eestis viibides v\u00f5i Eesti piiril taotleb Vabariigi Valitsuselt varjupaika. Seadus tugines rahvusvahelise pagulas\u00f5iguse vundamendiks oleval 1951. aasta \u00dcRO pagulasseisundi konventsioonil ning 1967. aasta pagulasseisundi protokollil, millega Eesti \u00fchines p\u00e4ev p\u00e4rast pagulaste seaduse vastuv\u00f5tmist.<\/div>\n<div><\/div>\n<div>Alates 2006. aasta 1. juulist hakkas kehtima v\u00e4lismaalasele rahvusvahelise kaitse andmise seadus (VRKS) ning pagulaste seadus kaotas kehtivuse. Uue seaduse v\u00e4ljat\u00f6\u00f6tamise vajadus tulenes nii Eesti muutunud rahvusvahelisest seisundist kui ka Euroopa Liidu (EL) \u2013 Eesti \u00fchines Euroopa Liiduga 1. mail 2004. aastal \u2013 seadusandlusest.<\/div>\n<div><\/div>\n<div>Lisaks liitus Eesti 2008. aasta algusest Schengeni viisaruumiga.<\/div>\n<div><\/div>\n<div>VRKS reguleerib v\u00e4lismaalasele rahvusvahelise kaitse andmise aluseid ning v\u00e4lismaalase \u00f5iguslikku seisundit ja Eestis viibimise aluseid l\u00e4htudes v\u00e4lislepingutest ja Eurooa Liidu \u00f5igusaktidest. Sarnaselt paljude teiste Euroopa riikide praktikatega on ka Eesti seaduse kohaselt rahvusvahelise kaitse saajate integreerimine ette n\u00e4htud toimuma kohalike omavalitsuste toel. (Balti Uuringute Instituut: 2011)<\/div>\n<div><\/div>\n<div><i>Allikas: https:\/\/www.siseministeerium.ee\/public\/IBS-RKS-raport-avalik.pdf<\/i><\/div>\n","protected":false},"excerpt":{"rendered":"<p>Varjupaigateenuse ajaloost Eestis Rahvusvahelises plaanis on Eesti riik, millel on k\u00fcllaltki l\u00fchiajaline kogemus varjupaigataotlejate ja pagulaste vastuv\u00f5tmisel. Eestis on pagulasi vastu v\u00f5etud ja varjupaigapoliitikat rakendatud alates 1997. aastast, mil hakkas kehtima esimene pagulaste seadus ning seega loodi alus varjupaigataotlejate \u00f5iguslikku seisundit ja viibimise aluseid reguleerivatele \u00f5igusaktidele. 1997. aastal vastu v\u00f5etud pagulaste seaduses defineeriti varjupaigataotleja kui &hellip; <a href=\"https:\/\/www.hoolekandeteenused.ee\/majutuskeskus\/varjupaigast\/ajaloost\/\" class=\"more-link\">Loe edasi<span class=\"screen-reader-text\"> &#8220;Ajaloost&#8221;<\/span><\/a><\/p>\n","protected":false},"author":1,"featured_media":0,"parent":105,"menu_order":0,"comment_status":"closed","ping_status":"closed","template":"textpage.php","meta":{"_acf_changed":false,"footnotes":""},"class_list":["post-107","page","type-page","status-publish","hentry"],"acf":[],"yoast_head":"<!-- This site is optimized with the Yoast SEO plugin v27.5 - https:\/\/yoast.com\/product\/yoast-seo-wordpress\/ -->\n<title>Ajaloost - Varjupaigataotlejate Majutuskeskus<\/title>\n<meta name=\"robots\" content=\"index, follow, max-snippet:-1, max-image-preview:large, max-video-preview:-1\" \/>\n<link rel=\"canonical\" href=\"https:\/\/www.hoolekandeteenused.ee\/majutuskeskus\/varjupaigast\/ajaloost\/\" \/>\n<meta property=\"og:locale\" content=\"et_EE\" \/>\n<meta property=\"og:type\" content=\"article\" \/>\n<meta property=\"og:title\" content=\"Ajaloost - Varjupaigataotlejate Majutuskeskus\" \/>\n<meta property=\"og:description\" content=\"Varjupaigateenuse ajaloost Eestis Rahvusvahelises plaanis on Eesti riik, millel on k\u00fcllaltki l\u00fchiajaline kogemus varjupaigataotlejate ja pagulaste vastuv\u00f5tmisel. Eestis on pagulasi vastu v\u00f5etud ja varjupaigapoliitikat rakendatud alates 1997. aastast, mil hakkas kehtima esimene pagulaste seadus ning seega loodi alus varjupaigataotlejate \u00f5iguslikku seisundit ja viibimise aluseid reguleerivatele \u00f5igusaktidele. 1997. aastal vastu v\u00f5etud pagulaste seaduses defineeriti varjupaigataotleja kui &hellip; Loe edasi &quot;Ajaloost&quot;\" \/>\n<meta property=\"og:url\" content=\"https:\/\/www.hoolekandeteenused.ee\/majutuskeskus\/varjupaigast\/ajaloost\/\" \/>\n<meta property=\"og:site_name\" content=\"Varjupaigataotlejate Majutuskeskus\" \/>\n<meta property=\"article:modified_time\" content=\"2019-03-04T13:03:59+00:00\" \/>\n<meta name=\"twitter:card\" content=\"summary_large_image\" \/>\n<meta name=\"twitter:label1\" content=\"Est. reading time\" \/>\n\t<meta name=\"twitter:data1\" content=\"1 minut\" \/>\n<script type=\"application\/ld+json\" class=\"yoast-schema-graph\">{\"@context\":\"https:\\\/\\\/schema.org\",\"@graph\":[{\"@type\":\"WebPage\",\"@id\":\"https:\\\/\\\/www.hoolekandeteenused.ee\\\/majutuskeskus\\\/varjupaigast\\\/ajaloost\\\/\",\"url\":\"https:\\\/\\\/www.hoolekandeteenused.ee\\\/majutuskeskus\\\/varjupaigast\\\/ajaloost\\\/\",\"name\":\"Ajaloost - Varjupaigataotlejate Majutuskeskus\",\"isPartOf\":{\"@id\":\"https:\\\/\\\/www.hoolekandeteenused.ee\\\/majutuskeskus\\\/en\\\/#website\"},\"datePublished\":\"2018-11-09T08:48:33+00:00\",\"dateModified\":\"2019-03-04T13:03:59+00:00\",\"breadcrumb\":{\"@id\":\"https:\\\/\\\/www.hoolekandeteenused.ee\\\/majutuskeskus\\\/varjupaigast\\\/ajaloost\\\/#breadcrumb\"},\"inLanguage\":\"et\",\"potentialAction\":[{\"@type\":\"ReadAction\",\"target\":[\"https:\\\/\\\/www.hoolekandeteenused.ee\\\/majutuskeskus\\\/varjupaigast\\\/ajaloost\\\/\"]}]},{\"@type\":\"BreadcrumbList\",\"@id\":\"https:\\\/\\\/www.hoolekandeteenused.ee\\\/majutuskeskus\\\/varjupaigast\\\/ajaloost\\\/#breadcrumb\",\"itemListElement\":[{\"@type\":\"ListItem\",\"position\":1,\"name\":\"Home\",\"item\":\"https:\\\/\\\/www.hoolekandeteenused.ee\\\/majutuskeskus\\\/\"},{\"@type\":\"ListItem\",\"position\":2,\"name\":\"Varjupaigast\",\"item\":\"https:\\\/\\\/www.hoolekandeteenused.ee\\\/majutuskeskus\\\/varjupaigast\\\/\"},{\"@type\":\"ListItem\",\"position\":3,\"name\":\"Ajaloost\"}]},{\"@type\":\"WebSite\",\"@id\":\"https:\\\/\\\/www.hoolekandeteenused.ee\\\/majutuskeskus\\\/en\\\/#website\",\"url\":\"https:\\\/\\\/www.hoolekandeteenused.ee\\\/majutuskeskus\\\/en\\\/\",\"name\":\"Varjupaigataotlejate Majutuskeskus\",\"description\":\"Just another Hoolekandeteenused site\",\"potentialAction\":[{\"@type\":\"SearchAction\",\"target\":{\"@type\":\"EntryPoint\",\"urlTemplate\":\"https:\\\/\\\/www.hoolekandeteenused.ee\\\/majutuskeskus\\\/en\\\/?s={search_term_string}\"},\"query-input\":{\"@type\":\"PropertyValueSpecification\",\"valueRequired\":true,\"valueName\":\"search_term_string\"}}],\"inLanguage\":\"et\"}]}<\/script>\n<!-- \/ Yoast SEO plugin. -->","yoast_head_json":{"title":"Ajaloost - Varjupaigataotlejate Majutuskeskus","robots":{"index":"index","follow":"follow","max-snippet":"max-snippet:-1","max-image-preview":"max-image-preview:large","max-video-preview":"max-video-preview:-1"},"canonical":"https:\/\/www.hoolekandeteenused.ee\/majutuskeskus\/varjupaigast\/ajaloost\/","og_locale":"et_EE","og_type":"article","og_title":"Ajaloost - Varjupaigataotlejate Majutuskeskus","og_description":"Varjupaigateenuse ajaloost Eestis Rahvusvahelises plaanis on Eesti riik, millel on k\u00fcllaltki l\u00fchiajaline kogemus varjupaigataotlejate ja pagulaste vastuv\u00f5tmisel. Eestis on pagulasi vastu v\u00f5etud ja varjupaigapoliitikat rakendatud alates 1997. aastast, mil hakkas kehtima esimene pagulaste seadus ning seega loodi alus varjupaigataotlejate \u00f5iguslikku seisundit ja viibimise aluseid reguleerivatele \u00f5igusaktidele. 1997. aastal vastu v\u00f5etud pagulaste seaduses defineeriti varjupaigataotleja kui &hellip; Loe edasi \"Ajaloost\"","og_url":"https:\/\/www.hoolekandeteenused.ee\/majutuskeskus\/varjupaigast\/ajaloost\/","og_site_name":"Varjupaigataotlejate Majutuskeskus","article_modified_time":"2019-03-04T13:03:59+00:00","twitter_card":"summary_large_image","twitter_misc":{"Est. reading time":"1 minut"},"schema":{"@context":"https:\/\/schema.org","@graph":[{"@type":"WebPage","@id":"https:\/\/www.hoolekandeteenused.ee\/majutuskeskus\/varjupaigast\/ajaloost\/","url":"https:\/\/www.hoolekandeteenused.ee\/majutuskeskus\/varjupaigast\/ajaloost\/","name":"Ajaloost - Varjupaigataotlejate Majutuskeskus","isPartOf":{"@id":"https:\/\/www.hoolekandeteenused.ee\/majutuskeskus\/en\/#website"},"datePublished":"2018-11-09T08:48:33+00:00","dateModified":"2019-03-04T13:03:59+00:00","breadcrumb":{"@id":"https:\/\/www.hoolekandeteenused.ee\/majutuskeskus\/varjupaigast\/ajaloost\/#breadcrumb"},"inLanguage":"et","potentialAction":[{"@type":"ReadAction","target":["https:\/\/www.hoolekandeteenused.ee\/majutuskeskus\/varjupaigast\/ajaloost\/"]}]},{"@type":"BreadcrumbList","@id":"https:\/\/www.hoolekandeteenused.ee\/majutuskeskus\/varjupaigast\/ajaloost\/#breadcrumb","itemListElement":[{"@type":"ListItem","position":1,"name":"Home","item":"https:\/\/www.hoolekandeteenused.ee\/majutuskeskus\/"},{"@type":"ListItem","position":2,"name":"Varjupaigast","item":"https:\/\/www.hoolekandeteenused.ee\/majutuskeskus\/varjupaigast\/"},{"@type":"ListItem","position":3,"name":"Ajaloost"}]},{"@type":"WebSite","@id":"https:\/\/www.hoolekandeteenused.ee\/majutuskeskus\/en\/#website","url":"https:\/\/www.hoolekandeteenused.ee\/majutuskeskus\/en\/","name":"Varjupaigataotlejate Majutuskeskus","description":"Just another Hoolekandeteenused site","potentialAction":[{"@type":"SearchAction","target":{"@type":"EntryPoint","urlTemplate":"https:\/\/www.hoolekandeteenused.ee\/majutuskeskus\/en\/?s={search_term_string}"},"query-input":{"@type":"PropertyValueSpecification","valueRequired":true,"valueName":"search_term_string"}}],"inLanguage":"et"}]}},"_links":{"self":[{"href":"https:\/\/www.hoolekandeteenused.ee\/majutuskeskus\/wp-json\/wp\/v2\/pages\/107","targetHints":{"allow":["GET"]}}],"collection":[{"href":"https:\/\/www.hoolekandeteenused.ee\/majutuskeskus\/wp-json\/wp\/v2\/pages"}],"about":[{"href":"https:\/\/www.hoolekandeteenused.ee\/majutuskeskus\/wp-json\/wp\/v2\/types\/page"}],"author":[{"embeddable":true,"href":"https:\/\/www.hoolekandeteenused.ee\/majutuskeskus\/wp-json\/wp\/v2\/users\/1"}],"replies":[{"embeddable":true,"href":"https:\/\/www.hoolekandeteenused.ee\/majutuskeskus\/wp-json\/wp\/v2\/comments?post=107"}],"version-history":[{"count":3,"href":"https:\/\/www.hoolekandeteenused.ee\/majutuskeskus\/wp-json\/wp\/v2\/pages\/107\/revisions"}],"predecessor-version":[{"id":249,"href":"https:\/\/www.hoolekandeteenused.ee\/majutuskeskus\/wp-json\/wp\/v2\/pages\/107\/revisions\/249"}],"up":[{"embeddable":true,"href":"https:\/\/www.hoolekandeteenused.ee\/majutuskeskus\/wp-json\/wp\/v2\/pages\/105"}],"wp:attachment":[{"href":"https:\/\/www.hoolekandeteenused.ee\/majutuskeskus\/wp-json\/wp\/v2\/media?parent=107"}],"curies":[{"name":"wp","href":"https:\/\/api.w.org\/{rel}","templated":true}]}}