{"id":113,"date":"2018-11-09T08:50:07","date_gmt":"2018-11-09T08:50:07","guid":{"rendered":"http:\/\/www.hoolekandeteenused.ee\/majutuskeskus\/?page_id=113"},"modified":"2025-06-26T08:15:13","modified_gmt":"2025-06-26T08:15:13","slug":"amif-projektid","status":"publish","type":"page","link":"https:\/\/www.hoolekandeteenused.ee\/majutuskeskus\/varjupaigast\/amif-projektid\/","title":{"rendered":"AMIF projektid"},"content":{"rendered":"<p><strong> Sotsiaalkindlustusameti juhtimisel korraldatakse palju sotsiaalvaldkonda edendavaid projekte, mida rahastatakse eri allikatest. Partnerluslepingute alusel korraldatud proejktid:\u00a0 \u00a0 \u00a0 \u00a0<\/strong><\/p>\n<p><strong>Projekti pealkiri:<\/strong> AMIF.1.01.23 \u2013 0006 Tugiteenused rahvusvahelise kaitse taotlejate ja saajate majutuskohtades<\/p>\n<p><strong>Toimumise aeg: 01.07.2023\u201330.06.2029\u00a0 \u00a0 \u00a0 <img loading=\"lazy\" decoding=\"async\" class=\"alignright\" src=\"https:\/\/pilv.rtk.ee\/apps\/files_sharing\/publicpreview\/PyTbWe6XLpewkH5?file=\/Kaasrahastanud%20EL%20kaksiklogod%20EST\/Horisontaalne\/Kaasrahastanud_EL_Sisemin_EST_hor_color_RGB.jpg&amp;fileId=81333&amp;x=1920&amp;y=1080&amp;a=true&amp;etag=b26e0f6470daa24dc51fcb8adba9605a\" alt=\"Kaasrahastanud_EL_Sisemin_EST_hor_color_RGB.jpg\" width=\"501\" height=\"120\"><br>\nEelarve: <\/strong>700 000, eurot<br>\nsh AMIF toetus (75%): 525 000, eurot<br>\nsh riiklik kaasfinantseering (25%): 175 000, eurot<\/p>\n<p><strong>Projekti eesm\u00e4rk<\/strong><strong>: <\/strong>Projekti eesm\u00e4rk on tagada Sotsiaalkindlustusameti m\u00e4\u00e4ratud majutuskohtades viibivatele rahvusvahelise kaitse taotlejatele ja saajatele t\u00e4iendavad iseseisvat toimetulekut toetavad teenused ning tugi esmasel saabumisel Eestisse<\/p>\n<p>Partner: Tallinna linnavalitsus, Tartu linnavalitsus, Rakvere linnavalitsus, J\u00f5hvi vallavalitsus, AS Hoolekandeteenused<\/p>\n<p><strong>Projekti tegevused:\u00a0<\/strong><\/p>\n<p>1. Projekti juhtimine (Sotsiaalkindlustusamet).<br>\n2. Projekti sisuline koordineerimine (AS Hoolekandeteenused) .<br>\n3. Sotsiaalt\u00f6\u00f6 ja vabaaja tegevused (AS Hoolekandeteenused) .<br>\n4.\u00a0 Ps\u00fchholoogiline tugi (AS Hoolekandeteenused).<br>\n5. Projekti tegevuste kommunikatsioon (AS Hoolekandeteenused).<\/p>\n<p><strong>Projekti pealkiri:<\/strong> AMIF.1.01.23 \u2013 0008 Vastuv\u00f5tuks vajaliku infrastruktuuri parendamine ja t\u00e4iendavate majutuskohtade valmiduse loomine<\/p>\n<p><strong>Toimumise aeg: 01.07.2023\u201331.12.2027\u00a0 \u00a0 \u00a0 \u00a0 \u00a0 \u00a0 \u00a0 \u00a0 \u00a0 <img loading=\"lazy\" decoding=\"async\" class=\"alignright\" src=\"https:\/\/pilv.rtk.ee\/apps\/files_sharing\/publicpreview\/PyTbWe6XLpewkH5?file=\/Kaasrahastanud%20EL%20kaksiklogod%20EST\/Horisontaalne\/Kaasrahastanud_EL_Sisemin_EST_hor_color_RGB.jpg&amp;fileId=81333&amp;x=1920&amp;y=1080&amp;a=true&amp;etag=b26e0f6470daa24dc51fcb8adba9605a\" alt=\"Kaasrahastanud_EL_Sisemin_EST_hor_color_RGB.jpg\" width=\"510\" height=\"122\"><br>\nEelarve: <\/strong>150 000,00 eurot<br>\nsh AMIF toetus (75%): 112 500, eurot<br>\nsh riiklik kaasfinantseering (25%): 37 500 , eurot<\/p>\n<p><strong>Projekti eesm\u00e4rk<\/strong><strong>: <\/strong>Projekti eesm\u00e4rk on Sotsiaalkindlustusameti majutuskohtade elamistingimuste parendamine ja inventari uuendamine..<\/p>\n<p><strong>Projekti tegevused:<\/strong><strong><br>\n<\/strong>1. Ligip\u00e4\u00e4setavuse n\u00f5uete ja elamistingimuste parendamine SKA m\u00e4\u00e4ratud majutuskohtades.<br>\n2. T\u00e4iendava RVK majutusv\u00f5imekuse loomine.<\/p>\n<p><strong>Projekti pealkiri:<\/strong> AMIF.1.01.23 \u2013 0002 Tugiisikuteenus rahvusvahelise kaitse saajatele<\/p>\n<p><strong>Toimumise aeg: 01.06.2023\u201330.06.2029\u00a0 \u00a0 \u00a0 <img loading=\"lazy\" decoding=\"async\" class=\"alignright\" src=\"https:\/\/pilv.rtk.ee\/apps\/files_sharing\/publicpreview\/PyTbWe6XLpewkH5?file=\/Kaasrahastanud%20EL%20kaksiklogod%20EST\/Horisontaalne\/Kaasrahastanud_EL_Sisemin_EST_hor_color_RGB.jpg&amp;fileId=81333&amp;x=1920&amp;y=1080&amp;a=true&amp;etag=b26e0f6470daa24dc51fcb8adba9605a\" alt=\"Kaasrahastanud_EL_Sisemin_EST_hor_color_RGB.jpg\" width=\"501\" height=\"120\"><br>\nEelarve: <\/strong>1 100 000, eurot<br>\nsh AMIF toetus (75%): 825 000, eurot<br>\nsh riiklik kaasfinantseering (25%): 275 000, eurot<\/p>\n<p><strong>Projekti eesm\u00e4rk<\/strong><strong>: <\/strong>Tagada rahvusvahelise kaitse saajatele, sh ajutise kaitse saajatele tugiisikuteenus, mis tagab parema iseseisva toimetuleku ja kohanemise kohalikus omavalitsuses.<\/p>\n<p><strong>Projekti t\u00e4psustus:\u00a0<\/strong><\/p>\n<p>RVK tugiisikuteenuse osutamine KOVides \u00fcle-eestiliselt. Majutuskeskus tagab<br>\nsihtr\u00fchmale vajaliku toe ja n\u00f5ustamise kaitse saaja uude elukohta kolimisel<br>\nkaasates vajadusel uue elukoha KOV-i. Teenuse korraldust piloteeritakse 2025.<br>\naastal, mis annab v\u00f5imaluse hinnata, kuidas teenusega liigutakse edasi 2026.<br>\naastast.<\/p>\n<p>Partner: Tallinna linnavalitsus, Tartu linnavalitsus, Rakvere linnavalitsus, J\u00f5hvi vallavalitsus, AS Hoolekandeteenused<\/p>\n<p><strong>L\u00f5petatud projektid<\/strong><\/p>\n<p><strong>Projekti pealkiri:<\/strong> AMIF2018-7 Tugiteenuste pakkumine majutuskeskustes<\/p>\n<p><strong>Toimumise aeg: 1. juuli 2018 \u2013 30.juuni 2023\u00a0 \u00a0 <img loading=\"lazy\" decoding=\"async\" class=\"size-medium wp-image-258 alignright\" src=\"http:\/\/www.hoolekandeteenused.ee\/majutuskeskus\/wp-content\/uploads\/sites\/3\/2019\/03\/Amif-logo-300x204.jpg\" alt=\"Amif logo\" width=\"300\" height=\"204\" srcset=\"https:\/\/www.hoolekandeteenused.ee\/majutuskeskus\/wp-content\/uploads\/sites\/3\/2019\/03\/Amif-logo-300x204.jpg 300w, https:\/\/www.hoolekandeteenused.ee\/majutuskeskus\/wp-content\/uploads\/sites\/3\/2019\/03\/Amif-logo.jpg 370w\" sizes=\"auto, (max-width: 300px) 100vw, 300px\"><br>\nEelarve: <\/strong>285 490,77 eurot<br>\nsh AMIF toetus (75%): 214 118,07 eurot<br>\nsh riiklik kaasfinantseering (25%): 71 372,69 eurot<\/p>\n<p><strong>Projekti eesm\u00e4rk<\/strong><strong>: <\/strong>Toimiva ja kvaliteetse varjupaigateenuse arendamine ning rakendamine ja kvaliteetsete vastuv\u00f5tu- ja tugiteenuste pakkumine Vao majutuskeskuses elavatele rahvusvahelise kaitse taotlejatele ja kaitse saanud isikutele. Tutvustatakse t\u00f6\u00f6h\u00f5ivevaldkonda (t\u00f6\u00f6turuteenused, t\u00f6\u00f6seadus, erinevad t\u00f6\u00f6v\u00f5imalused, t\u00f6\u00f6andjate teavitamine), korraldatakse t\u00e4iendavat eesti keele \u00f5pet, organiseeritakse vaba aja tegevusi, v\u00f5imaldatakse vajadusel ps\u00fchholoogilist abi.<\/p>\n<p><strong>Projekti tegevused:<\/strong><strong><br>\n<\/strong>1. Kollektiivis t\u00f6\u00f6tavad projekti rahastusel t\u00f6\u00f6tegevuste juhendaja ning sotsiaalt\u00f6\u00f6taja.<br>\n2.\u00a0Eesti keele \u00f5pe rahvusvahelise kaitse taotlejatele ning rahvusvahelise kaitse saanud isikutele.<br>\n3. L\u00e4bi projekti toimub Vao keskuses ps\u00fchholoogiline n\u00f5ustamine.<br>\n4.\u00a0 Huvitegevuste raames toimub kohanemisprogramm \u201cKohanemiskohvik\u201d, kus keskuses viibivad isikud saavad teadmisi Eesti kohta erinevates valdkondades. Lisaks tehakse erinevaid huvitegevusi regulaarselt \u00fcle Eesti. N\u00e4iteks k\u00e4iakse v\u00e4ljas Vao K\u00f6\u00f6giga, mille kaudu luuakse suhteid Eesti kogukonnaga.<br>\n5. T\u00f6\u00f6tajatele toimub projekti rahastusel supervisioon.<strong>\u00a0 \u00a0 \u00a0 <img loading=\"lazy\" decoding=\"async\" class=\"size-medium wp-image-258 alignright\" src=\"http:\/\/www.hoolekandeteenused.ee\/majutuskeskus\/wp-content\/uploads\/sites\/3\/2019\/03\/Amif-logo-300x204.jpg\" alt=\"Amif logo\" width=\"300\" height=\"204\" srcset=\"https:\/\/www.hoolekandeteenused.ee\/majutuskeskus\/wp-content\/uploads\/sites\/3\/2019\/03\/Amif-logo-300x204.jpg 300w, https:\/\/www.hoolekandeteenused.ee\/majutuskeskus\/wp-content\/uploads\/sites\/3\/2019\/03\/Amif-logo.jpg 370w\" sizes=\"auto, (max-width: 300px) 100vw, 300px\"><\/strong><\/p>\n<p><strong>Projekti pealkiri:<\/strong>\u00a0AMIF2015-15 Tugiteenused majutuskeskuses<\/p>\n<p><strong>Toimumise aeg:<\/strong>\u00a0<strong>1. juuli 2015 \u2013 30. juuni 2018\u00a0<\/strong><\/p>\n<p><strong>Eelarve:<\/strong>\u00a0210 000,00 eurot<br>\nsh AMIF toetus (75%): 157 5000 eurot<br>\nsh riiklik kaasfinantseering (25%): 52 500,00 eurot<\/p>\n<p><strong>Projekti eesm\u00e4rk<\/strong>: Toimiva ja kvaliteetse varjupaigateenuse arendamine ning rakendamine ja kvaliteetsete vastuv\u00f5tu- ja tugiteenuste pakkumine Vao majutuskeskuses elavatele rahvusvahelise kaitse taotlejatele ja kaitse saanud isikutele. Tutvustatakse t\u00f6\u00f6h\u00f5ivevaldkonda (t\u00f6\u00f6turuteenused, t\u00f6\u00f6seadus, erinevad t\u00f6\u00f6v\u00f5imalused, t\u00f6\u00f6andjate teavitamine), teavitatakse sihtr\u00fchma nende \u00f5igustest ja kohustustest ning pakutakse juriidilist n\u00f5ustamisteenust, korraldatakse t\u00e4iendavat eesti keele \u00f5pet, organiseeritakse vaba aja tegevusi, v\u00f5imaldatakse vajadusel ps\u00fchholoogilist abi.<\/p>\n<p><strong>Projekti tegevused:<\/strong><br>\n1. Kollektiivis t\u00f6\u00f6tavad projekti rahastusel \u00f5igusn\u00f5ustaja, t\u00f6\u00f6tegevuste juhendaja ning sotsiaalt\u00f6\u00f6taja.<br>\n2. Projekti rahastusel toimub Vao keskuses eesti keele \u00f5pe varjupaigataotlejatele ning rahvusvahelise kaitse saanud isikutele: lastele 2 korda n\u00e4dalas 1,5 tundi\u00a0 ja motiveeritud t\u00e4iskasvanutele 1 kord\u00a0 n\u00e4dalas 1,5 h. Keele\u00f5pet teostab Keelepisik.<br>\n3. L\u00e4bi projekti toimub Vao keskuses ps\u00fchholoogiline n\u00f5ustamine.<br>\n4. Huvitegevuste raames toimub \u201cKohanemiskohvik\u201d, kus keskuses viibivad isikud saavad teadmisi Eesti kohta erinevates valdkondades. Lisaks tehakse erinevaid huvitegevusi regulaarselt \u00fcle Eesti. N\u00e4iteks k\u00e4iakse v\u00e4ljas Vao K\u00f6\u00f6giga, mille kaudu luuakse suhteid Eesti kogukonnaga.<br>\n5. T\u00f6\u00f6tajatele toimub projekti rahastusel supervisioon.<\/p>\n<div><\/div>\n<div><strong>\u00a0\u00a0<\/strong><\/div>\n<div><strong><img loading=\"lazy\" decoding=\"async\" class=\"size-medium wp-image-258 alignright\" src=\"http:\/\/www.hoolekandeteenused.ee\/majutuskeskus\/wp-content\/uploads\/sites\/3\/2019\/03\/Amif-logo-300x204.jpg\" alt=\"Amif logo\" width=\"300\" height=\"204\" srcset=\"https:\/\/www.hoolekandeteenused.ee\/majutuskeskus\/wp-content\/uploads\/sites\/3\/2019\/03\/Amif-logo-300x204.jpg 300w, https:\/\/www.hoolekandeteenused.ee\/majutuskeskus\/wp-content\/uploads\/sites\/3\/2019\/03\/Amif-logo.jpg 370w\" sizes=\"auto, (max-width: 300px) 100vw, 300px\"><\/strong><\/div>\n<div>\n<div><strong>Projekti pealkiri:<\/strong>\u00a0AMIF2016-1 \u201eVao ja V\u00e4geva varjupaigataotlejate majutuskeskuse renoveerimine\u201c<\/div>\n<div><\/div>\n<div><strong>Toimumise aeg:<\/strong>\u00a01.m\u00e4rts 2016 kuni 1.aprill 2017<\/div>\n<div><\/div>\n<div><strong>Eelarve:<\/strong>\u00a0350 000 eurot<\/div>\n<div>sh AMIF toetus (75%): 262 500 eurotsh riiklik kaasfinantseering (25%): 87 500 eurot<\/div>\n<div><\/div>\n<div><strong>Projekti eesm\u00e4rk:\u00a0<\/strong>Majutuskeskuse \u00f5ppe- ja tegevusruumide ning eluruumide renoveerimine, mille tulemusel on Vao varjupaigataotlejate vastuv\u00f5tukeskus suuteline osutama kvaliteetset teenust 70-le varjupaigataotlejale ja V\u00e4geva varjupaigataotlejate vastuv\u00f5tukeskus suuteline osutama kvaliteetset teenust 14 varjupaigataotlejale.<b>\u00a0<\/b>Renoveerida Vao ja V\u00e4geva varjupaigataotlejate majutuskeskuse elu- ja abiruume, korrastada majutuskeskuste \u00fcmbruse valgustust ning rajada m\u00e4nguv\u00e4ljak.<\/div>\n<div><\/div>\n<div><strong>Projekti tegevused:<\/strong><\/div>\n<\/div>\n<p>1. Projekti raames renoveeriti ja sisustati Vao Keskuses 28 t\u00e4nap\u00e4eva n\u00f5uetele vastavat majutuskohta.<br>\n2. Lisaks renoveeriti \u00f5pperuumid, kus \u00f5petatakse varjupaigataotlejatele eesti keelt ja kultuuri.<br>\n3. Tegevusruumidest valmisid pesuk\u00f6\u00f6k, sporditegemise ruumid ning teised tarvilikud ruumid (palvetamisruum, vestluste l\u00e4biviimise ruum).<br>\n4. Rajati Vaole laste m\u00e4nguv\u00e4ljak.<br>\n5. V\u00e4geva Keskuses renoveeriti ja sisustati 32 majutuskohta ja elutuba ning rajati uus k\u00fcttes\u00fcsteem.<\/p>\n<div>\n<div><\/div>\n<\/div>\n","protected":false},"excerpt":{"rendered":"<p>Sotsiaalkindlustusameti juhtimisel korraldatakse palju sotsiaalvaldkonda edendavaid projekte, mida rahastatakse eri allikatest. Partnerluslepingute alusel korraldatud proejktid:\u00a0 \u00a0 \u00a0 \u00a0 Projekti pealkiri: AMIF.1.01.23 \u2013 0006 Tugiteenused rahvusvahelise kaitse taotlejate ja saajate majutuskohtades Toimumise aeg: 01.07.2023\u201330.06.2029\u00a0 \u00a0 \u00a0 Eelarve: 700 000, eurot sh AMIF toetus (75%): 525 000, eurot sh riiklik kaasfinantseering (25%): 175 000, eurot Projekti eesm\u00e4rk: &hellip; <a href=\"https:\/\/www.hoolekandeteenused.ee\/majutuskeskus\/varjupaigast\/amif-projektid\/\" class=\"more-link\">Loe edasi<span class=\"screen-reader-text\"> &#8220;AMIF projektid&#8221;<\/span><\/a><\/p>\n","protected":false},"author":1,"featured_media":0,"parent":105,"menu_order":0,"comment_status":"closed","ping_status":"closed","template":"textpage.php","meta":{"_acf_changed":false,"footnotes":""},"class_list":["post-113","page","type-page","status-publish","hentry"],"acf":[],"yoast_head":"<!-- This site is optimized with the Yoast SEO plugin v27.5 - https:\/\/yoast.com\/product\/yoast-seo-wordpress\/ -->\n<title>AMIF projektid - Varjupaigataotlejate Majutuskeskus<\/title>\n<meta name=\"robots\" content=\"index, follow, max-snippet:-1, max-image-preview:large, max-video-preview:-1\" \/>\n<link rel=\"canonical\" href=\"https:\/\/www.hoolekandeteenused.ee\/majutuskeskus\/varjupaigast\/amif-projektid\/\" \/>\n<meta property=\"og:locale\" content=\"et_EE\" \/>\n<meta property=\"og:type\" content=\"article\" \/>\n<meta property=\"og:title\" content=\"AMIF projektid - Varjupaigataotlejate Majutuskeskus\" \/>\n<meta property=\"og:description\" content=\"Sotsiaalkindlustusameti juhtimisel korraldatakse palju sotsiaalvaldkonda edendavaid projekte, mida rahastatakse eri allikatest. Partnerluslepingute alusel korraldatud proejktid:\u00a0 \u00a0 \u00a0 \u00a0 Projekti pealkiri: AMIF.1.01.23 \u2013 0006 Tugiteenused rahvusvahelise kaitse taotlejate ja saajate majutuskohtades Toimumise aeg: 01.07.2023\u201330.06.2029\u00a0 \u00a0 \u00a0 Eelarve: 700 000, eurot sh AMIF toetus (75%): 525 000, eurot sh riiklik kaasfinantseering (25%): 175 000, eurot Projekti eesm\u00e4rk: &hellip; Loe edasi &quot;AMIF projektid&quot;\" \/>\n<meta property=\"og:url\" content=\"https:\/\/www.hoolekandeteenused.ee\/majutuskeskus\/varjupaigast\/amif-projektid\/\" \/>\n<meta property=\"og:site_name\" content=\"Varjupaigataotlejate Majutuskeskus\" \/>\n<meta property=\"article:modified_time\" content=\"2025-06-26T08:15:13+00:00\" \/>\n<meta property=\"og:image\" content=\"https:\/\/pilv.rtk.ee\/apps\/files_sharing\/publicpreview\/PyTbWe6XLpewkH5?file=\/Kaasrahastanud%20EL%20kaksiklogod%20EST\/Horisontaalne\/Kaasrahastanud_EL_Sisemin_EST_hor_color_RGB.jpg&amp;fileId=81333&amp;x=1920&amp;y=1080&amp;a=true&amp;etag=b26e0f6470daa24dc51fcb8adba9605a\" \/>\n<meta name=\"twitter:card\" content=\"summary_large_image\" \/>\n<meta name=\"twitter:label1\" content=\"Est. reading time\" \/>\n\t<meta name=\"twitter:data1\" content=\"6 minutit\" \/>\n<script type=\"application\/ld+json\" class=\"yoast-schema-graph\">{\"@context\":\"https:\\\/\\\/schema.org\",\"@graph\":[{\"@type\":\"WebPage\",\"@id\":\"https:\\\/\\\/www.hoolekandeteenused.ee\\\/majutuskeskus\\\/varjupaigast\\\/amif-projektid\\\/\",\"url\":\"https:\\\/\\\/www.hoolekandeteenused.ee\\\/majutuskeskus\\\/varjupaigast\\\/amif-projektid\\\/\",\"name\":\"AMIF projektid - Varjupaigataotlejate Majutuskeskus\",\"isPartOf\":{\"@id\":\"https:\\\/\\\/www.hoolekandeteenused.ee\\\/majutuskeskus\\\/en\\\/#website\"},\"primaryImageOfPage\":{\"@id\":\"https:\\\/\\\/www.hoolekandeteenused.ee\\\/majutuskeskus\\\/varjupaigast\\\/amif-projektid\\\/#primaryimage\"},\"image\":{\"@id\":\"https:\\\/\\\/www.hoolekandeteenused.ee\\\/majutuskeskus\\\/varjupaigast\\\/amif-projektid\\\/#primaryimage\"},\"thumbnailUrl\":\"https:\\\/\\\/pilv.rtk.ee\\\/apps\\\/files_sharing\\\/publicpreview\\\/PyTbWe6XLpewkH5?file=\\\/Kaasrahastanud%20EL%20kaksiklogod%20EST\\\/Horisontaalne\\\/Kaasrahastanud_EL_Sisemin_EST_hor_color_RGB.jpg&amp;fileId=81333&amp;x=1920&amp;y=1080&amp;a=true&amp;etag=b26e0f6470daa24dc51fcb8adba9605a\",\"datePublished\":\"2018-11-09T08:50:07+00:00\",\"dateModified\":\"2025-06-26T08:15:13+00:00\",\"breadcrumb\":{\"@id\":\"https:\\\/\\\/www.hoolekandeteenused.ee\\\/majutuskeskus\\\/varjupaigast\\\/amif-projektid\\\/#breadcrumb\"},\"inLanguage\":\"et\",\"potentialAction\":[{\"@type\":\"ReadAction\",\"target\":[\"https:\\\/\\\/www.hoolekandeteenused.ee\\\/majutuskeskus\\\/varjupaigast\\\/amif-projektid\\\/\"]}]},{\"@type\":\"ImageObject\",\"inLanguage\":\"et\",\"@id\":\"https:\\\/\\\/www.hoolekandeteenused.ee\\\/majutuskeskus\\\/varjupaigast\\\/amif-projektid\\\/#primaryimage\",\"url\":\"https:\\\/\\\/pilv.rtk.ee\\\/apps\\\/files_sharing\\\/publicpreview\\\/PyTbWe6XLpewkH5?file=\\\/Kaasrahastanud%20EL%20kaksiklogod%20EST\\\/Horisontaalne\\\/Kaasrahastanud_EL_Sisemin_EST_hor_color_RGB.jpg&amp;fileId=81333&amp;x=1920&amp;y=1080&amp;a=true&amp;etag=b26e0f6470daa24dc51fcb8adba9605a\",\"contentUrl\":\"https:\\\/\\\/pilv.rtk.ee\\\/apps\\\/files_sharing\\\/publicpreview\\\/PyTbWe6XLpewkH5?file=\\\/Kaasrahastanud%20EL%20kaksiklogod%20EST\\\/Horisontaalne\\\/Kaasrahastanud_EL_Sisemin_EST_hor_color_RGB.jpg&amp;fileId=81333&amp;x=1920&amp;y=1080&amp;a=true&amp;etag=b26e0f6470daa24dc51fcb8adba9605a\"},{\"@type\":\"BreadcrumbList\",\"@id\":\"https:\\\/\\\/www.hoolekandeteenused.ee\\\/majutuskeskus\\\/varjupaigast\\\/amif-projektid\\\/#breadcrumb\",\"itemListElement\":[{\"@type\":\"ListItem\",\"position\":1,\"name\":\"Home\",\"item\":\"https:\\\/\\\/www.hoolekandeteenused.ee\\\/majutuskeskus\\\/\"},{\"@type\":\"ListItem\",\"position\":2,\"name\":\"Varjupaigast\",\"item\":\"https:\\\/\\\/www.hoolekandeteenused.ee\\\/majutuskeskus\\\/varjupaigast\\\/\"},{\"@type\":\"ListItem\",\"position\":3,\"name\":\"AMIF projektid\"}]},{\"@type\":\"WebSite\",\"@id\":\"https:\\\/\\\/www.hoolekandeteenused.ee\\\/majutuskeskus\\\/en\\\/#website\",\"url\":\"https:\\\/\\\/www.hoolekandeteenused.ee\\\/majutuskeskus\\\/en\\\/\",\"name\":\"Varjupaigataotlejate Majutuskeskus\",\"description\":\"Just another Hoolekandeteenused site\",\"potentialAction\":[{\"@type\":\"SearchAction\",\"target\":{\"@type\":\"EntryPoint\",\"urlTemplate\":\"https:\\\/\\\/www.hoolekandeteenused.ee\\\/majutuskeskus\\\/en\\\/?s={search_term_string}\"},\"query-input\":{\"@type\":\"PropertyValueSpecification\",\"valueRequired\":true,\"valueName\":\"search_term_string\"}}],\"inLanguage\":\"et\"}]}<\/script>\n<!-- \/ Yoast SEO plugin. -->","yoast_head_json":{"title":"AMIF projektid - Varjupaigataotlejate Majutuskeskus","robots":{"index":"index","follow":"follow","max-snippet":"max-snippet:-1","max-image-preview":"max-image-preview:large","max-video-preview":"max-video-preview:-1"},"canonical":"https:\/\/www.hoolekandeteenused.ee\/majutuskeskus\/varjupaigast\/amif-projektid\/","og_locale":"et_EE","og_type":"article","og_title":"AMIF projektid - Varjupaigataotlejate Majutuskeskus","og_description":"Sotsiaalkindlustusameti juhtimisel korraldatakse palju sotsiaalvaldkonda edendavaid projekte, mida rahastatakse eri allikatest. Partnerluslepingute alusel korraldatud proejktid:\u00a0 \u00a0 \u00a0 \u00a0 Projekti pealkiri: AMIF.1.01.23 \u2013 0006 Tugiteenused rahvusvahelise kaitse taotlejate ja saajate majutuskohtades Toimumise aeg: 01.07.2023\u201330.06.2029\u00a0 \u00a0 \u00a0 Eelarve: 700 000, eurot sh AMIF toetus (75%): 525 000, eurot sh riiklik kaasfinantseering (25%): 175 000, eurot Projekti eesm\u00e4rk: &hellip; Loe edasi \"AMIF projektid\"","og_url":"https:\/\/www.hoolekandeteenused.ee\/majutuskeskus\/varjupaigast\/amif-projektid\/","og_site_name":"Varjupaigataotlejate Majutuskeskus","article_modified_time":"2025-06-26T08:15:13+00:00","og_image":[{"url":"https:\/\/pilv.rtk.ee\/apps\/files_sharing\/publicpreview\/PyTbWe6XLpewkH5?file=\/Kaasrahastanud%20EL%20kaksiklogod%20EST\/Horisontaalne\/Kaasrahastanud_EL_Sisemin_EST_hor_color_RGB.jpg&amp;fileId=81333&amp;x=1920&amp;y=1080&amp;a=true&amp;etag=b26e0f6470daa24dc51fcb8adba9605a","type":"","width":"","height":""}],"twitter_card":"summary_large_image","twitter_misc":{"Est. reading time":"6 minutit"},"schema":{"@context":"https:\/\/schema.org","@graph":[{"@type":"WebPage","@id":"https:\/\/www.hoolekandeteenused.ee\/majutuskeskus\/varjupaigast\/amif-projektid\/","url":"https:\/\/www.hoolekandeteenused.ee\/majutuskeskus\/varjupaigast\/amif-projektid\/","name":"AMIF projektid - Varjupaigataotlejate Majutuskeskus","isPartOf":{"@id":"https:\/\/www.hoolekandeteenused.ee\/majutuskeskus\/en\/#website"},"primaryImageOfPage":{"@id":"https:\/\/www.hoolekandeteenused.ee\/majutuskeskus\/varjupaigast\/amif-projektid\/#primaryimage"},"image":{"@id":"https:\/\/www.hoolekandeteenused.ee\/majutuskeskus\/varjupaigast\/amif-projektid\/#primaryimage"},"thumbnailUrl":"https:\/\/pilv.rtk.ee\/apps\/files_sharing\/publicpreview\/PyTbWe6XLpewkH5?file=\/Kaasrahastanud%20EL%20kaksiklogod%20EST\/Horisontaalne\/Kaasrahastanud_EL_Sisemin_EST_hor_color_RGB.jpg&amp;fileId=81333&amp;x=1920&amp;y=1080&amp;a=true&amp;etag=b26e0f6470daa24dc51fcb8adba9605a","datePublished":"2018-11-09T08:50:07+00:00","dateModified":"2025-06-26T08:15:13+00:00","breadcrumb":{"@id":"https:\/\/www.hoolekandeteenused.ee\/majutuskeskus\/varjupaigast\/amif-projektid\/#breadcrumb"},"inLanguage":"et","potentialAction":[{"@type":"ReadAction","target":["https:\/\/www.hoolekandeteenused.ee\/majutuskeskus\/varjupaigast\/amif-projektid\/"]}]},{"@type":"ImageObject","inLanguage":"et","@id":"https:\/\/www.hoolekandeteenused.ee\/majutuskeskus\/varjupaigast\/amif-projektid\/#primaryimage","url":"https:\/\/pilv.rtk.ee\/apps\/files_sharing\/publicpreview\/PyTbWe6XLpewkH5?file=\/Kaasrahastanud%20EL%20kaksiklogod%20EST\/Horisontaalne\/Kaasrahastanud_EL_Sisemin_EST_hor_color_RGB.jpg&amp;fileId=81333&amp;x=1920&amp;y=1080&amp;a=true&amp;etag=b26e0f6470daa24dc51fcb8adba9605a","contentUrl":"https:\/\/pilv.rtk.ee\/apps\/files_sharing\/publicpreview\/PyTbWe6XLpewkH5?file=\/Kaasrahastanud%20EL%20kaksiklogod%20EST\/Horisontaalne\/Kaasrahastanud_EL_Sisemin_EST_hor_color_RGB.jpg&amp;fileId=81333&amp;x=1920&amp;y=1080&amp;a=true&amp;etag=b26e0f6470daa24dc51fcb8adba9605a"},{"@type":"BreadcrumbList","@id":"https:\/\/www.hoolekandeteenused.ee\/majutuskeskus\/varjupaigast\/amif-projektid\/#breadcrumb","itemListElement":[{"@type":"ListItem","position":1,"name":"Home","item":"https:\/\/www.hoolekandeteenused.ee\/majutuskeskus\/"},{"@type":"ListItem","position":2,"name":"Varjupaigast","item":"https:\/\/www.hoolekandeteenused.ee\/majutuskeskus\/varjupaigast\/"},{"@type":"ListItem","position":3,"name":"AMIF projektid"}]},{"@type":"WebSite","@id":"https:\/\/www.hoolekandeteenused.ee\/majutuskeskus\/en\/#website","url":"https:\/\/www.hoolekandeteenused.ee\/majutuskeskus\/en\/","name":"Varjupaigataotlejate Majutuskeskus","description":"Just another Hoolekandeteenused site","potentialAction":[{"@type":"SearchAction","target":{"@type":"EntryPoint","urlTemplate":"https:\/\/www.hoolekandeteenused.ee\/majutuskeskus\/en\/?s={search_term_string}"},"query-input":{"@type":"PropertyValueSpecification","valueRequired":true,"valueName":"search_term_string"}}],"inLanguage":"et"}]}},"_links":{"self":[{"href":"https:\/\/www.hoolekandeteenused.ee\/majutuskeskus\/wp-json\/wp\/v2\/pages\/113","targetHints":{"allow":["GET"]}}],"collection":[{"href":"https:\/\/www.hoolekandeteenused.ee\/majutuskeskus\/wp-json\/wp\/v2\/pages"}],"about":[{"href":"https:\/\/www.hoolekandeteenused.ee\/majutuskeskus\/wp-json\/wp\/v2\/types\/page"}],"author":[{"embeddable":true,"href":"https:\/\/www.hoolekandeteenused.ee\/majutuskeskus\/wp-json\/wp\/v2\/users\/1"}],"replies":[{"embeddable":true,"href":"https:\/\/www.hoolekandeteenused.ee\/majutuskeskus\/wp-json\/wp\/v2\/comments?post=113"}],"version-history":[{"count":34,"href":"https:\/\/www.hoolekandeteenused.ee\/majutuskeskus\/wp-json\/wp\/v2\/pages\/113\/revisions"}],"predecessor-version":[{"id":611,"href":"https:\/\/www.hoolekandeteenused.ee\/majutuskeskus\/wp-json\/wp\/v2\/pages\/113\/revisions\/611"}],"up":[{"embeddable":true,"href":"https:\/\/www.hoolekandeteenused.ee\/majutuskeskus\/wp-json\/wp\/v2\/pages\/105"}],"wp:attachment":[{"href":"https:\/\/www.hoolekandeteenused.ee\/majutuskeskus\/wp-json\/wp\/v2\/media?parent=113"}],"curies":[{"name":"wp","href":"https:\/\/api.w.org\/{rel}","templated":true}]}}