{"id":117,"date":"2018-11-09T08:50:53","date_gmt":"2018-11-09T08:50:53","guid":{"rendered":"http:\/\/www.hoolekandeteenused.ee\/majutuskeskus\/?page_id=117"},"modified":"2025-06-27T10:42:12","modified_gmt":"2025-06-27T10:42:12","slug":"kontaktid","status":"publish","type":"page","link":"https:\/\/www.hoolekandeteenused.ee\/majutuskeskus\/kontaktid\/","title":{"rendered":"Kontaktid"},"content":{"rendered":"<p><strong>Vao Keskus<\/strong><br \/>\nPargi 5<br \/>\nVao k\u00fcla<br \/>\nV\u00e4ike-Maarja vald<br \/>\n46230\u00a0L\u00e4\u00e4ne-Virumaa<\/p>\n<p>Telefon: 324 5440<\/p>\n<p>E-post:\u00a0<a href=\"mailto:vaokeskus@hoolekandeteenused.ee\">vaokeskus@hoolekandeteenused.ee<\/a><\/p>\n<p><strong>Keskuse juht<\/strong>: Jana Selesneva<br \/>\nTelefon: +372 5301 9763<br \/>\nE-post: jana.selesneva@hoolekandeteenused.ee<\/p>\n<p><strong>Sotsiaalt\u00f6\u00f6taja<\/strong>: Kristo Burk<br \/>\nTelefon: +372 520 3867<br \/>\nE-post: kristo.burk@hoolekandeteenused.ee<\/p>\n<p><strong>Vabaaja ja t\u00f6\u00f6tegevuste koordinaator: <\/strong>Juliana Baidu\u017ea<br \/>\nTelefon: +372 519 15360<br \/>\nE-post: juliana.baiduza@hoolekandeteenused.ee<\/p>\n<p><strong>Tugiisikuteenuse koordinaator: <\/strong>Raili R\u00fc\u00fctel<br \/>\nTelefon: +372 507 3309<br \/>\nE-post: raili.ryytel@hoolekandeteenused.ee<\/p>\n<p><strong>V\u00e4geva \u00fcksus<\/strong><br \/>\nSelli k\u00fcla<br \/>\nJ\u00f5geva vald<br \/>\n48429 J\u00f5geva maakond<br \/>\nTelefon\u00a0<span class=\"skype_c2c_print_container\">+372 5302 2867<\/span><br \/>\nE-post: vaokeskus@hoolekandeteenused.ee<\/p>\n<p><strong>V\u00e4geva \u00fcksuse sotsiaalt\u00f6\u00f6taja<\/strong>: Vaido K\u00fctt<br \/>\nTelefon: +372 5302 2867<br \/>\nE-post: vaido.kytt@hoolekandeteenused.ee<\/p>\n<div><\/div>\n<div><\/div>\n<div><\/div>\n","protected":false},"excerpt":{"rendered":"<p>Vao Keskus Pargi 5 Vao k\u00fcla V\u00e4ike-Maarja vald 46230\u00a0L\u00e4\u00e4ne-Virumaa Telefon: 324 5440 E-post:\u00a0vaokeskus@hoolekandeteenused.ee Keskuse juht: Jana Selesneva Telefon: +372 5301 9763 E-post: jana.selesneva@hoolekandeteenused.ee Sotsiaalt\u00f6\u00f6taja: Kristo Burk Telefon: +372 520 3867 E-post: kristo.burk@hoolekandeteenused.ee Vabaaja ja t\u00f6\u00f6tegevuste koordinaator: Juliana Baidu\u017ea Telefon: +372 519 15360 E-post: juliana.baiduza@hoolekandeteenused.ee Tugiisikuteenuse koordinaator: Raili R\u00fc\u00fctel Telefon: +372 507 3309 E-post: raili.ryytel@hoolekandeteenused.ee V\u00e4geva &hellip; <a href=\"https:\/\/www.hoolekandeteenused.ee\/majutuskeskus\/kontaktid\/\" class=\"more-link\">Loe edasi<span class=\"screen-reader-text\"> &#8220;Kontaktid&#8221;<\/span><\/a><\/p>\n","protected":false},"author":1,"featured_media":0,"parent":0,"menu_order":0,"comment_status":"closed","ping_status":"closed","template":"textpage.php","meta":{"_acf_changed":false,"footnotes":""},"class_list":["post-117","page","type-page","status-publish","hentry"],"acf":[],"yoast_head":"<!-- This site is optimized with the Yoast SEO plugin v27.1.1 - https:\/\/yoast.com\/product\/yoast-seo-wordpress\/ -->\n<title>Kontaktid - Varjupaigataotlejate Majutuskeskus<\/title>\n<meta name=\"robots\" content=\"index, follow, max-snippet:-1, max-image-preview:large, max-video-preview:-1\" \/>\n<link rel=\"canonical\" href=\"https:\/\/www.hoolekandeteenused.ee\/majutuskeskus\/kontaktid\/\" \/>\n<meta property=\"og:locale\" content=\"et_EE\" \/>\n<meta property=\"og:type\" content=\"article\" \/>\n<meta property=\"og:title\" content=\"Kontaktid - Varjupaigataotlejate Majutuskeskus\" \/>\n<meta property=\"og:description\" content=\"Vao Keskus Pargi 5 Vao k\u00fcla V\u00e4ike-Maarja vald 46230\u00a0L\u00e4\u00e4ne-Virumaa Telefon: 324 5440 E-post:\u00a0vaokeskus@hoolekandeteenused.ee Keskuse juht: Jana Selesneva Telefon: +372 5301 9763 E-post: jana.selesneva@hoolekandeteenused.ee Sotsiaalt\u00f6\u00f6taja: Kristo Burk Telefon: +372 520 3867 E-post: kristo.burk@hoolekandeteenused.ee Vabaaja ja t\u00f6\u00f6tegevuste koordinaator: Juliana Baidu\u017ea Telefon: +372 519 15360 E-post: juliana.baiduza@hoolekandeteenused.ee Tugiisikuteenuse koordinaator: Raili R\u00fc\u00fctel Telefon: +372 507 3309 E-post: raili.ryytel@hoolekandeteenused.ee V\u00e4geva &hellip; Loe edasi &quot;Kontaktid&quot;\" \/>\n<meta property=\"og:url\" content=\"https:\/\/www.hoolekandeteenused.ee\/majutuskeskus\/kontaktid\/\" \/>\n<meta property=\"og:site_name\" content=\"Varjupaigataotlejate Majutuskeskus\" \/>\n<meta property=\"article:modified_time\" content=\"2025-06-27T10:42:12+00:00\" \/>\n<meta name=\"twitter:card\" content=\"summary_large_image\" \/>\n<meta name=\"twitter:label1\" content=\"Est. reading time\" \/>\n\t<meta name=\"twitter:data1\" content=\"1 minut\" \/>\n<script type=\"application\/ld+json\" class=\"yoast-schema-graph\">{\"@context\":\"https:\/\/schema.org\",\"@graph\":[{\"@type\":\"WebPage\",\"@id\":\"https:\/\/www.hoolekandeteenused.ee\/majutuskeskus\/kontaktid\/\",\"url\":\"https:\/\/www.hoolekandeteenused.ee\/majutuskeskus\/kontaktid\/\",\"name\":\"Kontaktid - Varjupaigataotlejate Majutuskeskus\",\"isPartOf\":{\"@id\":\"https:\/\/www.hoolekandeteenused.ee\/majutuskeskus\/en\/#website\"},\"datePublished\":\"2018-11-09T08:50:53+00:00\",\"dateModified\":\"2025-06-27T10:42:12+00:00\",\"breadcrumb\":{\"@id\":\"https:\/\/www.hoolekandeteenused.ee\/majutuskeskus\/kontaktid\/#breadcrumb\"},\"inLanguage\":\"et\",\"potentialAction\":[{\"@type\":\"ReadAction\",\"target\":[\"https:\/\/www.hoolekandeteenused.ee\/majutuskeskus\/kontaktid\/\"]}]},{\"@type\":\"BreadcrumbList\",\"@id\":\"https:\/\/www.hoolekandeteenused.ee\/majutuskeskus\/kontaktid\/#breadcrumb\",\"itemListElement\":[{\"@type\":\"ListItem\",\"position\":1,\"name\":\"Home\",\"item\":\"https:\/\/www.hoolekandeteenused.ee\/majutuskeskus\/\"},{\"@type\":\"ListItem\",\"position\":2,\"name\":\"Kontaktid\"}]},{\"@type\":\"WebSite\",\"@id\":\"https:\/\/www.hoolekandeteenused.ee\/majutuskeskus\/en\/#website\",\"url\":\"https:\/\/www.hoolekandeteenused.ee\/majutuskeskus\/en\/\",\"name\":\"Varjupaigataotlejate Majutuskeskus\",\"description\":\"Just another Hoolekandeteenused site\",\"potentialAction\":[{\"@type\":\"SearchAction\",\"target\":{\"@type\":\"EntryPoint\",\"urlTemplate\":\"https:\/\/www.hoolekandeteenused.ee\/majutuskeskus\/en\/?s={search_term_string}\"},\"query-input\":{\"@type\":\"PropertyValueSpecification\",\"valueRequired\":true,\"valueName\":\"search_term_string\"}}],\"inLanguage\":\"et\"}]}<\/script>\n<!-- \/ Yoast SEO plugin. -->","yoast_head_json":{"title":"Kontaktid - Varjupaigataotlejate Majutuskeskus","robots":{"index":"index","follow":"follow","max-snippet":"max-snippet:-1","max-image-preview":"max-image-preview:large","max-video-preview":"max-video-preview:-1"},"canonical":"https:\/\/www.hoolekandeteenused.ee\/majutuskeskus\/kontaktid\/","og_locale":"et_EE","og_type":"article","og_title":"Kontaktid - Varjupaigataotlejate Majutuskeskus","og_description":"Vao Keskus Pargi 5 Vao k\u00fcla V\u00e4ike-Maarja vald 46230\u00a0L\u00e4\u00e4ne-Virumaa Telefon: 324 5440 E-post:\u00a0vaokeskus@hoolekandeteenused.ee Keskuse juht: Jana Selesneva Telefon: +372 5301 9763 E-post: jana.selesneva@hoolekandeteenused.ee Sotsiaalt\u00f6\u00f6taja: Kristo Burk Telefon: +372 520 3867 E-post: kristo.burk@hoolekandeteenused.ee Vabaaja ja t\u00f6\u00f6tegevuste koordinaator: Juliana Baidu\u017ea Telefon: +372 519 15360 E-post: juliana.baiduza@hoolekandeteenused.ee Tugiisikuteenuse koordinaator: Raili R\u00fc\u00fctel Telefon: +372 507 3309 E-post: raili.ryytel@hoolekandeteenused.ee V\u00e4geva &hellip; Loe edasi \"Kontaktid\"","og_url":"https:\/\/www.hoolekandeteenused.ee\/majutuskeskus\/kontaktid\/","og_site_name":"Varjupaigataotlejate Majutuskeskus","article_modified_time":"2025-06-27T10:42:12+00:00","twitter_card":"summary_large_image","twitter_misc":{"Est. reading time":"1 minut"},"schema":{"@context":"https:\/\/schema.org","@graph":[{"@type":"WebPage","@id":"https:\/\/www.hoolekandeteenused.ee\/majutuskeskus\/kontaktid\/","url":"https:\/\/www.hoolekandeteenused.ee\/majutuskeskus\/kontaktid\/","name":"Kontaktid - Varjupaigataotlejate Majutuskeskus","isPartOf":{"@id":"https:\/\/www.hoolekandeteenused.ee\/majutuskeskus\/en\/#website"},"datePublished":"2018-11-09T08:50:53+00:00","dateModified":"2025-06-27T10:42:12+00:00","breadcrumb":{"@id":"https:\/\/www.hoolekandeteenused.ee\/majutuskeskus\/kontaktid\/#breadcrumb"},"inLanguage":"et","potentialAction":[{"@type":"ReadAction","target":["https:\/\/www.hoolekandeteenused.ee\/majutuskeskus\/kontaktid\/"]}]},{"@type":"BreadcrumbList","@id":"https:\/\/www.hoolekandeteenused.ee\/majutuskeskus\/kontaktid\/#breadcrumb","itemListElement":[{"@type":"ListItem","position":1,"name":"Home","item":"https:\/\/www.hoolekandeteenused.ee\/majutuskeskus\/"},{"@type":"ListItem","position":2,"name":"Kontaktid"}]},{"@type":"WebSite","@id":"https:\/\/www.hoolekandeteenused.ee\/majutuskeskus\/en\/#website","url":"https:\/\/www.hoolekandeteenused.ee\/majutuskeskus\/en\/","name":"Varjupaigataotlejate Majutuskeskus","description":"Just another Hoolekandeteenused site","potentialAction":[{"@type":"SearchAction","target":{"@type":"EntryPoint","urlTemplate":"https:\/\/www.hoolekandeteenused.ee\/majutuskeskus\/en\/?s={search_term_string}"},"query-input":{"@type":"PropertyValueSpecification","valueRequired":true,"valueName":"search_term_string"}}],"inLanguage":"et"}]}},"_links":{"self":[{"href":"https:\/\/www.hoolekandeteenused.ee\/majutuskeskus\/wp-json\/wp\/v2\/pages\/117","targetHints":{"allow":["GET"]}}],"collection":[{"href":"https:\/\/www.hoolekandeteenused.ee\/majutuskeskus\/wp-json\/wp\/v2\/pages"}],"about":[{"href":"https:\/\/www.hoolekandeteenused.ee\/majutuskeskus\/wp-json\/wp\/v2\/types\/page"}],"author":[{"embeddable":true,"href":"https:\/\/www.hoolekandeteenused.ee\/majutuskeskus\/wp-json\/wp\/v2\/users\/1"}],"replies":[{"embeddable":true,"href":"https:\/\/www.hoolekandeteenused.ee\/majutuskeskus\/wp-json\/wp\/v2\/comments?post=117"}],"version-history":[{"count":17,"href":"https:\/\/www.hoolekandeteenused.ee\/majutuskeskus\/wp-json\/wp\/v2\/pages\/117\/revisions"}],"predecessor-version":[{"id":615,"href":"https:\/\/www.hoolekandeteenused.ee\/majutuskeskus\/wp-json\/wp\/v2\/pages\/117\/revisions\/615"}],"wp:attachment":[{"href":"https:\/\/www.hoolekandeteenused.ee\/majutuskeskus\/wp-json\/wp\/v2\/media?parent=117"}],"curies":[{"name":"wp","href":"https:\/\/api.w.org\/{rel}","templated":true}]}}