{"id":94,"date":"2018-11-09T08:42:09","date_gmt":"2018-11-09T08:42:09","guid":{"rendered":"http:\/\/www.hoolekandeteenused.ee\/majutuskeskus\/?page_id=94"},"modified":"2026-04-28T12:26:20","modified_gmt":"2026-04-28T12:26:20","slug":"avaleht","status":"publish","type":"page","link":"https:\/\/www.hoolekandeteenused.ee\/majutuskeskus\/","title":{"rendered":"Avaleht"},"content":{"rendered":"\n<p>Varjupaigataotlejate\nMajutuskeskuse (Vao Keskus ja V\u00e4geva Keskus) \u00fclesanne on varjupaigataotlejate\nmajutuskeskuse teenuse ja rahvusvahelise kaitse saajate kohalikesse\nomavalitsustesse elama asumise korraldamine. <\/p>\n\n\n\n<p>Keskus korraldab\nvarjupaigataotlejate majutamist ja muid toimetulekuv\u00f5imet toetavaid ja\ns\u00e4ilitavaid teenuseid isiku rahvusvahelise kaitse menetluse ajal. Aitame neil\nerinevate tegevuste kaudu Eesti eluga kohaneda, \u00f5ppida eesti keelt ja kombeid,\nleida kooli- ja t\u00f6\u00f6kohti ning suhelda ametiasutustega.<\/p>\n\n\n\n<p>Majutuskeskuses\npakutakse kolmel korral n\u00e4dalas eesti keele \u00f5ppimise v\u00f5imalust ja praktika\nn\u00e4itab, et koolitustel osalejad on v\u00f5imelised juba peale 3-4 kuud eesti keeles\nsuhtlema.<\/p>\n\n\n\n<p>Neljal korral\nkuus toimub keskustes \u201cKohanemiskohvik\u201d. See on programm, mis annab mujalt\nsaabunud isikutele erinevatest valdkondadest teadmisi: traditsioonid, kultuur,\n\u00f5ppimine, kliima jne. <\/p>\n\n\n\n<p>T\u00f6\u00f6tegevuste\njuhendaja abil antakse elanikele teadmisi Eestis toimivast t\u00f6\u00f6turust ning\nsellest, kuidas leida sobivat t\u00f6\u00f6d.<strong><\/strong><\/p>\n\n\n\n<p>Vao Keskuses osutatakse teenust korraga kuni 70-le rahvusvahelise kaitse taotlejale\/ rahvusvahelise kaitse saanud isikule ja Vao Keskuse V\u00e4geva \u00fcksuses  30-le isikule. Erandolukorras suudame 24 tunni jooksul teavitamisest alates tagada kuni 150-le inimesele majutuse, samuti transpordi liikumiseks \u00fcksuste vahel.<\/p>\n\n\n\n<p>AS Hoolekandeteenused osutab majutuskeskuse teenust Sotsiaalkindlustusametiga s\u00f5lmitud halduslepingu alusel.<\/p>\n\n\n\n<h2 class=\"wp-block-heading\" id=\"koostoopartnerid\"><strong>Koost\u00f6\u00f6partnerid<\/strong><\/h2>\n\n\n\n<ul class=\"wp-block-list\">\n<li>Politsei-\nja piirivalveamet<\/li>\n\n\n\n<li>Sise-,\nsotsiaal-, haridus- ja teadusministeerium<\/li>\n\n\n\n<li>Rahvusvaheline\nMigratsiooni Organisatsioon (kultuurilise orientatsiooni koolitus, vabatahtlike\ntagasip\u00f6\u00f6rdujate abistamine)<\/li>\n\n\n\n<li>Vaba\u00fchendused, kes tegelevad pagulastega (t\u00f5lkimine, tugiisikud, \u00fchistegevused jms) \u2013 Eesti Pagulasabi, Inim\u00f5iguste Keskus jt<\/li>\n<\/ul>\n","protected":false},"excerpt":{"rendered":"<p>Varjupaigataotlejate Majutuskeskuse (Vao Keskus ja V\u00e4geva Keskus) \u00fclesanne on varjupaigataotlejate majutuskeskuse teenuse ja rahvusvahelise kaitse saajate kohalikesse omavalitsustesse elama asumise korraldamine. Keskus korraldab varjupaigataotlejate majutamist ja muid toimetulekuv\u00f5imet toetavaid ja s\u00e4ilitavaid teenuseid isiku rahvusvahelise kaitse menetluse ajal. Aitame neil erinevate tegevuste kaudu Eesti eluga kohaneda, \u00f5ppida eesti keelt ja kombeid, leida kooli- ja t\u00f6\u00f6kohti ning &hellip; <a href=\"https:\/\/www.hoolekandeteenused.ee\/majutuskeskus\/\" class=\"more-link\">Loe edasi<span class=\"screen-reader-text\"> &#8220;Avaleht&#8221;<\/span><\/a><\/p>\n","protected":false},"author":1,"featured_media":227,"parent":0,"menu_order":0,"comment_status":"closed","ping_status":"closed","template":"page-majutuskeskus_index.php","meta":{"_acf_changed":false,"footnotes":""},"class_list":["post-94","page","type-page","status-publish","has-post-thumbnail","hentry"],"acf":[],"yoast_head":"<!-- This site is optimized with the Yoast SEO plugin v27.5 - https:\/\/yoast.com\/product\/yoast-seo-wordpress\/ -->\n<title>Avaleht - Varjupaigataotlejate Majutuskeskus<\/title>\n<meta name=\"robots\" content=\"index, follow, max-snippet:-1, max-image-preview:large, max-video-preview:-1\" \/>\n<link rel=\"canonical\" href=\"https:\/\/www.hoolekandeteenused.ee\/majutuskeskus\/\" \/>\n<meta property=\"og:locale\" content=\"et_EE\" \/>\n<meta property=\"og:type\" content=\"article\" \/>\n<meta property=\"og:title\" content=\"Avaleht - Varjupaigataotlejate Majutuskeskus\" \/>\n<meta property=\"og:description\" content=\"Varjupaigataotlejate Majutuskeskuse (Vao Keskus ja V\u00e4geva Keskus) \u00fclesanne on varjupaigataotlejate majutuskeskuse teenuse ja rahvusvahelise kaitse saajate kohalikesse omavalitsustesse elama asumise korraldamine. Keskus korraldab varjupaigataotlejate majutamist ja muid toimetulekuv\u00f5imet toetavaid ja s\u00e4ilitavaid teenuseid isiku rahvusvahelise kaitse menetluse ajal. Aitame neil erinevate tegevuste kaudu Eesti eluga kohaneda, \u00f5ppida eesti keelt ja kombeid, leida kooli- ja t\u00f6\u00f6kohti ning &hellip; Loe edasi &quot;Avaleht&quot;\" \/>\n<meta property=\"og:url\" content=\"https:\/\/www.hoolekandeteenused.ee\/majutuskeskus\/\" \/>\n<meta property=\"og:site_name\" content=\"Varjupaigataotlejate Majutuskeskus\" \/>\n<meta property=\"article:modified_time\" content=\"2026-04-28T12:26:20+00:00\" \/>\n<meta property=\"og:image\" content=\"https:\/\/www.hoolekandeteenused.ee\/majutuskeskus\/wp-content\/uploads\/sites\/3\/2019\/03\/P6164451-e1551704080592.jpg\" \/>\n\t<meta property=\"og:image:width\" content=\"4608\" \/>\n\t<meta property=\"og:image:height\" content=\"1416\" \/>\n\t<meta property=\"og:image:type\" content=\"image\/jpeg\" \/>\n<meta name=\"twitter:card\" content=\"summary_large_image\" \/>\n<meta name=\"twitter:label1\" content=\"Est. reading time\" \/>\n\t<meta name=\"twitter:data1\" content=\"2 minutit\" \/>\n<script type=\"application\/ld+json\" class=\"yoast-schema-graph\">{\"@context\":\"https:\\\/\\\/schema.org\",\"@graph\":[{\"@type\":\"WebPage\",\"@id\":\"https:\\\/\\\/www.hoolekandeteenused.ee\\\/majutuskeskus\\\/\",\"url\":\"https:\\\/\\\/www.hoolekandeteenused.ee\\\/majutuskeskus\\\/\",\"name\":\"Avaleht - Varjupaigataotlejate Majutuskeskus\",\"isPartOf\":{\"@id\":\"https:\\\/\\\/www.hoolekandeteenused.ee\\\/majutuskeskus\\\/en\\\/#website\"},\"primaryImageOfPage\":{\"@id\":\"https:\\\/\\\/www.hoolekandeteenused.ee\\\/majutuskeskus\\\/#primaryimage\"},\"image\":{\"@id\":\"https:\\\/\\\/www.hoolekandeteenused.ee\\\/majutuskeskus\\\/#primaryimage\"},\"thumbnailUrl\":\"https:\\\/\\\/www.hoolekandeteenused.ee\\\/majutuskeskus\\\/wp-content\\\/uploads\\\/sites\\\/3\\\/2019\\\/03\\\/P6164451-e1551704080592.jpg\",\"datePublished\":\"2018-11-09T08:42:09+00:00\",\"dateModified\":\"2026-04-28T12:26:20+00:00\",\"breadcrumb\":{\"@id\":\"https:\\\/\\\/www.hoolekandeteenused.ee\\\/majutuskeskus\\\/#breadcrumb\"},\"inLanguage\":\"et\",\"potentialAction\":[{\"@type\":\"ReadAction\",\"target\":[\"https:\\\/\\\/www.hoolekandeteenused.ee\\\/majutuskeskus\\\/\"]}]},{\"@type\":\"ImageObject\",\"inLanguage\":\"et\",\"@id\":\"https:\\\/\\\/www.hoolekandeteenused.ee\\\/majutuskeskus\\\/#primaryimage\",\"url\":\"https:\\\/\\\/www.hoolekandeteenused.ee\\\/majutuskeskus\\\/wp-content\\\/uploads\\\/sites\\\/3\\\/2019\\\/03\\\/P6164451-e1551704080592.jpg\",\"contentUrl\":\"https:\\\/\\\/www.hoolekandeteenused.ee\\\/majutuskeskus\\\/wp-content\\\/uploads\\\/sites\\\/3\\\/2019\\\/03\\\/P6164451-e1551704080592.jpg\",\"width\":4608,\"height\":1416,\"caption\":\"OLYMPUS DIGITAL CAMERA\"},{\"@type\":\"BreadcrumbList\",\"@id\":\"https:\\\/\\\/www.hoolekandeteenused.ee\\\/majutuskeskus\\\/#breadcrumb\",\"itemListElement\":[{\"@type\":\"ListItem\",\"position\":1,\"name\":\"Home\",\"item\":\"https:\\\/\\\/www.hoolekandeteenused.ee\\\/majutuskeskus\\\/\"},{\"@type\":\"ListItem\",\"position\":2,\"name\":\"Avaleht\"}]},{\"@type\":\"WebSite\",\"@id\":\"https:\\\/\\\/www.hoolekandeteenused.ee\\\/majutuskeskus\\\/en\\\/#website\",\"url\":\"https:\\\/\\\/www.hoolekandeteenused.ee\\\/majutuskeskus\\\/en\\\/\",\"name\":\"Varjupaigataotlejate Majutuskeskus\",\"description\":\"Just another Hoolekandeteenused site\",\"potentialAction\":[{\"@type\":\"SearchAction\",\"target\":{\"@type\":\"EntryPoint\",\"urlTemplate\":\"https:\\\/\\\/www.hoolekandeteenused.ee\\\/majutuskeskus\\\/en\\\/?s={search_term_string}\"},\"query-input\":{\"@type\":\"PropertyValueSpecification\",\"valueRequired\":true,\"valueName\":\"search_term_string\"}}],\"inLanguage\":\"et\"}]}<\/script>\n<!-- \/ Yoast SEO plugin. -->","yoast_head_json":{"title":"Avaleht - Varjupaigataotlejate Majutuskeskus","robots":{"index":"index","follow":"follow","max-snippet":"max-snippet:-1","max-image-preview":"max-image-preview:large","max-video-preview":"max-video-preview:-1"},"canonical":"https:\/\/www.hoolekandeteenused.ee\/majutuskeskus\/","og_locale":"et_EE","og_type":"article","og_title":"Avaleht - Varjupaigataotlejate Majutuskeskus","og_description":"Varjupaigataotlejate Majutuskeskuse (Vao Keskus ja V\u00e4geva Keskus) \u00fclesanne on varjupaigataotlejate majutuskeskuse teenuse ja rahvusvahelise kaitse saajate kohalikesse omavalitsustesse elama asumise korraldamine. Keskus korraldab varjupaigataotlejate majutamist ja muid toimetulekuv\u00f5imet toetavaid ja s\u00e4ilitavaid teenuseid isiku rahvusvahelise kaitse menetluse ajal. Aitame neil erinevate tegevuste kaudu Eesti eluga kohaneda, \u00f5ppida eesti keelt ja kombeid, leida kooli- ja t\u00f6\u00f6kohti ning &hellip; Loe edasi \"Avaleht\"","og_url":"https:\/\/www.hoolekandeteenused.ee\/majutuskeskus\/","og_site_name":"Varjupaigataotlejate Majutuskeskus","article_modified_time":"2026-04-28T12:26:20+00:00","og_image":[{"width":4608,"height":1416,"url":"https:\/\/www.hoolekandeteenused.ee\/majutuskeskus\/wp-content\/uploads\/sites\/3\/2019\/03\/P6164451-e1551704080592.jpg","type":"image\/jpeg"}],"twitter_card":"summary_large_image","twitter_misc":{"Est. reading time":"2 minutit"},"schema":{"@context":"https:\/\/schema.org","@graph":[{"@type":"WebPage","@id":"https:\/\/www.hoolekandeteenused.ee\/majutuskeskus\/","url":"https:\/\/www.hoolekandeteenused.ee\/majutuskeskus\/","name":"Avaleht - Varjupaigataotlejate Majutuskeskus","isPartOf":{"@id":"https:\/\/www.hoolekandeteenused.ee\/majutuskeskus\/en\/#website"},"primaryImageOfPage":{"@id":"https:\/\/www.hoolekandeteenused.ee\/majutuskeskus\/#primaryimage"},"image":{"@id":"https:\/\/www.hoolekandeteenused.ee\/majutuskeskus\/#primaryimage"},"thumbnailUrl":"https:\/\/www.hoolekandeteenused.ee\/majutuskeskus\/wp-content\/uploads\/sites\/3\/2019\/03\/P6164451-e1551704080592.jpg","datePublished":"2018-11-09T08:42:09+00:00","dateModified":"2026-04-28T12:26:20+00:00","breadcrumb":{"@id":"https:\/\/www.hoolekandeteenused.ee\/majutuskeskus\/#breadcrumb"},"inLanguage":"et","potentialAction":[{"@type":"ReadAction","target":["https:\/\/www.hoolekandeteenused.ee\/majutuskeskus\/"]}]},{"@type":"ImageObject","inLanguage":"et","@id":"https:\/\/www.hoolekandeteenused.ee\/majutuskeskus\/#primaryimage","url":"https:\/\/www.hoolekandeteenused.ee\/majutuskeskus\/wp-content\/uploads\/sites\/3\/2019\/03\/P6164451-e1551704080592.jpg","contentUrl":"https:\/\/www.hoolekandeteenused.ee\/majutuskeskus\/wp-content\/uploads\/sites\/3\/2019\/03\/P6164451-e1551704080592.jpg","width":4608,"height":1416,"caption":"OLYMPUS DIGITAL CAMERA"},{"@type":"BreadcrumbList","@id":"https:\/\/www.hoolekandeteenused.ee\/majutuskeskus\/#breadcrumb","itemListElement":[{"@type":"ListItem","position":1,"name":"Home","item":"https:\/\/www.hoolekandeteenused.ee\/majutuskeskus\/"},{"@type":"ListItem","position":2,"name":"Avaleht"}]},{"@type":"WebSite","@id":"https:\/\/www.hoolekandeteenused.ee\/majutuskeskus\/en\/#website","url":"https:\/\/www.hoolekandeteenused.ee\/majutuskeskus\/en\/","name":"Varjupaigataotlejate Majutuskeskus","description":"Just another Hoolekandeteenused site","potentialAction":[{"@type":"SearchAction","target":{"@type":"EntryPoint","urlTemplate":"https:\/\/www.hoolekandeteenused.ee\/majutuskeskus\/en\/?s={search_term_string}"},"query-input":{"@type":"PropertyValueSpecification","valueRequired":true,"valueName":"search_term_string"}}],"inLanguage":"et"}]}},"_links":{"self":[{"href":"https:\/\/www.hoolekandeteenused.ee\/majutuskeskus\/wp-json\/wp\/v2\/pages\/94","targetHints":{"allow":["GET"]}}],"collection":[{"href":"https:\/\/www.hoolekandeteenused.ee\/majutuskeskus\/wp-json\/wp\/v2\/pages"}],"about":[{"href":"https:\/\/www.hoolekandeteenused.ee\/majutuskeskus\/wp-json\/wp\/v2\/types\/page"}],"author":[{"embeddable":true,"href":"https:\/\/www.hoolekandeteenused.ee\/majutuskeskus\/wp-json\/wp\/v2\/users\/1"}],"replies":[{"embeddable":true,"href":"https:\/\/www.hoolekandeteenused.ee\/majutuskeskus\/wp-json\/wp\/v2\/comments?post=94"}],"version-history":[{"count":111,"href":"https:\/\/www.hoolekandeteenused.ee\/majutuskeskus\/wp-json\/wp\/v2\/pages\/94\/revisions"}],"predecessor-version":[{"id":641,"href":"https:\/\/www.hoolekandeteenused.ee\/majutuskeskus\/wp-json\/wp\/v2\/pages\/94\/revisions\/641"}],"wp:featuredmedia":[{"embeddable":true,"href":"https:\/\/www.hoolekandeteenused.ee\/majutuskeskus\/wp-json\/wp\/v2\/media\/227"}],"wp:attachment":[{"href":"https:\/\/www.hoolekandeteenused.ee\/majutuskeskus\/wp-json\/wp\/v2\/media?parent=94"}],"curies":[{"name":"wp","href":"https:\/\/api.w.org\/{rel}","templated":true}]}}